{"id":3772,"date":"2024-10-28T13:16:32","date_gmt":"2024-10-28T12:16:32","guid":{"rendered":"https:\/\/cerdafabrics.com\/rechtlicher-hinweis\/"},"modified":"2026-02-16T11:33:34","modified_gmt":"2026-02-16T10:33:34","slug":"rechtlicher-hinweis","status":"publish","type":"page","link":"https:\/\/cerdafabrics.com\/de\/rechtlicher-hinweis\/","title":{"rendered":"Rechtlicher Hinweis"},"content":{"rendered":"\t\t<div data-elementor-type=\"wp-page\" data-elementor-id=\"3772\" class=\"elementor elementor-3772 elementor-11\" data-elementor-post-type=\"page\">\n\t\t\t\t<div class=\"elementor-element elementor-element-2eae973 e-con-full e-flex elementor-invisible e-con e-parent\" data-id=\"2eae973\" data-element_type=\"container\" data-settings=\"{&quot;background_background&quot;:&quot;classic&quot;,&quot;animation&quot;:&quot;fadeIn&quot;}\">\n\t\t\t\t<div class=\"elementor-element elementor-element-3413377 elementor-widget elementor-widget-heading\" data-id=\"3413377\" data-element_type=\"widget\" data-widget_type=\"heading.default\">\n\t\t\t\t<div class=\"elementor-widget-container\">\n\t\t\t\t\t<h1 class=\"elementor-heading-title elementor-size-default\">Rechtlicher Hinweis<\/h1>\t\t\t\t<\/div>\n\t\t\t\t<\/div>\n\t\t\t\t<\/div>\n\t\t<div class=\"elementor-element elementor-element-10295310 e-flex e-con-boxed e-con e-parent\" data-id=\"10295310\" data-element_type=\"container\">\n\t\t\t\t\t<div class=\"e-con-inner\">\n\t\t\t\t<div class=\"elementor-element elementor-element-1ed6131 elementor-widget elementor-widget-html\" data-id=\"1ed6131\" data-element_type=\"widget\" data-widget_type=\"html.default\">\n\t\t\t\t<div class=\"elementor-widget-container\">\n\t\t\t\t\t<p>Bitte lesen Sie den folgenden rechtlichen Hinweis zur Website von Fernando Cerd\u00e1 Blanes E Hijos S.A. sorgf\u00e4ltig durch.<\/p>\n\n<h2>Angaben zur Identifizierung des Anbieters von Diensten der Informationsgesellschaft<\/h2>\n<p>Gem\u00e4\u00df Artikel 10 des Gesetzes 34\/2002 vom 11. Juli \u00fcber Dienste der Informationsgesellschaft und den elektronischen Gesch\u00e4ftsverkehr (LSSI-CE) werden folgende Informationen bereitgestellt:<\/p>\n\n<p>Diese Website ist Eigentum von: Fernando Cerd\u00e1 Blanes E Hijos S.A. (CIF: A-03146081).<\/p>\n\n<p>\nAdresse: Avda. Ram\u00f3n y Cajal, 42, 03450 Banyeres de Mariola (Alicante), Spanien <br>Telefon: +34 965 566 184<br>Website: https:\/\/cerdafabrics.com\/<br>E-Mail: <a href=\"mailto:oficina@fernandocerda.com\">oficina@fernandocerda.com<\/a>\n<\/p>\n\n<h2>Annahme und G\u00fcltigkeit der Bedingungen<\/h2>\n<p>Das Browsen, die Nutzung und\/oder der Kauf von Produkten, die auf dieser Website angeboten werden, verleiht Ihnen den Status eines Nutzers und bedeutet die vollst\u00e4ndige und vorbehaltlose Annahme aller jeweils g\u00fcltigen Bedingungen.<\/p>\n\n<p>Das Unternehmen beh\u00e4lt sich das Recht vor, jederzeit und ohne vorherige Ank\u00fcndigung die Darstellung, Konfiguration und Inhalte der Website zu \u00e4ndern sowie die Dienste vor\u00fcbergehend auszusetzen.<\/p>\n\n<h2>Allgemeine Nutzungsbedingungen der Website<\/h2>\n<p>Der Nutzer verpflichtet sich, diese Bedingungen einzuhalten und im Einklang mit dem Gesetz, Treu und Glauben sowie einer ordnungsgem\u00e4\u00dfen Nutzung der Website zu handeln und jede T\u00e4tigkeit zu unterlassen, die die Website, ihren Eigent\u00fcmer oder Dritte besch\u00e4digen k\u00f6nnte.<\/p>\n\n<ul>\n<li>Die vom Unternehmen bereitgestellten Benutzernamen und Passw\u00f6rter sorgf\u00e4ltig zu verwahren.<\/li>\n<li>Keine illegalen, beleidigenden, diskriminierenden oder sch\u00e4dlichen Inhalte ver\u00f6ffentlichen.<\/li>\n<li>Keine Viren oder Schadsoftware einf\u00fchren.<\/li>\n<li>Keine Daten des Unternehmens oder Dritter besch\u00e4digen oder ver\u00e4ndern.<\/li>\n<\/ul>\n\n<h2>Haftungsausschluss<\/h2>\n<ul>\n<li>Das Unternehmen ist nicht verantwortlich f\u00fcr eine unsachgem\u00e4\u00dfe Nutzung der Website.<\/li>\n<li>Das Unternehmen ist nicht verantwortlich f\u00fcr technische Ausf\u00e4lle oder Dienstunterbrechungen.<\/li>\n<li>Das Unternehmen ist nicht verantwortlich f\u00fcr unbefugten Zugriff durch Dritte.<\/li>\n<li>Das Unternehmen ist nicht verantwortlich f\u00fcr Sch\u00e4den, die durch Malware verursacht werden.<\/li>\n<\/ul>\n\n<h2>Verwendung von Hyperlinks<\/h2>\n<p>Links zu dieser Website d\u00fcrfen nur auf die Startseite verweisen und d\u00fcrfen keine Inhalte der Website reproduzieren oder Verwirrung \u00fcber deren Ursprung stiften.<\/p>\n\n<p>Es d\u00fcrfen keine falschen Aussagen \u00fcber das Unternehmen gemacht werden, und die Nutzung seiner Marken ohne Genehmigung ist untersagt.<\/p>\n\n<h2>Geistiges und gewerbliches Eigentum<\/h2>\n<p>Alle Inhalte der Website sind durch geistige und gewerbliche Schutzrechte im Eigentum von Fernando Cerd\u00e1 Blanes E Hijos S.A. gesch\u00fctzt.<\/p>\n\n<p>Die Vervielf\u00e4ltigung oder Verbreitung von Inhalten ohne Genehmigung ist untersagt.<\/p>\n\n<h2>Anwendbares Recht und Gerichtsstand<\/h2>\n<p>Diese Bedingungen unterliegen dem spanischen Recht.<\/p>\n<p>Das Unternehmen und der Nutzer unterwerfen sich den Gerichten und Tribunalen von Alicante (Spanien) f\u00fcr alle Streitigkeiten.<\/p>\n\t\t\t\t<\/div>\n\t\t\t\t<\/div>\n\t\t\t\t\t<\/div>\n\t\t\t\t<\/div>\n\t\t\t\t<\/div>\n\t\t","protected":false},"excerpt":{"rendered":"<p>Rechtlicher Hinweis Bitte lesen Sie den folgenden rechtlichen Hinweis zur Website von Fernando Cerd\u00e1 Blanes E Hijos S.A. sorgf\u00e4ltig durch. Angaben zur Identifizierung des Anbieters von Diensten der Informationsgesellschaft Gem\u00e4\u00df Artikel 10 des Gesetzes 34\/2002 vom 11. Juli \u00fcber Dienste der Informationsgesellschaft und den elektronischen Gesch\u00e4ftsverkehr (LSSI-CE) werden folgende Informationen bereitgestellt: Diese Website ist Eigentum [&hellip;]<\/p>\n","protected":false},"author":1,"featured_media":0,"parent":0,"menu_order":0,"comment_status":"closed","ping_status":"closed","template":"","meta":{"footnotes":""},"class_list":["post-3772","page","type-page","status-publish","hentry"],"yoast_head":"<!-- This site is optimized with the Yoast SEO plugin v25.6 - https:\/\/yoast.com\/wordpress\/plugins\/seo\/ -->\n<title>Rechtlicher Hinweis - Cerda Fabrics<\/title>\n<meta name=\"robots\" content=\"index, follow, max-snippet:-1, max-image-preview:large, max-video-preview:-1\" \/>\n<link rel=\"canonical\" href=\"https:\/\/cerdafabrics.com\/de\/rechtlicher-hinweis\/\" \/>\n<meta property=\"og:locale\" content=\"de_DE\" \/>\n<meta property=\"og:type\" content=\"article\" \/>\n<meta property=\"og:title\" content=\"Rechtlicher Hinweis - Cerda Fabrics\" \/>\n<meta property=\"og:description\" content=\"Rechtlicher Hinweis Bitte lesen Sie den folgenden rechtlichen Hinweis zur Website von Fernando Cerd\u00e1 Blanes E Hijos S.A. sorgf\u00e4ltig durch. Angaben zur Identifizierung des Anbieters von Diensten der Informationsgesellschaft Gem\u00e4\u00df Artikel 10 des Gesetzes 34\/2002 vom 11. Juli \u00fcber Dienste der Informationsgesellschaft und den elektronischen Gesch\u00e4ftsverkehr (LSSI-CE) werden folgende Informationen bereitgestellt: Diese Website ist Eigentum [&hellip;]\" \/>\n<meta property=\"og:url\" content=\"https:\/\/cerdafabrics.com\/de\/rechtlicher-hinweis\/\" \/>\n<meta property=\"og:site_name\" content=\"Cerda Fabrics\" \/>\n<meta property=\"article:modified_time\" content=\"2026-02-16T10:33:34+00:00\" \/>\n<meta name=\"twitter:card\" content=\"summary_large_image\" \/>\n<meta name=\"twitter:label1\" content=\"Gesch\u00e4tzte Lesezeit\" \/>\n\t<meta name=\"twitter:data1\" content=\"2\u00a0Minuten\" \/>\n<script type=\"application\/ld+json\" class=\"yoast-schema-graph\">{\"@context\":\"https:\/\/schema.org\",\"@graph\":[{\"@type\":\"WebPage\",\"@id\":\"https:\/\/cerdafabrics.com\/de\/rechtlicher-hinweis\/\",\"url\":\"https:\/\/cerdafabrics.com\/de\/rechtlicher-hinweis\/\",\"name\":\"Rechtlicher Hinweis - Cerda Fabrics\",\"isPartOf\":{\"@id\":\"https:\/\/cerdafabrics.com\/#website\"},\"datePublished\":\"2024-10-28T12:16:32+00:00\",\"dateModified\":\"2026-02-16T10:33:34+00:00\",\"breadcrumb\":{\"@id\":\"https:\/\/cerdafabrics.com\/de\/rechtlicher-hinweis\/#breadcrumb\"},\"inLanguage\":\"de\",\"potentialAction\":[{\"@type\":\"ReadAction\",\"target\":[\"https:\/\/cerdafabrics.com\/de\/rechtlicher-hinweis\/\"]}]},{\"@type\":\"BreadcrumbList\",\"@id\":\"https:\/\/cerdafabrics.com\/de\/rechtlicher-hinweis\/#breadcrumb\",\"itemListElement\":[{\"@type\":\"ListItem\",\"position\":1,\"name\":\"Home\",\"item\":\"https:\/\/cerdafabrics.com\/\"},{\"@type\":\"ListItem\",\"position\":2,\"name\":\"Rechtlicher Hinweis\"}]},{\"@type\":\"WebSite\",\"@id\":\"https:\/\/cerdafabrics.com\/#website\",\"url\":\"https:\/\/cerdafabrics.com\/\",\"name\":\"Cerda Fabrics\",\"description\":\"Performance fabrics that inspire, quality that endures\",\"publisher\":{\"@id\":\"https:\/\/cerdafabrics.com\/#organization\"},\"potentialAction\":[{\"@type\":\"SearchAction\",\"target\":{\"@type\":\"EntryPoint\",\"urlTemplate\":\"https:\/\/cerdafabrics.com\/?s={search_term_string}\"},\"query-input\":{\"@type\":\"PropertyValueSpecification\",\"valueRequired\":true,\"valueName\":\"search_term_string\"}}],\"inLanguage\":\"de\"},{\"@type\":\"Organization\",\"@id\":\"https:\/\/cerdafabrics.com\/#organization\",\"name\":\"Cerda Fabrics\",\"url\":\"https:\/\/cerdafabrics.com\/\",\"logo\":{\"@type\":\"ImageObject\",\"inLanguage\":\"de\",\"@id\":\"https:\/\/cerdafabrics.com\/#\/schema\/logo\/image\/\",\"url\":\"https:\/\/cerdafabrics.com\/wp-content\/uploads\/2024\/10\/Logo-cerdafabrics-scaled.webp\",\"contentUrl\":\"https:\/\/cerdafabrics.com\/wp-content\/uploads\/2024\/10\/Logo-cerdafabrics-scaled.webp\",\"width\":2560,\"height\":508,\"caption\":\"Cerda Fabrics\"},\"image\":{\"@id\":\"https:\/\/cerdafabrics.com\/#\/schema\/logo\/image\/\"}}]}<\/script>\n<!-- \/ Yoast SEO plugin. -->","yoast_head_json":{"title":"Rechtlicher Hinweis - Cerda Fabrics","robots":{"index":"index","follow":"follow","max-snippet":"max-snippet:-1","max-image-preview":"max-image-preview:large","max-video-preview":"max-video-preview:-1"},"canonical":"https:\/\/cerdafabrics.com\/de\/rechtlicher-hinweis\/","og_locale":"de_DE","og_type":"article","og_title":"Rechtlicher Hinweis - Cerda Fabrics","og_description":"Rechtlicher Hinweis Bitte lesen Sie den folgenden rechtlichen Hinweis zur Website von Fernando Cerd\u00e1 Blanes E Hijos S.A. sorgf\u00e4ltig durch. Angaben zur Identifizierung des Anbieters von Diensten der Informationsgesellschaft Gem\u00e4\u00df Artikel 10 des Gesetzes 34\/2002 vom 11. Juli \u00fcber Dienste der Informationsgesellschaft und den elektronischen Gesch\u00e4ftsverkehr (LSSI-CE) werden folgende Informationen bereitgestellt: Diese Website ist Eigentum [&hellip;]","og_url":"https:\/\/cerdafabrics.com\/de\/rechtlicher-hinweis\/","og_site_name":"Cerda Fabrics","article_modified_time":"2026-02-16T10:33:34+00:00","twitter_card":"summary_large_image","twitter_misc":{"Gesch\u00e4tzte Lesezeit":"2\u00a0Minuten"},"schema":{"@context":"https:\/\/schema.org","@graph":[{"@type":"WebPage","@id":"https:\/\/cerdafabrics.com\/de\/rechtlicher-hinweis\/","url":"https:\/\/cerdafabrics.com\/de\/rechtlicher-hinweis\/","name":"Rechtlicher Hinweis - Cerda Fabrics","isPartOf":{"@id":"https:\/\/cerdafabrics.com\/#website"},"datePublished":"2024-10-28T12:16:32+00:00","dateModified":"2026-02-16T10:33:34+00:00","breadcrumb":{"@id":"https:\/\/cerdafabrics.com\/de\/rechtlicher-hinweis\/#breadcrumb"},"inLanguage":"de","potentialAction":[{"@type":"ReadAction","target":["https:\/\/cerdafabrics.com\/de\/rechtlicher-hinweis\/"]}]},{"@type":"BreadcrumbList","@id":"https:\/\/cerdafabrics.com\/de\/rechtlicher-hinweis\/#breadcrumb","itemListElement":[{"@type":"ListItem","position":1,"name":"Home","item":"https:\/\/cerdafabrics.com\/"},{"@type":"ListItem","position":2,"name":"Rechtlicher Hinweis"}]},{"@type":"WebSite","@id":"https:\/\/cerdafabrics.com\/#website","url":"https:\/\/cerdafabrics.com\/","name":"Cerda Fabrics","description":"Performance fabrics that inspire, quality that endures","publisher":{"@id":"https:\/\/cerdafabrics.com\/#organization"},"potentialAction":[{"@type":"SearchAction","target":{"@type":"EntryPoint","urlTemplate":"https:\/\/cerdafabrics.com\/?s={search_term_string}"},"query-input":{"@type":"PropertyValueSpecification","valueRequired":true,"valueName":"search_term_string"}}],"inLanguage":"de"},{"@type":"Organization","@id":"https:\/\/cerdafabrics.com\/#organization","name":"Cerda Fabrics","url":"https:\/\/cerdafabrics.com\/","logo":{"@type":"ImageObject","inLanguage":"de","@id":"https:\/\/cerdafabrics.com\/#\/schema\/logo\/image\/","url":"https:\/\/cerdafabrics.com\/wp-content\/uploads\/2024\/10\/Logo-cerdafabrics-scaled.webp","contentUrl":"https:\/\/cerdafabrics.com\/wp-content\/uploads\/2024\/10\/Logo-cerdafabrics-scaled.webp","width":2560,"height":508,"caption":"Cerda Fabrics"},"image":{"@id":"https:\/\/cerdafabrics.com\/#\/schema\/logo\/image\/"}}]}},"_links":{"self":[{"href":"https:\/\/cerdafabrics.com\/de\/wp-json\/wp\/v2\/pages\/3772","targetHints":{"allow":["GET"]}}],"collection":[{"href":"https:\/\/cerdafabrics.com\/de\/wp-json\/wp\/v2\/pages"}],"about":[{"href":"https:\/\/cerdafabrics.com\/de\/wp-json\/wp\/v2\/types\/page"}],"author":[{"embeddable":true,"href":"https:\/\/cerdafabrics.com\/de\/wp-json\/wp\/v2\/users\/1"}],"replies":[{"embeddable":true,"href":"https:\/\/cerdafabrics.com\/de\/wp-json\/wp\/v2\/comments?post=3772"}],"version-history":[{"count":4,"href":"https:\/\/cerdafabrics.com\/de\/wp-json\/wp\/v2\/pages\/3772\/revisions"}],"predecessor-version":[{"id":6466,"href":"https:\/\/cerdafabrics.com\/de\/wp-json\/wp\/v2\/pages\/3772\/revisions\/6466"}],"wp:attachment":[{"href":"https:\/\/cerdafabrics.com\/de\/wp-json\/wp\/v2\/media?parent=3772"}],"curies":[{"name":"wp","href":"https:\/\/api.w.org\/{rel}","templated":true}]}}