{"id":3778,"date":"2024-10-28T12:57:04","date_gmt":"2024-10-28T11:57:04","guid":{"rendered":"https:\/\/cerdafabrics.com\/datenschutzbestimmungen\/"},"modified":"2026-02-16T10:04:22","modified_gmt":"2026-02-16T09:04:22","slug":"datenschutzbestimmungen","status":"publish","type":"page","link":"https:\/\/cerdafabrics.com\/de\/datenschutzbestimmungen\/","title":{"rendered":"Datenschutzbestimmungen"},"content":{"rendered":"\t\t<div data-elementor-type=\"wp-page\" data-elementor-id=\"3778\" class=\"elementor elementor-3778 elementor-3\" data-elementor-post-type=\"page\">\n\t\t\t\t<div class=\"elementor-element elementor-element-8084ff6 e-con-full e-flex elementor-invisible e-con e-parent\" data-id=\"8084ff6\" data-element_type=\"container\" data-settings=\"{&quot;background_background&quot;:&quot;classic&quot;,&quot;animation&quot;:&quot;fadeIn&quot;}\">\n\t\t\t\t<div class=\"elementor-element elementor-element-ec50b30 elementor-widget elementor-widget-heading\" data-id=\"ec50b30\" data-element_type=\"widget\" data-widget_type=\"heading.default\">\n\t\t\t\t<div class=\"elementor-widget-container\">\n\t\t\t\t\t<h1 class=\"elementor-heading-title elementor-size-default\">Datenschutzbestimmungen<\/h1>\t\t\t\t<\/div>\n\t\t\t\t<\/div>\n\t\t\t\t<\/div>\n\t\t<div class=\"elementor-element elementor-element-39c7282 e-flex e-con-boxed elementor-invisible e-con e-parent\" data-id=\"39c7282\" data-element_type=\"container\" data-settings=\"{&quot;animation&quot;:&quot;fadeIn&quot;}\">\n\t\t\t\t\t<div class=\"e-con-inner\">\n\t\t\t\t<div class=\"elementor-element elementor-element-b2bebee elementor-widget elementor-widget-html\" data-id=\"b2bebee\" data-element_type=\"widget\" data-widget_type=\"html.default\">\n\t\t\t\t<div class=\"elementor-widget-container\">\n\t\t\t\t\t<p>Das Unternehmen verpflichtet sich besonders zum Schutz der personenbezogenen Daten der Nutzer der Website-Dienste. Durch diese Datenschutzerkl\u00e4rung (im Folgenden \u201eRichtlinie\u201c) informiert das Unternehmen die NUTZER der Website https:\/\/cerdafabrics.com\/<br> dar\u00fcber, wie die auf der Website erhobenen personenbezogenen Daten verarbeitet werden, damit sie frei und freiwillig entscheiden k\u00f6nnen, ob sie die angeforderten Informationen bereitstellen m\u00f6chten. <\/p>\n\n<p>Das Unternehmen beh\u00e4lt sich das Recht vor, diese Richtlinie zu \u00e4ndern, um sie an gesetzliche Entwicklungen, Rechtsprechung, Branchenpraktiken oder Unternehmensinteressen anzupassen. Jede \u00c4nderung wird im Voraus angek\u00fcndigt, damit die Nutzer vollst\u00e4ndig \u00fcber ihren Inhalt informiert sind. <\/p>\n\n<h2>Verantwortlicher f\u00fcr die Datenverarbeitung<\/h2>\n<p>Der Verantwortliche f\u00fcr die Verarbeitung personenbezogener Daten ist:<br>Fernando Cerd\u00e1 Blanes E Hijos S.A.<\/p>\n\n<p>Eingetragene Adresse:<br>Avda. Ram\u00f3n y Cajal, 42, 03450 Banyeres de Mariola (Alicante), Spanien <\/p>\n\n<p>Telefon: +34 965 566 184<br>Website: https:\/\/cerdafabrics.com\/<br>E-Mail: <a href=\"mailto:oficina@fernandocerda.com\">oficina@fernandocerda.com<\/a><\/p>\n\n<h2>Zweck der Verarbeitung<\/h2>\n<p>Die personenbezogenen Daten der Nutzer werden von Fernando Cerd\u00e1 Blanes E Hijos S.A. zu folgenden Zwecken verarbeitet:<\/p>\n\n<ol>\n<li>Verwaltung von Kunden und Lieferanten.<\/li>\n<li>Erbringung der angeforderten Dienstleistungen.<\/li>\n<li>Verwaltung der auf unserer Website get\u00e4tigten K\u00e4ufe.<\/li>\n<li>Teilnahme an Werbeaktionen, Rabatten und kommerziellen Angeboten.<\/li>\n<li>Statistische Analyse und Marktforschung.<\/li>\n<li>Versand kommerzieller Mitteilungen.<\/li>\n<\/ol>\n\n<h2>Datenspeicherung<\/h2>\n<p>Personenbezogene Daten werden so lange gespeichert, wie es zur Erf\u00fcllung gesetzlicher Verpflichtungen erforderlich ist oder bis ihre L\u00f6schung von der betroffenen Person verlangt wird.<\/p>\n\n<h2>Rechtsgrundlage<\/h2>\n<p>Das Unternehmen ist berechtigt, personenbezogene Daten auf Grundlage der vom Betroffenen erteilten Einwilligung f\u00fcr einen oder mehrere bestimmte Zwecke gem\u00e4\u00df Artikel 6.1.a) der Datenschutz-Grundverordnung (DSGVO) zu verarbeiten.<\/p>\n\n<p>Diese Website kann Hyperlinks enthalten, die Besuchern den Zugriff auf andere Websites erm\u00f6glichen. Das Unternehmen \u00fcbernimmt keine Verantwortung f\u00fcr die Datenschutzrichtlinien dieser Websites. <\/p>\n\n<h2>Empf\u00e4nger<\/h2>\n<p>Das Unternehmen \u00fcbermittelt personenbezogene Daten grunds\u00e4tzlich nicht an Dritte, es sei denn, dies ist f\u00fcr die Organisation bestimmter Aktivit\u00e4ten oder die Erbringung von Dienstleistungen erforderlich. In allen F\u00e4llen werden solche \u00dcbermittlungen durch entsprechende Vertr\u00e4ge geregelt, und die empfangende Stelle darf die Informationen nicht f\u00fcr andere als die vom Unternehmen festgelegten Zwecke verwenden. <\/p>\n\n<h2>Rechte der Nutzer<\/h2>\n<ul>\n<li>Recht auf Auskunft \u00fcber personenbezogene Daten.<\/li>\n<li>Recht auf Berichtigung oder L\u00f6schung (Recht auf Vergessenwerden).<\/li>\n<li>Recht auf Einschr\u00e4nkung der Verarbeitung.<\/li>\n<li>Recht auf Widerspruch gegen die Verarbeitung.<\/li>\n<li>Recht auf Daten\u00fcbertragbarkeit.<\/li>\n<\/ul>\n\n<p>Nutzer k\u00f6nnen diese Rechte aus\u00fcben, indem sie einen Antrag zusammen mit einer Kopie ihres Ausweisdokuments an folgende Adresse senden: oficina@fernandocerda.com<\/p>\n\n<h2>Sicherheitsma\u00dfnahmen<\/h2>\n<p>Der Verantwortliche f\u00fcr die Datenverarbeitung, Fernando Cerd\u00e1 Blanes E Hijos S.A., wendet geeignete technische und organisatorische Ma\u00dfnahmen an, um ein angemessenes Sicherheitsniveau zu gew\u00e4hrleisten.<\/p>\n\n<h2>Cookies<\/h2>\n<p>Wir informieren Sie, dass unser Server keine Cookies oder andere unsichtbare Datenerfassungsverfahren verwendet und keine Dateien auf Ihrem Computer speichert.<\/p>\n\n<h2>\u00c4nderungen der Richtlinie<\/h2>\n<p>Das Unternehmen beh\u00e4lt sich das Recht vor, diese Richtlinie zu \u00e4ndern, um sie an gesetzliche oder rechtsprechungsbezogene Entwicklungen sowie an Unternehmensanforderungen anzupassen.<\/p>\n\n<p>Any changes will be communicated in advance on our website. For any questions regarding this policy, please contact: <strong>oficina@fernandocerda.com<\/strong> <\/p>\n\t\t\t\t<\/div>\n\t\t\t\t<\/div>\n\t\t\t\t\t<\/div>\n\t\t\t\t<\/div>\n\t\t\t\t<\/div>\n\t\t","protected":false},"excerpt":{"rendered":"<p>Datenschutzbestimmungen Das Unternehmen verpflichtet sich besonders zum Schutz der personenbezogenen Daten der Nutzer der Website-Dienste. Durch diese Datenschutzerkl\u00e4rung (im Folgenden \u201eRichtlinie\u201c) informiert das Unternehmen die NUTZER der Website https:\/\/cerdafabrics.com\/ dar\u00fcber, wie die auf der Website erhobenen personenbezogenen Daten verarbeitet werden, damit sie frei und freiwillig entscheiden k\u00f6nnen, ob sie die angeforderten Informationen bereitstellen m\u00f6chten. Das [&hellip;]<\/p>\n","protected":false},"author":1,"featured_media":0,"parent":0,"menu_order":0,"comment_status":"closed","ping_status":"open","template":"","meta":{"footnotes":""},"class_list":["post-3778","page","type-page","status-publish","hentry"],"yoast_head":"<!-- This site is optimized with the Yoast SEO plugin v25.6 - https:\/\/yoast.com\/wordpress\/plugins\/seo\/ -->\n<title>Datenschutzbestimmungen - Cerda Fabrics<\/title>\n<meta name=\"robots\" content=\"index, follow, max-snippet:-1, max-image-preview:large, max-video-preview:-1\" \/>\n<link rel=\"canonical\" href=\"https:\/\/cerdafabrics.com\/de\/datenschutzbestimmungen\/\" \/>\n<meta property=\"og:locale\" content=\"de_DE\" \/>\n<meta property=\"og:type\" content=\"article\" \/>\n<meta property=\"og:title\" content=\"Datenschutzbestimmungen - Cerda Fabrics\" \/>\n<meta property=\"og:description\" content=\"Datenschutzbestimmungen Das Unternehmen verpflichtet sich besonders zum Schutz der personenbezogenen Daten der Nutzer der Website-Dienste. Durch diese Datenschutzerkl\u00e4rung (im Folgenden \u201eRichtlinie\u201c) informiert das Unternehmen die NUTZER der Website https:\/\/cerdafabrics.com\/ dar\u00fcber, wie die auf der Website erhobenen personenbezogenen Daten verarbeitet werden, damit sie frei und freiwillig entscheiden k\u00f6nnen, ob sie die angeforderten Informationen bereitstellen m\u00f6chten. Das [&hellip;]\" \/>\n<meta property=\"og:url\" content=\"https:\/\/cerdafabrics.com\/de\/datenschutzbestimmungen\/\" \/>\n<meta property=\"og:site_name\" content=\"Cerda Fabrics\" \/>\n<meta property=\"article:modified_time\" content=\"2026-02-16T09:04:22+00:00\" \/>\n<meta name=\"twitter:card\" content=\"summary_large_image\" \/>\n<meta name=\"twitter:label1\" content=\"Gesch\u00e4tzte Lesezeit\" \/>\n\t<meta name=\"twitter:data1\" content=\"2\u00a0Minuten\" \/>\n<script type=\"application\/ld+json\" class=\"yoast-schema-graph\">{\"@context\":\"https:\/\/schema.org\",\"@graph\":[{\"@type\":\"WebPage\",\"@id\":\"https:\/\/cerdafabrics.com\/de\/datenschutzbestimmungen\/\",\"url\":\"https:\/\/cerdafabrics.com\/de\/datenschutzbestimmungen\/\",\"name\":\"Datenschutzbestimmungen - Cerda Fabrics\",\"isPartOf\":{\"@id\":\"https:\/\/cerdafabrics.com\/#website\"},\"datePublished\":\"2024-10-28T11:57:04+00:00\",\"dateModified\":\"2026-02-16T09:04:22+00:00\",\"breadcrumb\":{\"@id\":\"https:\/\/cerdafabrics.com\/de\/datenschutzbestimmungen\/#breadcrumb\"},\"inLanguage\":\"de\",\"potentialAction\":[{\"@type\":\"ReadAction\",\"target\":[\"https:\/\/cerdafabrics.com\/de\/datenschutzbestimmungen\/\"]}]},{\"@type\":\"BreadcrumbList\",\"@id\":\"https:\/\/cerdafabrics.com\/de\/datenschutzbestimmungen\/#breadcrumb\",\"itemListElement\":[{\"@type\":\"ListItem\",\"position\":1,\"name\":\"Home\",\"item\":\"https:\/\/cerdafabrics.com\/\"},{\"@type\":\"ListItem\",\"position\":2,\"name\":\"Datenschutzbestimmungen\"}]},{\"@type\":\"WebSite\",\"@id\":\"https:\/\/cerdafabrics.com\/#website\",\"url\":\"https:\/\/cerdafabrics.com\/\",\"name\":\"Cerda Fabrics\",\"description\":\"Performance fabrics that inspire, quality that endures\",\"publisher\":{\"@id\":\"https:\/\/cerdafabrics.com\/#organization\"},\"potentialAction\":[{\"@type\":\"SearchAction\",\"target\":{\"@type\":\"EntryPoint\",\"urlTemplate\":\"https:\/\/cerdafabrics.com\/?s={search_term_string}\"},\"query-input\":{\"@type\":\"PropertyValueSpecification\",\"valueRequired\":true,\"valueName\":\"search_term_string\"}}],\"inLanguage\":\"de\"},{\"@type\":\"Organization\",\"@id\":\"https:\/\/cerdafabrics.com\/#organization\",\"name\":\"Cerda Fabrics\",\"url\":\"https:\/\/cerdafabrics.com\/\",\"logo\":{\"@type\":\"ImageObject\",\"inLanguage\":\"de\",\"@id\":\"https:\/\/cerdafabrics.com\/#\/schema\/logo\/image\/\",\"url\":\"https:\/\/cerdafabrics.com\/wp-content\/uploads\/2024\/10\/Logo-cerdafabrics-scaled.webp\",\"contentUrl\":\"https:\/\/cerdafabrics.com\/wp-content\/uploads\/2024\/10\/Logo-cerdafabrics-scaled.webp\",\"width\":2560,\"height\":508,\"caption\":\"Cerda Fabrics\"},\"image\":{\"@id\":\"https:\/\/cerdafabrics.com\/#\/schema\/logo\/image\/\"}}]}<\/script>\n<!-- \/ Yoast SEO plugin. -->","yoast_head_json":{"title":"Datenschutzbestimmungen - Cerda Fabrics","robots":{"index":"index","follow":"follow","max-snippet":"max-snippet:-1","max-image-preview":"max-image-preview:large","max-video-preview":"max-video-preview:-1"},"canonical":"https:\/\/cerdafabrics.com\/de\/datenschutzbestimmungen\/","og_locale":"de_DE","og_type":"article","og_title":"Datenschutzbestimmungen - Cerda Fabrics","og_description":"Datenschutzbestimmungen Das Unternehmen verpflichtet sich besonders zum Schutz der personenbezogenen Daten der Nutzer der Website-Dienste. Durch diese Datenschutzerkl\u00e4rung (im Folgenden \u201eRichtlinie\u201c) informiert das Unternehmen die NUTZER der Website https:\/\/cerdafabrics.com\/ dar\u00fcber, wie die auf der Website erhobenen personenbezogenen Daten verarbeitet werden, damit sie frei und freiwillig entscheiden k\u00f6nnen, ob sie die angeforderten Informationen bereitstellen m\u00f6chten. Das [&hellip;]","og_url":"https:\/\/cerdafabrics.com\/de\/datenschutzbestimmungen\/","og_site_name":"Cerda Fabrics","article_modified_time":"2026-02-16T09:04:22+00:00","twitter_card":"summary_large_image","twitter_misc":{"Gesch\u00e4tzte Lesezeit":"2\u00a0Minuten"},"schema":{"@context":"https:\/\/schema.org","@graph":[{"@type":"WebPage","@id":"https:\/\/cerdafabrics.com\/de\/datenschutzbestimmungen\/","url":"https:\/\/cerdafabrics.com\/de\/datenschutzbestimmungen\/","name":"Datenschutzbestimmungen - Cerda Fabrics","isPartOf":{"@id":"https:\/\/cerdafabrics.com\/#website"},"datePublished":"2024-10-28T11:57:04+00:00","dateModified":"2026-02-16T09:04:22+00:00","breadcrumb":{"@id":"https:\/\/cerdafabrics.com\/de\/datenschutzbestimmungen\/#breadcrumb"},"inLanguage":"de","potentialAction":[{"@type":"ReadAction","target":["https:\/\/cerdafabrics.com\/de\/datenschutzbestimmungen\/"]}]},{"@type":"BreadcrumbList","@id":"https:\/\/cerdafabrics.com\/de\/datenschutzbestimmungen\/#breadcrumb","itemListElement":[{"@type":"ListItem","position":1,"name":"Home","item":"https:\/\/cerdafabrics.com\/"},{"@type":"ListItem","position":2,"name":"Datenschutzbestimmungen"}]},{"@type":"WebSite","@id":"https:\/\/cerdafabrics.com\/#website","url":"https:\/\/cerdafabrics.com\/","name":"Cerda Fabrics","description":"Performance fabrics that inspire, quality that endures","publisher":{"@id":"https:\/\/cerdafabrics.com\/#organization"},"potentialAction":[{"@type":"SearchAction","target":{"@type":"EntryPoint","urlTemplate":"https:\/\/cerdafabrics.com\/?s={search_term_string}"},"query-input":{"@type":"PropertyValueSpecification","valueRequired":true,"valueName":"search_term_string"}}],"inLanguage":"de"},{"@type":"Organization","@id":"https:\/\/cerdafabrics.com\/#organization","name":"Cerda Fabrics","url":"https:\/\/cerdafabrics.com\/","logo":{"@type":"ImageObject","inLanguage":"de","@id":"https:\/\/cerdafabrics.com\/#\/schema\/logo\/image\/","url":"https:\/\/cerdafabrics.com\/wp-content\/uploads\/2024\/10\/Logo-cerdafabrics-scaled.webp","contentUrl":"https:\/\/cerdafabrics.com\/wp-content\/uploads\/2024\/10\/Logo-cerdafabrics-scaled.webp","width":2560,"height":508,"caption":"Cerda Fabrics"},"image":{"@id":"https:\/\/cerdafabrics.com\/#\/schema\/logo\/image\/"}}]}},"_links":{"self":[{"href":"https:\/\/cerdafabrics.com\/de\/wp-json\/wp\/v2\/pages\/3778","targetHints":{"allow":["GET"]}}],"collection":[{"href":"https:\/\/cerdafabrics.com\/de\/wp-json\/wp\/v2\/pages"}],"about":[{"href":"https:\/\/cerdafabrics.com\/de\/wp-json\/wp\/v2\/types\/page"}],"author":[{"embeddable":true,"href":"https:\/\/cerdafabrics.com\/de\/wp-json\/wp\/v2\/users\/1"}],"replies":[{"embeddable":true,"href":"https:\/\/cerdafabrics.com\/de\/wp-json\/wp\/v2\/comments?post=3778"}],"version-history":[{"count":3,"href":"https:\/\/cerdafabrics.com\/de\/wp-json\/wp\/v2\/pages\/3778\/revisions"}],"predecessor-version":[{"id":6458,"href":"https:\/\/cerdafabrics.com\/de\/wp-json\/wp\/v2\/pages\/3778\/revisions\/6458"}],"wp:attachment":[{"href":"https:\/\/cerdafabrics.com\/de\/wp-json\/wp\/v2\/media?parent=3778"}],"curies":[{"name":"wp","href":"https:\/\/api.w.org\/{rel}","templated":true}]}}