{"id":3392,"date":"2024-10-28T13:16:32","date_gmt":"2024-10-28T12:16:32","guid":{"rendered":"https:\/\/cerdafabrics.com\/aviso-legal\/"},"modified":"2026-02-16T11:21:00","modified_gmt":"2026-02-16T10:21:00","slug":"aviso-legal","status":"publish","type":"page","link":"https:\/\/cerdafabrics.com\/es\/aviso-legal\/","title":{"rendered":"Aviso legal"},"content":{"rendered":"\t\t<div data-elementor-type=\"wp-page\" data-elementor-id=\"3392\" class=\"elementor elementor-3392 elementor-11\" data-elementor-post-type=\"page\">\n\t\t\t\t<div class=\"elementor-element elementor-element-2eae973 e-con-full e-flex elementor-invisible e-con e-parent\" data-id=\"2eae973\" data-element_type=\"container\" data-settings=\"{&quot;background_background&quot;:&quot;classic&quot;,&quot;animation&quot;:&quot;fadeIn&quot;}\">\n\t\t\t\t<div class=\"elementor-element elementor-element-3413377 elementor-widget elementor-widget-heading\" data-id=\"3413377\" data-element_type=\"widget\" data-widget_type=\"heading.default\">\n\t\t\t\t<div class=\"elementor-widget-container\">\n\t\t\t\t\t<h1 class=\"elementor-heading-title elementor-size-default\">Aviso legal<\/h1>\t\t\t\t<\/div>\n\t\t\t\t<\/div>\n\t\t\t\t<\/div>\n\t\t<div class=\"elementor-element elementor-element-10295310 e-flex e-con-boxed e-con e-parent\" data-id=\"10295310\" data-element_type=\"container\">\n\t\t\t\t\t<div class=\"e-con-inner\">\n\t\t\t\t<div class=\"elementor-element elementor-element-1ed6131 elementor-widget elementor-widget-html\" data-id=\"1ed6131\" data-element_type=\"widget\" data-widget_type=\"html.default\">\n\t\t\t\t<div class=\"elementor-widget-container\">\n\t\t\t\t\t<p>Por favor, lea atentamente el siguiente aviso legal relativo al sitio web de Fernando Cerd\u00e1 Blanes E Hijos S.A.<\/p>\n\n<h2>Datos identificativos del Prestador de Servicios de la Sociedad de la Informaci\u00f3n<\/h2>\n<p>En cumplimiento del art\u00edculo 10 de la Ley 34\/2002, de 11 de julio, de Servicios de la Sociedad de la Informaci\u00f3n y Comercio Electr\u00f3nico (LSSI-CE), se facilita la siguiente informaci\u00f3n:<\/p>\n\n<p>Este sitio web es titularidad de: Fernando Cerd\u00e1 Blanes E Hijos S.A. (CIF: A-03146081).<\/p>\n\n<p>\nDirecci\u00f3n: Avda. Ram\u00f3n y Cajal, 42, 03450 Banyeres de Mariola (Alicante), Espa\u00f1a <br>Tel\u00e9fono: +34 965 566 184<br>Web: https:\/\/cerdafabrics.com\/<br>Correo electr\u00f3nico: <a href=\"mailto:oficina@fernandocerda.com\">oficina@fernandocerda.com<\/a>\n<\/p>\n\n<h2>Aceptaci\u00f3n y vigencia de los t\u00e9rminos y condiciones<\/h2>\n<p>La navegaci\u00f3n, uso y\/o compra de cualquiera de los productos ofrecidos en este sitio web le otorga la condici\u00f3n de Usuario e implica la aceptaci\u00f3n plena y sin reservas de todos los T\u00e9rminos y Condiciones vigentes.<\/p>\n\n<p>La Empresa se reserva el derecho de modificar, en cualquier momento y sin previo aviso, la presentaci\u00f3n, configuraci\u00f3n y contenidos del sitio web, as\u00ed como de suspender temporalmente sus servicios.<\/p>\n\n<h2>T\u00e9rminos generales de uso del sitio web<\/h2>\n<p>El Usuario se compromete a cumplir estos t\u00e9rminos y a actuar conforme a la ley, la buena fe y el uso adecuado del sitio web, absteni\u00e9ndose de cualquier actividad que pueda da\u00f1ar el sitio web, a su propietario o a terceros.<\/p>\n\n<ul>\n<li>Custodiar los nombres de usuario y contrase\u00f1as facilitados por la Empresa.<\/li>\n<li>No publicar contenido ilegal, ofensivo, discriminatorio o perjudicial.<\/li>\n<li>No introducir virus ni software malicioso.<\/li>\n<li>No da\u00f1ar ni alterar datos de la Empresa o de terceros.<\/li>\n<\/ul>\n\n<h2>Exenci\u00f3n de responsabilidad<\/h2>\n<ul>\n<li>La Empresa no es responsable del uso indebido del sitio web.<\/li>\n<li>La Empresa no es responsable de fallos t\u00e9cnicos o interrupciones del servicio.<\/li>\n<li>La Empresa no es responsable del acceso no autorizado por parte de terceros.<\/li>\n<li>La Empresa no es responsable de los da\u00f1os causados por malware.<\/li>\n<\/ul>\n\n<h2>Uso de hiperenlaces<\/h2>\n<p>Los enlaces a este sitio web deben dirigir \u00fanicamente a la p\u00e1gina principal y no deben reproducir contenidos del sitio ni crear confusi\u00f3n sobre su origen.<\/p>\n\n<p>No se podr\u00e1n realizar declaraciones falsas sobre la Empresa y el uso de sus marcas sin autorizaci\u00f3n est\u00e1 prohibido.<\/p>\n\n<h2>Propiedad intelectual e industrial<\/h2>\n<p>Todo el contenido del sitio web est\u00e1 protegido por derechos de propiedad intelectual e industrial titularidad de Fernando Cerd\u00e1 Blanes E Hijos S.A.<\/p>\n\n<p>La reproducci\u00f3n o distribuci\u00f3n de contenidos sin autorizaci\u00f3n est\u00e1 prohibida.<\/p>\n\n<h2>Ley aplicable y jurisdicci\u00f3n<\/h2>\n<p>Estos t\u00e9rminos se rigen por la legislaci\u00f3n espa\u00f1ola.<\/p>\n<p>La Empresa y el Usuario se someten a los Juzgados y Tribunales de Alicante (Espa\u00f1a) para cualquier disputa.<\/p>\n\t\t\t\t<\/div>\n\t\t\t\t<\/div>\n\t\t\t\t\t<\/div>\n\t\t\t\t<\/div>\n\t\t\t\t<\/div>\n\t\t","protected":false},"excerpt":{"rendered":"<p>Aviso legal Por favor, lea atentamente el siguiente aviso legal relativo al sitio web de Fernando Cerd\u00e1 Blanes E Hijos S.A. Datos identificativos del Prestador de Servicios de la Sociedad de la Informaci\u00f3n En cumplimiento del art\u00edculo 10 de la Ley 34\/2002, de 11 de julio, de Servicios de la Sociedad de la Informaci\u00f3n y [&hellip;]<\/p>\n","protected":false},"author":1,"featured_media":0,"parent":0,"menu_order":0,"comment_status":"closed","ping_status":"closed","template":"","meta":{"footnotes":""},"class_list":["post-3392","page","type-page","status-publish","hentry"],"yoast_head":"<!-- This site is optimized with the Yoast SEO plugin v25.6 - https:\/\/yoast.com\/wordpress\/plugins\/seo\/ -->\n<title>Aviso legal - Cerda Fabrics<\/title>\n<meta name=\"robots\" content=\"index, follow, max-snippet:-1, max-image-preview:large, max-video-preview:-1\" \/>\n<link rel=\"canonical\" href=\"https:\/\/cerdafabrics.com\/es\/aviso-legal\/\" \/>\n<meta property=\"og:locale\" content=\"es_ES\" \/>\n<meta property=\"og:type\" content=\"article\" \/>\n<meta property=\"og:title\" content=\"Aviso legal - Cerda Fabrics\" \/>\n<meta property=\"og:description\" content=\"Aviso legal Por favor, lea atentamente el siguiente aviso legal relativo al sitio web de Fernando Cerd\u00e1 Blanes E Hijos S.A. Datos identificativos del Prestador de Servicios de la Sociedad de la Informaci\u00f3n En cumplimiento del art\u00edculo 10 de la Ley 34\/2002, de 11 de julio, de Servicios de la Sociedad de la Informaci\u00f3n y [&hellip;]\" \/>\n<meta property=\"og:url\" content=\"https:\/\/cerdafabrics.com\/es\/aviso-legal\/\" \/>\n<meta property=\"og:site_name\" content=\"Cerda Fabrics\" \/>\n<meta property=\"article:modified_time\" content=\"2026-02-16T10:21:00+00:00\" \/>\n<meta name=\"twitter:card\" content=\"summary_large_image\" \/>\n<meta name=\"twitter:label1\" content=\"Tiempo de lectura\" \/>\n\t<meta name=\"twitter:data1\" content=\"2 minutos\" \/>\n<script type=\"application\/ld+json\" class=\"yoast-schema-graph\">{\"@context\":\"https:\/\/schema.org\",\"@graph\":[{\"@type\":\"WebPage\",\"@id\":\"https:\/\/cerdafabrics.com\/es\/aviso-legal\/\",\"url\":\"https:\/\/cerdafabrics.com\/es\/aviso-legal\/\",\"name\":\"Aviso legal - Cerda Fabrics\",\"isPartOf\":{\"@id\":\"https:\/\/cerdafabrics.com\/#website\"},\"datePublished\":\"2024-10-28T12:16:32+00:00\",\"dateModified\":\"2026-02-16T10:21:00+00:00\",\"breadcrumb\":{\"@id\":\"https:\/\/cerdafabrics.com\/es\/aviso-legal\/#breadcrumb\"},\"inLanguage\":\"es\",\"potentialAction\":[{\"@type\":\"ReadAction\",\"target\":[\"https:\/\/cerdafabrics.com\/es\/aviso-legal\/\"]}]},{\"@type\":\"BreadcrumbList\",\"@id\":\"https:\/\/cerdafabrics.com\/es\/aviso-legal\/#breadcrumb\",\"itemListElement\":[{\"@type\":\"ListItem\",\"position\":1,\"name\":\"Home\",\"item\":\"https:\/\/cerdafabrics.com\/\"},{\"@type\":\"ListItem\",\"position\":2,\"name\":\"Aviso legal\"}]},{\"@type\":\"WebSite\",\"@id\":\"https:\/\/cerdafabrics.com\/#website\",\"url\":\"https:\/\/cerdafabrics.com\/\",\"name\":\"Cerda Fabrics\",\"description\":\"Performance fabrics that inspire, quality that endures\",\"publisher\":{\"@id\":\"https:\/\/cerdafabrics.com\/#organization\"},\"potentialAction\":[{\"@type\":\"SearchAction\",\"target\":{\"@type\":\"EntryPoint\",\"urlTemplate\":\"https:\/\/cerdafabrics.com\/?s={search_term_string}\"},\"query-input\":{\"@type\":\"PropertyValueSpecification\",\"valueRequired\":true,\"valueName\":\"search_term_string\"}}],\"inLanguage\":\"es\"},{\"@type\":\"Organization\",\"@id\":\"https:\/\/cerdafabrics.com\/#organization\",\"name\":\"Cerda Fabrics\",\"url\":\"https:\/\/cerdafabrics.com\/\",\"logo\":{\"@type\":\"ImageObject\",\"inLanguage\":\"es\",\"@id\":\"https:\/\/cerdafabrics.com\/#\/schema\/logo\/image\/\",\"url\":\"https:\/\/cerdafabrics.com\/wp-content\/uploads\/2024\/10\/Logo-cerdafabrics-scaled.webp\",\"contentUrl\":\"https:\/\/cerdafabrics.com\/wp-content\/uploads\/2024\/10\/Logo-cerdafabrics-scaled.webp\",\"width\":2560,\"height\":508,\"caption\":\"Cerda Fabrics\"},\"image\":{\"@id\":\"https:\/\/cerdafabrics.com\/#\/schema\/logo\/image\/\"}}]}<\/script>\n<!-- \/ Yoast SEO plugin. -->","yoast_head_json":{"title":"Aviso legal - Cerda Fabrics","robots":{"index":"index","follow":"follow","max-snippet":"max-snippet:-1","max-image-preview":"max-image-preview:large","max-video-preview":"max-video-preview:-1"},"canonical":"https:\/\/cerdafabrics.com\/es\/aviso-legal\/","og_locale":"es_ES","og_type":"article","og_title":"Aviso legal - Cerda Fabrics","og_description":"Aviso legal Por favor, lea atentamente el siguiente aviso legal relativo al sitio web de Fernando Cerd\u00e1 Blanes E Hijos S.A. Datos identificativos del Prestador de Servicios de la Sociedad de la Informaci\u00f3n En cumplimiento del art\u00edculo 10 de la Ley 34\/2002, de 11 de julio, de Servicios de la Sociedad de la Informaci\u00f3n y [&hellip;]","og_url":"https:\/\/cerdafabrics.com\/es\/aviso-legal\/","og_site_name":"Cerda Fabrics","article_modified_time":"2026-02-16T10:21:00+00:00","twitter_card":"summary_large_image","twitter_misc":{"Tiempo de lectura":"2 minutos"},"schema":{"@context":"https:\/\/schema.org","@graph":[{"@type":"WebPage","@id":"https:\/\/cerdafabrics.com\/es\/aviso-legal\/","url":"https:\/\/cerdafabrics.com\/es\/aviso-legal\/","name":"Aviso legal - Cerda Fabrics","isPartOf":{"@id":"https:\/\/cerdafabrics.com\/#website"},"datePublished":"2024-10-28T12:16:32+00:00","dateModified":"2026-02-16T10:21:00+00:00","breadcrumb":{"@id":"https:\/\/cerdafabrics.com\/es\/aviso-legal\/#breadcrumb"},"inLanguage":"es","potentialAction":[{"@type":"ReadAction","target":["https:\/\/cerdafabrics.com\/es\/aviso-legal\/"]}]},{"@type":"BreadcrumbList","@id":"https:\/\/cerdafabrics.com\/es\/aviso-legal\/#breadcrumb","itemListElement":[{"@type":"ListItem","position":1,"name":"Home","item":"https:\/\/cerdafabrics.com\/"},{"@type":"ListItem","position":2,"name":"Aviso legal"}]},{"@type":"WebSite","@id":"https:\/\/cerdafabrics.com\/#website","url":"https:\/\/cerdafabrics.com\/","name":"Cerda Fabrics","description":"Performance fabrics that inspire, quality that endures","publisher":{"@id":"https:\/\/cerdafabrics.com\/#organization"},"potentialAction":[{"@type":"SearchAction","target":{"@type":"EntryPoint","urlTemplate":"https:\/\/cerdafabrics.com\/?s={search_term_string}"},"query-input":{"@type":"PropertyValueSpecification","valueRequired":true,"valueName":"search_term_string"}}],"inLanguage":"es"},{"@type":"Organization","@id":"https:\/\/cerdafabrics.com\/#organization","name":"Cerda Fabrics","url":"https:\/\/cerdafabrics.com\/","logo":{"@type":"ImageObject","inLanguage":"es","@id":"https:\/\/cerdafabrics.com\/#\/schema\/logo\/image\/","url":"https:\/\/cerdafabrics.com\/wp-content\/uploads\/2024\/10\/Logo-cerdafabrics-scaled.webp","contentUrl":"https:\/\/cerdafabrics.com\/wp-content\/uploads\/2024\/10\/Logo-cerdafabrics-scaled.webp","width":2560,"height":508,"caption":"Cerda Fabrics"},"image":{"@id":"https:\/\/cerdafabrics.com\/#\/schema\/logo\/image\/"}}]}},"_links":{"self":[{"href":"https:\/\/cerdafabrics.com\/es\/wp-json\/wp\/v2\/pages\/3392","targetHints":{"allow":["GET"]}}],"collection":[{"href":"https:\/\/cerdafabrics.com\/es\/wp-json\/wp\/v2\/pages"}],"about":[{"href":"https:\/\/cerdafabrics.com\/es\/wp-json\/wp\/v2\/types\/page"}],"author":[{"embeddable":true,"href":"https:\/\/cerdafabrics.com\/es\/wp-json\/wp\/v2\/users\/1"}],"replies":[{"embeddable":true,"href":"https:\/\/cerdafabrics.com\/es\/wp-json\/wp\/v2\/comments?post=3392"}],"version-history":[{"count":15,"href":"https:\/\/cerdafabrics.com\/es\/wp-json\/wp\/v2\/pages\/3392\/revisions"}],"predecessor-version":[{"id":6465,"href":"https:\/\/cerdafabrics.com\/es\/wp-json\/wp\/v2\/pages\/3392\/revisions\/6465"}],"wp:attachment":[{"href":"https:\/\/cerdafabrics.com\/es\/wp-json\/wp\/v2\/media?parent=3392"}],"curies":[{"name":"wp","href":"https:\/\/api.w.org\/{rel}","templated":true}]}}