{"id":4929,"date":"2024-10-28T13:16:32","date_gmt":"2024-10-28T12:16:32","guid":{"rendered":"https:\/\/cerdafabrics.com\/avis-juridique\/"},"modified":"2026-02-16T11:38:43","modified_gmt":"2026-02-16T10:38:43","slug":"avis-juridique","status":"publish","type":"page","link":"https:\/\/cerdafabrics.com\/fr\/avis-juridique\/","title":{"rendered":"Mentions l\u00e9gales"},"content":{"rendered":"\t\t<div data-elementor-type=\"wp-page\" data-elementor-id=\"4929\" class=\"elementor elementor-4929 elementor-11\" data-elementor-post-type=\"page\">\n\t\t\t\t<div class=\"elementor-element elementor-element-2eae973 e-con-full e-flex elementor-invisible e-con e-parent\" data-id=\"2eae973\" data-element_type=\"container\" data-settings=\"{&quot;background_background&quot;:&quot;classic&quot;,&quot;animation&quot;:&quot;fadeIn&quot;}\">\n\t\t\t\t<div class=\"elementor-element elementor-element-3413377 elementor-widget elementor-widget-heading\" data-id=\"3413377\" data-element_type=\"widget\" data-widget_type=\"heading.default\">\n\t\t\t\t<div class=\"elementor-widget-container\">\n\t\t\t\t\t<h1 class=\"elementor-heading-title elementor-size-default\">Mentions l\u00e9gales<\/h1>\t\t\t\t<\/div>\n\t\t\t\t<\/div>\n\t\t\t\t<\/div>\n\t\t<div class=\"elementor-element elementor-element-10295310 e-flex e-con-boxed e-con e-parent\" data-id=\"10295310\" data-element_type=\"container\">\n\t\t\t\t\t<div class=\"e-con-inner\">\n\t\t\t\t<div class=\"elementor-element elementor-element-1ed6131 elementor-widget elementor-widget-html\" data-id=\"1ed6131\" data-element_type=\"widget\" data-widget_type=\"html.default\">\n\t\t\t\t<div class=\"elementor-widget-container\">\n\t\t\t\t\t<p>Veuillez lire attentivement les mentions l\u00e9gales suivantes concernant le site web de Fernando Cerd\u00e1 Blanes E Hijos S.A.<\/p>\n\n<h2>Donn\u00e9es d\u2019identification du prestataire de services de la soci\u00e9t\u00e9 de l\u2019information<\/h2>\n<p>Conform\u00e9ment \u00e0 l\u2019article 10 de la Loi 34\/2002 du 11 juillet sur les Services de la Soci\u00e9t\u00e9 de l\u2019Information et le Commerce \u00c9lectronique (LSSI-CE), les informations suivantes sont fournies :<\/p>\n\n<p>Ce site web appartient \u00e0 : Fernando Cerd\u00e1 Blanes E Hijos S.A. (CIF : A-03146081).<\/p>\n\n<p>\nAdresse : Avda. Ram\u00f3n y Cajal, 42, 03450 Banyeres de Mariola (Alicante), Espagne <br>T\u00e9l\u00e9phone : +34 965 566 184<br>Site web : https:\/\/cerdafabrics.com\/<br>Email : <a href=\"mailto:oficina@fernandocerda.com\">oficina@fernandocerda.com<\/a>\n<\/p>\n\n<h2>Acceptation et validit\u00e9 des conditions g\u00e9n\u00e9rales<\/h2>\n<p>La navigation, l\u2019utilisation et\/ou l\u2019achat de tout produit propos\u00e9 sur ce site web vous conf\u00e8re la qualit\u00e9 d\u2019Utilisateur et implique votre acceptation pleine et enti\u00e8re de toutes les Conditions G\u00e9n\u00e9rales en vigueur.<\/p>\n\n<p>L\u2019Entreprise se r\u00e9serve le droit de modifier, \u00e0 tout moment et sans pr\u00e9avis, la pr\u00e9sentation, la configuration et les contenus du site web, ainsi que de suspendre temporairement ses services.<\/p>\n\n<h2>Conditions g\u00e9n\u00e9rales d\u2019utilisation du site web<\/h2>\n<p>L\u2019Utilisateur s\u2019engage \u00e0 respecter ces conditions et \u00e0 agir conform\u00e9ment \u00e0 la loi, \u00e0 la bonne foi et \u00e0 une utilisation appropri\u00e9e du site web, en s\u2019abstenant de toute activit\u00e9 pouvant endommager le site web, son propri\u00e9taire ou des tiers.<\/p>\n\n<ul>\n<li>Conserver les noms d\u2019utilisateur et mots de passe fournis par l\u2019Entreprise en toute s\u00e9curit\u00e9.<\/li>\n<li>Ne pas publier de contenu ill\u00e9gal, offensant, discriminatoire ou nuisible.<\/li>\n<li>Ne pas introduire de virus ou de logiciels malveillants.<\/li>\n<li>Ne pas endommager ni modifier les donn\u00e9es de l\u2019Entreprise ou de tiers.<\/li>\n<\/ul>\n\n<h2>Limitation de responsabilit\u00e9<\/h2>\n<ul>\n<li>L\u2019Entreprise n\u2019est pas responsable de l\u2019utilisation inappropri\u00e9e du site web.<\/li>\n<li>L\u2019Entreprise n\u2019est pas responsable des d\u00e9faillances techniques ou des interruptions de service.<\/li>\n<li>L\u2019Entreprise n\u2019est pas responsable des acc\u00e8s non autoris\u00e9s de tiers.<\/li>\n<li>L\u2019Entreprise n\u2019est pas responsable des dommages caus\u00e9s par des logiciels malveillants.<\/li>\n<\/ul>\n\n<h2>Utilisation des hyperliens<\/h2>\n<p>Les liens vers ce site web doivent uniquement pointer vers la page d\u2019accueil et ne doivent pas reproduire le contenu du site ni cr\u00e9er de confusion quant \u00e0 son origine.<\/p>\n\n<p>Aucune d\u00e9claration fausse ne peut \u00eatre faite \u00e0 propos de l\u2019Entreprise et l\u2019utilisation de ses marques sans autorisation est interdite.<\/p>\n\n<h2>Propri\u00e9t\u00e9 intellectuelle et industrielle<\/h2>\n<p>Tout le contenu du site web est prot\u00e9g\u00e9 par des droits de propri\u00e9t\u00e9 intellectuelle et industrielle appartenant \u00e0 Fernando Cerd\u00e1 Blanes E Hijos S.A.<\/p>\n\n<p>La reproduction ou la distribution du contenu sans autorisation est interdite.<\/p>\n\n<h2>Loi applicable et juridiction<\/h2>\n<p>Ces conditions sont r\u00e9gies par la l\u00e9gislation espagnole.<\/p>\n<p>L\u2019Entreprise et l\u2019Utilisateur se soumettent aux tribunaux d\u2019Alicante (Espagne) pour tout litige.<\/p>\n\t\t\t\t<\/div>\n\t\t\t\t<\/div>\n\t\t\t\t\t<\/div>\n\t\t\t\t<\/div>\n\t\t\t\t<\/div>\n\t\t","protected":false},"excerpt":{"rendered":"<p>Mentions l\u00e9gales Veuillez lire attentivement les mentions l\u00e9gales suivantes concernant le site web de Fernando Cerd\u00e1 Blanes E Hijos S.A. Donn\u00e9es d\u2019identification du prestataire de services de la soci\u00e9t\u00e9 de l\u2019information Conform\u00e9ment \u00e0 l\u2019article 10 de la Loi 34\/2002 du 11 juillet sur les Services de la Soci\u00e9t\u00e9 de l\u2019Information et le Commerce \u00c9lectronique (LSSI-CE), [&hellip;]<\/p>\n","protected":false},"author":1,"featured_media":0,"parent":0,"menu_order":0,"comment_status":"closed","ping_status":"closed","template":"","meta":{"footnotes":""},"class_list":["post-4929","page","type-page","status-publish","hentry"],"yoast_head":"<!-- This site is optimized with the Yoast SEO plugin v25.6 - https:\/\/yoast.com\/wordpress\/plugins\/seo\/ -->\n<title>Mentions l\u00e9gales - Cerda Fabrics<\/title>\n<meta name=\"robots\" content=\"index, follow, max-snippet:-1, max-image-preview:large, max-video-preview:-1\" \/>\n<link rel=\"canonical\" href=\"https:\/\/cerdafabrics.com\/fr\/avis-juridique\/\" \/>\n<meta property=\"og:locale\" content=\"fr_FR\" \/>\n<meta property=\"og:type\" content=\"article\" \/>\n<meta property=\"og:title\" content=\"Mentions l\u00e9gales - Cerda Fabrics\" \/>\n<meta property=\"og:description\" content=\"Mentions l\u00e9gales Veuillez lire attentivement les mentions l\u00e9gales suivantes concernant le site web de Fernando Cerd\u00e1 Blanes E Hijos S.A. Donn\u00e9es d\u2019identification du prestataire de services de la soci\u00e9t\u00e9 de l\u2019information Conform\u00e9ment \u00e0 l\u2019article 10 de la Loi 34\/2002 du 11 juillet sur les Services de la Soci\u00e9t\u00e9 de l\u2019Information et le Commerce \u00c9lectronique (LSSI-CE), [&hellip;]\" \/>\n<meta property=\"og:url\" content=\"https:\/\/cerdafabrics.com\/fr\/avis-juridique\/\" \/>\n<meta property=\"og:site_name\" content=\"Cerda Fabrics\" \/>\n<meta property=\"article:modified_time\" content=\"2026-02-16T10:38:43+00:00\" \/>\n<meta name=\"twitter:card\" content=\"summary_large_image\" \/>\n<meta name=\"twitter:label1\" content=\"Dur\u00e9e de lecture estim\u00e9e\" \/>\n\t<meta name=\"twitter:data1\" content=\"2 minutes\" \/>\n<script type=\"application\/ld+json\" class=\"yoast-schema-graph\">{\"@context\":\"https:\/\/schema.org\",\"@graph\":[{\"@type\":\"WebPage\",\"@id\":\"https:\/\/cerdafabrics.com\/fr\/avis-juridique\/\",\"url\":\"https:\/\/cerdafabrics.com\/fr\/avis-juridique\/\",\"name\":\"Mentions l\u00e9gales - Cerda Fabrics\",\"isPartOf\":{\"@id\":\"https:\/\/cerdafabrics.com\/#website\"},\"datePublished\":\"2024-10-28T12:16:32+00:00\",\"dateModified\":\"2026-02-16T10:38:43+00:00\",\"breadcrumb\":{\"@id\":\"https:\/\/cerdafabrics.com\/fr\/avis-juridique\/#breadcrumb\"},\"inLanguage\":\"fr-FR\",\"potentialAction\":[{\"@type\":\"ReadAction\",\"target\":[\"https:\/\/cerdafabrics.com\/fr\/avis-juridique\/\"]}]},{\"@type\":\"BreadcrumbList\",\"@id\":\"https:\/\/cerdafabrics.com\/fr\/avis-juridique\/#breadcrumb\",\"itemListElement\":[{\"@type\":\"ListItem\",\"position\":1,\"name\":\"Home\",\"item\":\"https:\/\/cerdafabrics.com\/\"},{\"@type\":\"ListItem\",\"position\":2,\"name\":\"Mentions l\u00e9gales\"}]},{\"@type\":\"WebSite\",\"@id\":\"https:\/\/cerdafabrics.com\/#website\",\"url\":\"https:\/\/cerdafabrics.com\/\",\"name\":\"Cerda Fabrics\",\"description\":\"Performance fabrics that inspire, quality that endures\",\"publisher\":{\"@id\":\"https:\/\/cerdafabrics.com\/#organization\"},\"potentialAction\":[{\"@type\":\"SearchAction\",\"target\":{\"@type\":\"EntryPoint\",\"urlTemplate\":\"https:\/\/cerdafabrics.com\/?s={search_term_string}\"},\"query-input\":{\"@type\":\"PropertyValueSpecification\",\"valueRequired\":true,\"valueName\":\"search_term_string\"}}],\"inLanguage\":\"fr-FR\"},{\"@type\":\"Organization\",\"@id\":\"https:\/\/cerdafabrics.com\/#organization\",\"name\":\"Cerda Fabrics\",\"url\":\"https:\/\/cerdafabrics.com\/\",\"logo\":{\"@type\":\"ImageObject\",\"inLanguage\":\"fr-FR\",\"@id\":\"https:\/\/cerdafabrics.com\/#\/schema\/logo\/image\/\",\"url\":\"https:\/\/cerdafabrics.com\/wp-content\/uploads\/2024\/10\/Logo-cerdafabrics-scaled.webp\",\"contentUrl\":\"https:\/\/cerdafabrics.com\/wp-content\/uploads\/2024\/10\/Logo-cerdafabrics-scaled.webp\",\"width\":2560,\"height\":508,\"caption\":\"Cerda Fabrics\"},\"image\":{\"@id\":\"https:\/\/cerdafabrics.com\/#\/schema\/logo\/image\/\"}}]}<\/script>\n<!-- \/ Yoast SEO plugin. -->","yoast_head_json":{"title":"Mentions l\u00e9gales - Cerda Fabrics","robots":{"index":"index","follow":"follow","max-snippet":"max-snippet:-1","max-image-preview":"max-image-preview:large","max-video-preview":"max-video-preview:-1"},"canonical":"https:\/\/cerdafabrics.com\/fr\/avis-juridique\/","og_locale":"fr_FR","og_type":"article","og_title":"Mentions l\u00e9gales - Cerda Fabrics","og_description":"Mentions l\u00e9gales Veuillez lire attentivement les mentions l\u00e9gales suivantes concernant le site web de Fernando Cerd\u00e1 Blanes E Hijos S.A. Donn\u00e9es d\u2019identification du prestataire de services de la soci\u00e9t\u00e9 de l\u2019information Conform\u00e9ment \u00e0 l\u2019article 10 de la Loi 34\/2002 du 11 juillet sur les Services de la Soci\u00e9t\u00e9 de l\u2019Information et le Commerce \u00c9lectronique (LSSI-CE), [&hellip;]","og_url":"https:\/\/cerdafabrics.com\/fr\/avis-juridique\/","og_site_name":"Cerda Fabrics","article_modified_time":"2026-02-16T10:38:43+00:00","twitter_card":"summary_large_image","twitter_misc":{"Dur\u00e9e de lecture estim\u00e9e":"2 minutes"},"schema":{"@context":"https:\/\/schema.org","@graph":[{"@type":"WebPage","@id":"https:\/\/cerdafabrics.com\/fr\/avis-juridique\/","url":"https:\/\/cerdafabrics.com\/fr\/avis-juridique\/","name":"Mentions l\u00e9gales - Cerda Fabrics","isPartOf":{"@id":"https:\/\/cerdafabrics.com\/#website"},"datePublished":"2024-10-28T12:16:32+00:00","dateModified":"2026-02-16T10:38:43+00:00","breadcrumb":{"@id":"https:\/\/cerdafabrics.com\/fr\/avis-juridique\/#breadcrumb"},"inLanguage":"fr-FR","potentialAction":[{"@type":"ReadAction","target":["https:\/\/cerdafabrics.com\/fr\/avis-juridique\/"]}]},{"@type":"BreadcrumbList","@id":"https:\/\/cerdafabrics.com\/fr\/avis-juridique\/#breadcrumb","itemListElement":[{"@type":"ListItem","position":1,"name":"Home","item":"https:\/\/cerdafabrics.com\/"},{"@type":"ListItem","position":2,"name":"Mentions l\u00e9gales"}]},{"@type":"WebSite","@id":"https:\/\/cerdafabrics.com\/#website","url":"https:\/\/cerdafabrics.com\/","name":"Cerda Fabrics","description":"Performance fabrics that inspire, quality that endures","publisher":{"@id":"https:\/\/cerdafabrics.com\/#organization"},"potentialAction":[{"@type":"SearchAction","target":{"@type":"EntryPoint","urlTemplate":"https:\/\/cerdafabrics.com\/?s={search_term_string}"},"query-input":{"@type":"PropertyValueSpecification","valueRequired":true,"valueName":"search_term_string"}}],"inLanguage":"fr-FR"},{"@type":"Organization","@id":"https:\/\/cerdafabrics.com\/#organization","name":"Cerda Fabrics","url":"https:\/\/cerdafabrics.com\/","logo":{"@type":"ImageObject","inLanguage":"fr-FR","@id":"https:\/\/cerdafabrics.com\/#\/schema\/logo\/image\/","url":"https:\/\/cerdafabrics.com\/wp-content\/uploads\/2024\/10\/Logo-cerdafabrics-scaled.webp","contentUrl":"https:\/\/cerdafabrics.com\/wp-content\/uploads\/2024\/10\/Logo-cerdafabrics-scaled.webp","width":2560,"height":508,"caption":"Cerda Fabrics"},"image":{"@id":"https:\/\/cerdafabrics.com\/#\/schema\/logo\/image\/"}}]}},"_links":{"self":[{"href":"https:\/\/cerdafabrics.com\/fr\/wp-json\/wp\/v2\/pages\/4929","targetHints":{"allow":["GET"]}}],"collection":[{"href":"https:\/\/cerdafabrics.com\/fr\/wp-json\/wp\/v2\/pages"}],"about":[{"href":"https:\/\/cerdafabrics.com\/fr\/wp-json\/wp\/v2\/types\/page"}],"author":[{"embeddable":true,"href":"https:\/\/cerdafabrics.com\/fr\/wp-json\/wp\/v2\/users\/1"}],"replies":[{"embeddable":true,"href":"https:\/\/cerdafabrics.com\/fr\/wp-json\/wp\/v2\/comments?post=4929"}],"version-history":[{"count":3,"href":"https:\/\/cerdafabrics.com\/fr\/wp-json\/wp\/v2\/pages\/4929\/revisions"}],"predecessor-version":[{"id":6468,"href":"https:\/\/cerdafabrics.com\/fr\/wp-json\/wp\/v2\/pages\/4929\/revisions\/6468"}],"wp:attachment":[{"href":"https:\/\/cerdafabrics.com\/fr\/wp-json\/wp\/v2\/media?parent=4929"}],"curies":[{"name":"wp","href":"https:\/\/api.w.org\/{rel}","templated":true}]}}