{"id":4940,"date":"2025-03-10T16:24:35","date_gmt":"2025-03-10T15:24:35","guid":{"rendered":"https:\/\/cerdafabrics.com\/cerdaline\/"},"modified":"2025-07-25T08:30:44","modified_gmt":"2025-07-25T06:30:44","slug":"cerdaline","status":"publish","type":"page","link":"https:\/\/cerdafabrics.com\/fr\/cerdaline\/","title":{"rendered":"Cerdaline"},"content":{"rendered":"\t\t<div data-elementor-type=\"wp-page\" data-elementor-id=\"4940\" class=\"elementor elementor-4940 elementor-4759\" data-elementor-post-type=\"page\">\n\t\t\t\t<div class=\"elementor-element elementor-element-a077521 e-con-full e-flex elementor-invisible e-con e-parent\" data-id=\"a077521\" data-element_type=\"container\" data-settings=\"{&quot;background_background&quot;:&quot;classic&quot;,&quot;animation&quot;:&quot;fadeIn&quot;}\">\n\t\t\t\t<div class=\"elementor-element elementor-element-168410a elementor-widget__width-initial elementor-widget elementor-widget-heading\" data-id=\"168410a\" data-element_type=\"widget\" data-widget_type=\"heading.default\">\n\t\t\t\t<div class=\"elementor-widget-container\">\n\t\t\t\t\t<h1 class=\"elementor-heading-title elementor-size-default\"><!-- x-tinymce\/html -->Cerdaline<\/h1>\t\t\t\t<\/div>\n\t\t\t\t<\/div>\n\t\t\t\t<\/div>\n\t\t<div class=\"elementor-element elementor-element-6ecf30f e-con-full e-flex e-con e-parent\" data-id=\"6ecf30f\" data-element_type=\"container\" data-settings=\"{&quot;background_background&quot;:&quot;classic&quot;}\">\n\t\t<div class=\"elementor-element elementor-element-78c6ffc e-con-full e-flex e-con e-child\" data-id=\"78c6ffc\" data-element_type=\"container\">\n\t\t\t\t<div class=\"elementor-element elementor-element-8511652 elementor-invisible elementor-widget elementor-widget-heading\" data-id=\"8511652\" data-element_type=\"widget\" data-settings=\"{&quot;_animation&quot;:&quot;fadeIn&quot;}\" data-widget_type=\"heading.default\">\n\t\t\t\t<div class=\"elementor-widget-container\">\n\t\t\t\t\t<h2 class=\"elementor-heading-title elementor-size-default\">Performance en ext\u00e9rieur, avec une touche de lin<\/h2>\t\t\t\t<\/div>\n\t\t\t\t<\/div>\n\t\t\t\t<div class=\"elementor-element elementor-element-08a95de elementor-invisible elementor-widget elementor-widget-text-editor\" data-id=\"08a95de\" data-element_type=\"widget\" data-settings=\"{&quot;_animation&quot;:&quot;fadeIn&quot;,&quot;_animation_delay&quot;:0}\" data-widget_type=\"text-editor.default\">\n\t\t\t\t<div class=\"elementor-widget-container\">\n\t\t\t\t\t\t\t\t\t<p class=\"p1\">Cerdaline est notre tissu d&rsquo;ext\u00e9rieur raffin\u00e9, con\u00e7u pour apporter la <span class=\"s1\">beaut\u00e9 intemporelle du<\/span> lin aux applications ext\u00e9rieures sans compromettre la durabilit\u00e9. Compos\u00e9 \u00e0 <span class=\"s1\">90 % de fibres acryliques teintes et \u00e0 10 % de lin<\/span>, Cerdaline offre une <span class=\"s1\">texture exceptionnellement douce et respirante<\/span>, garantissant un confort maximal sans compromettre les performances.   <\/p>\n<p class=\"p1\">Son aspect inspir\u00e9 de la nature et sa <span class=\"s1\">finition \u00e9l\u00e9gante<\/span> en font le choix id\u00e9al pour les <span class=\"s1\">meubles d&rsquo;ext\u00e9rieur, les coussins et les accessoires d\u00e9coratifs de qualit\u00e9 sup\u00e9rieure<\/span>, ajoutant une touche de sophistication \u00e0 n&rsquo;importe quel environnement. Alliant <span class=\"s1\">esth\u00e9tique et durabilit\u00e9<\/span>, Cerdaline red\u00e9finit le luxe pour les espaces ext\u00e9rieurs.   <\/p>\n\t\t\t\t\t\t\t\t<\/div>\n\t\t\t\t<\/div>\n\t\t\t\t<\/div>\n\t\t<div class=\"elementor-element elementor-element-60a309d e-con-full elementor-hidden-tablet e-flex e-con e-child\" data-id=\"60a309d\" data-element_type=\"container\" data-settings=\"{&quot;background_background&quot;:&quot;classic&quot;}\">\n\t\t\t\t<div class=\"elementor-element elementor-element-5939846 elementor-invisible elementor-widget elementor-widget-image\" data-id=\"5939846\" data-element_type=\"widget\" data-settings=\"{&quot;_animation&quot;:&quot;fadeIn&quot;}\" data-widget_type=\"image.default\">\n\t\t\t\t<div class=\"elementor-widget-container\">\n\t\t\t\t\t\t\t\t\t\t\t\t\t\t\t<img fetchpriority=\"high\" decoding=\"async\" width=\"1200\" height=\"800\" src=\"https:\/\/cerdafabrics.com\/wp-content\/uploads\/2025\/02\/COMPOSICION-COLORES-CERDALINES.webp\" class=\"elementor-animation-grow attachment-full size-full wp-image-4978\" alt=\"\" srcset=\"https:\/\/cerdafabrics.com\/wp-content\/uploads\/2025\/02\/COMPOSICION-COLORES-CERDALINES.webp 1200w, https:\/\/cerdafabrics.com\/wp-content\/uploads\/2025\/02\/COMPOSICION-COLORES-CERDALINES-300x200.webp 300w, https:\/\/cerdafabrics.com\/wp-content\/uploads\/2025\/02\/COMPOSICION-COLORES-CERDALINES-1024x683.webp 1024w, https:\/\/cerdafabrics.com\/wp-content\/uploads\/2025\/02\/COMPOSICION-COLORES-CERDALINES-768x512.webp 768w\" sizes=\"(max-width: 1200px) 100vw, 1200px\" \/>\t\t\t\t\t\t\t\t\t\t\t\t\t\t\t<\/div>\n\t\t\t\t<\/div>\n\t\t\t\t<\/div>\n\t\t\t\t<\/div>\n\t\t<div class=\"elementor-element elementor-element-44d74d2 e-con-full e-flex e-con e-parent\" data-id=\"44d74d2\" data-element_type=\"container\" data-settings=\"{&quot;background_background&quot;:&quot;classic&quot;}\">\n\t\t<div class=\"elementor-element elementor-element-02e2018 e-flex e-con-boxed elementor-invisible e-con e-child\" data-id=\"02e2018\" data-element_type=\"container\" data-settings=\"{&quot;animation&quot;:&quot;fadeIn&quot;}\">\n\t\t\t\t\t<div class=\"e-con-inner\">\n\t\t\t\t<div class=\"elementor-element elementor-element-b52b75e elementor-widget elementor-widget-heading\" data-id=\"b52b75e\" data-element_type=\"widget\" data-settings=\"{&quot;_animation&quot;:&quot;none&quot;}\" data-widget_type=\"heading.default\">\n\t\t\t\t<div class=\"elementor-widget-container\">\n\t\t\t\t\t<h2 class=\"elementor-heading-title elementor-size-default\"><p>Un toucher lin doux, fait pour l'ext\u00e9rieur.<span style=\"color: var( --e-global-color-primary );font-size: 3.1vw;letter-spacing: -0.28px\"><\/span><\/p><\/h2>\t\t\t\t<\/div>\n\t\t\t\t<\/div>\n\t\t\t\t<div class=\"elementor-element elementor-element-27be832 elementor-invisible elementor-widget elementor-widget-text-editor\" data-id=\"27be832\" data-element_type=\"widget\" data-settings=\"{&quot;_animation&quot;:&quot;fadeIn&quot;,&quot;_animation_delay&quot;:0}\" data-widget_type=\"text-editor.default\">\n\t\t\t\t<div class=\"elementor-widget-container\">\n\t\t\t\t\t\t\t\t\t<p class=\"p1\">D\u00e9couvrez l&rsquo;\u00e9quilibre parfait entre l&rsquo;<span class=\"s1\">\u00e9l\u00e9gance naturelle et les performances ext\u00e9rieures<\/span> avec <span class=\"s1\">Cerdaline<\/span>. Ce tissu haut de gamme apporte l&rsquo;aspect raffin\u00e9 et le <span class=\"s1\">toucher doux et naturel du lin<\/span> aux espaces ext\u00e9rieurs, tout en conservant la durabilit\u00e9 n\u00e9cessaire aux applications ext\u00e9rieures.  <\/p>\n\t\t\t\t\t\t\t\t<\/div>\n\t\t\t\t<\/div>\n\t\t\t\t\t<\/div>\n\t\t\t\t<\/div>\n\t\t\t\t<\/div>\n\t\t<div class=\"elementor-element elementor-element-6cf4619 e-flex e-con-boxed e-con e-parent\" data-id=\"6cf4619\" data-element_type=\"container\">\n\t\t\t\t\t<div class=\"e-con-inner\">\n\t\t<div class=\"elementor-element elementor-element-ad65e0a e-con-full e-flex e-con e-child\" data-id=\"ad65e0a\" data-element_type=\"container\">\n\t\t\t\t<div class=\"elementor-element elementor-element-da96686 elementor-widget elementor-widget-image\" data-id=\"da96686\" data-element_type=\"widget\" data-widget_type=\"image.default\">\n\t\t\t\t<div class=\"elementor-widget-container\">\n\t\t\t\t\t\t\t\t\t\t\t\t\t\t\t<img decoding=\"async\" width=\"800\" height=\"534\" src=\"https:\/\/cerdafabrics.com\/wp-content\/uploads\/2025\/03\/shutterstock_2011285052-1024x683.webp\" class=\"elementor-animation-grow attachment-large size-large wp-image-4942\" alt=\"\" srcset=\"https:\/\/cerdafabrics.com\/wp-content\/uploads\/2025\/03\/shutterstock_2011285052-1024x683.webp 1024w, https:\/\/cerdafabrics.com\/wp-content\/uploads\/2025\/03\/shutterstock_2011285052-300x200.webp 300w, https:\/\/cerdafabrics.com\/wp-content\/uploads\/2025\/03\/shutterstock_2011285052-768x512.webp 768w, https:\/\/cerdafabrics.com\/wp-content\/uploads\/2025\/03\/shutterstock_2011285052.webp 1200w\" sizes=\"(max-width: 800px) 100vw, 800px\" \/>\t\t\t\t\t\t\t\t\t\t\t\t\t\t\t<\/div>\n\t\t\t\t<\/div>\n\t\t\t\t<div class=\"elementor-element elementor-element-ecef6af elementor-widget elementor-widget-heading\" data-id=\"ecef6af\" data-element_type=\"widget\" data-settings=\"{&quot;_animation&quot;:&quot;none&quot;}\" data-widget_type=\"heading.default\">\n\t\t\t\t<div class=\"elementor-widget-container\">\n\t\t\t\t\t<h2 class=\"elementor-heading-title elementor-size-default\">Rev\u00eatement ext\u00e9rieur<\/h2>\t\t\t\t<\/div>\n\t\t\t\t<\/div>\n\t\t\t\t<\/div>\n\t\t<div class=\"elementor-element elementor-element-08b1719 e-con-full e-flex e-con e-child\" data-id=\"08b1719\" data-element_type=\"container\">\n\t\t\t\t<div class=\"elementor-element elementor-element-e5eb67a elementor-widget elementor-widget-image\" data-id=\"e5eb67a\" data-element_type=\"widget\" data-widget_type=\"image.default\">\n\t\t\t\t<div class=\"elementor-widget-container\">\n\t\t\t\t\t\t\t\t\t\t\t\t\t\t\t<img decoding=\"async\" src=\"https:\/\/cerdafabrics.com\/wp-content\/uploads\/elementor\/thumbs\/shutterstock_2014789307-r2ns8mjwcqhwfgyw4ei25b56jt2nw6but1egrvllj4.webp\" title=\"shutterstock_2014789307\" alt=\"shutterstock_2014789307\" class=\"elementor-animation-grow\" loading=\"lazy\" \/>\t\t\t\t\t\t\t\t\t\t\t\t\t\t\t<\/div>\n\t\t\t\t<\/div>\n\t\t\t\t<div class=\"elementor-element elementor-element-9042475 elementor-widget elementor-widget-heading\" data-id=\"9042475\" data-element_type=\"widget\" data-settings=\"{&quot;_animation&quot;:&quot;none&quot;}\" data-widget_type=\"heading.default\">\n\t\t\t\t<div class=\"elementor-widget-container\">\n\t\t\t\t\t<h2 class=\"elementor-heading-title elementor-size-default\">Chaises longues et coussins<\/h2>\t\t\t\t<\/div>\n\t\t\t\t<\/div>\n\t\t\t\t<\/div>\n\t\t\t\t\t<\/div>\n\t\t\t\t<\/div>\n\t\t<div class=\"elementor-element elementor-element-72955a4 e-flex e-con-boxed e-con e-parent\" data-id=\"72955a4\" data-element_type=\"container\">\n\t\t\t\t\t<div class=\"e-con-inner\">\n\t\t\t\t<div class=\"elementor-element elementor-element-35104b5 elementor-arrows-position-inside elementor-pagination-position-outside elementor-widget elementor-widget-image-carousel\" data-id=\"35104b5\" data-element_type=\"widget\" data-settings=\"{&quot;navigation&quot;:&quot;both&quot;,&quot;autoplay&quot;:&quot;yes&quot;,&quot;pause_on_hover&quot;:&quot;yes&quot;,&quot;pause_on_interaction&quot;:&quot;yes&quot;,&quot;autoplay_speed&quot;:5000,&quot;infinite&quot;:&quot;yes&quot;,&quot;speed&quot;:500}\" data-widget_type=\"image-carousel.default\">\n\t\t\t\t<div class=\"elementor-widget-container\">\n\t\t\t\t\t\t\t<div class=\"elementor-image-carousel-wrapper swiper\" role=\"region\" aria-roledescription=\"carousel\" aria-label=\"Image Carousel\" dir=\"ltr\">\n\t\t\t<div class=\"elementor-image-carousel swiper-wrapper\" aria-live=\"off\">\n\t\t\t\t\t\t\t\t<div class=\"swiper-slide\" role=\"group\" aria-roledescription=\"slide\" aria-label=\"1 sur 3\"><figure class=\"swiper-slide-inner\"><img decoding=\"async\" class=\"swiper-slide-image\" src=\"https:\/\/cerdafabrics.com\/wp-content\/uploads\/2025\/02\/COMPOSICION-COLORES-CERDALINES-1024x683.webp\" alt=\"COMPOSICIO\u0301N COLORES CERDALINES\" \/><\/figure><\/div><div class=\"swiper-slide\" role=\"group\" aria-roledescription=\"slide\" aria-label=\"2 sur 3\"><figure class=\"swiper-slide-inner\"><img decoding=\"async\" class=\"swiper-slide-image\" src=\"https:\/\/cerdafabrics.com\/wp-content\/uploads\/2025\/02\/CERDALINES-1024x683.webp\" alt=\"CERDALINES\" \/><\/figure><\/div><div class=\"swiper-slide\" role=\"group\" aria-roledescription=\"slide\" aria-label=\"3 sur 3\"><figure class=\"swiper-slide-inner\"><img decoding=\"async\" class=\"swiper-slide-image\" src=\"https:\/\/cerdafabrics.com\/wp-content\/uploads\/2025\/02\/COMPOSICION-COLORES-CERDALINES-1024x683.webp\" alt=\"COMPOSICIO\u0301N COLORES CERDALINES\" \/><\/figure><\/div>\t\t\t<\/div>\n\t\t\t\t\t\t\t\t\t\t\t\t<div class=\"elementor-swiper-button elementor-swiper-button-prev\" role=\"button\" tabindex=\"0\">\n\t\t\t\t\t\t<svg aria-hidden=\"true\" class=\"e-font-icon-svg e-eicon-chevron-left\" viewBox=\"0 0 1000 1000\" xmlns=\"http:\/\/www.w3.org\/2000\/svg\"><path d=\"M646 125C629 125 613 133 604 142L308 442C296 454 292 471 292 487 292 504 296 521 308 533L604 854C617 867 629 875 646 875 663 875 679 871 692 858 704 846 713 829 713 812 713 796 708 779 692 767L438 487 692 225C700 217 708 204 708 187 708 171 704 154 692 142 675 129 663 125 646 125Z\"><\/path><\/svg>\t\t\t\t\t<\/div>\n\t\t\t\t\t<div class=\"elementor-swiper-button elementor-swiper-button-next\" role=\"button\" tabindex=\"0\">\n\t\t\t\t\t\t<svg aria-hidden=\"true\" class=\"e-font-icon-svg e-eicon-chevron-right\" viewBox=\"0 0 1000 1000\" xmlns=\"http:\/\/www.w3.org\/2000\/svg\"><path d=\"M696 533C708 521 713 504 713 487 713 471 708 454 696 446L400 146C388 133 375 125 354 125 338 125 325 129 313 142 300 154 292 171 292 187 292 204 296 221 308 233L563 492 304 771C292 783 288 800 288 817 288 833 296 850 308 863 321 871 338 875 354 875 371 875 388 867 400 854L696 533Z\"><\/path><\/svg>\t\t\t\t\t<\/div>\n\t\t\t\t\n\t\t\t\t\t\t\t\t\t<div class=\"swiper-pagination\"><\/div>\n\t\t\t\t\t\t\t\t\t<\/div>\n\t\t\t\t\t\t<\/div>\n\t\t\t\t<\/div>\n\t\t\t\t\t<\/div>\n\t\t\t\t<\/div>\n\t\t\t\t<\/div>\n\t\t","protected":false},"excerpt":{"rendered":"<p>Cerdaline Performance en ext\u00e9rieur, avec une touche de lin Cerdaline est notre tissu d&rsquo;ext\u00e9rieur raffin\u00e9, con\u00e7u pour apporter la beaut\u00e9 intemporelle du lin aux applications ext\u00e9rieures sans compromettre la durabilit\u00e9. Compos\u00e9 \u00e0 90 % de fibres acryliques teintes et \u00e0 10 % de lin, Cerdaline offre une texture exceptionnellement douce et respirante, garantissant un confort [&hellip;]<\/p>\n","protected":false},"author":6,"featured_media":0,"parent":0,"menu_order":0,"comment_status":"closed","ping_status":"closed","template":"","meta":{"footnotes":""},"class_list":["post-4940","page","type-page","status-publish","hentry"],"yoast_head":"<!-- This site is optimized with the Yoast SEO plugin v25.6 - https:\/\/yoast.com\/wordpress\/plugins\/seo\/ -->\n<title>Cerdaline - Cerda Fabrics<\/title>\n<meta name=\"robots\" content=\"index, follow, max-snippet:-1, max-image-preview:large, max-video-preview:-1\" \/>\n<link rel=\"canonical\" href=\"https:\/\/cerdafabrics.com\/fr\/cerdaline\/\" \/>\n<meta property=\"og:locale\" content=\"fr_FR\" \/>\n<meta property=\"og:type\" content=\"article\" \/>\n<meta property=\"og:title\" content=\"Cerdaline - Cerda Fabrics\" \/>\n<meta property=\"og:description\" content=\"Cerdaline Performance en ext\u00e9rieur, avec une touche de lin Cerdaline est notre tissu d&rsquo;ext\u00e9rieur raffin\u00e9, con\u00e7u pour apporter la beaut\u00e9 intemporelle du lin aux applications ext\u00e9rieures sans compromettre la durabilit\u00e9. Compos\u00e9 \u00e0 90 % de fibres acryliques teintes et \u00e0 10 % de lin, Cerdaline offre une texture exceptionnellement douce et respirante, garantissant un confort [&hellip;]\" \/>\n<meta property=\"og:url\" content=\"https:\/\/cerdafabrics.com\/fr\/cerdaline\/\" \/>\n<meta property=\"og:site_name\" content=\"Cerda Fabrics\" \/>\n<meta property=\"article:modified_time\" content=\"2025-07-25T06:30:44+00:00\" \/>\n<meta property=\"og:image\" content=\"https:\/\/cerdafabrics.com\/wp-content\/uploads\/2025\/02\/COMPOSICION-COLORES-CERDALINES.webp\" \/>\n\t<meta property=\"og:image:width\" content=\"1200\" \/>\n\t<meta property=\"og:image:height\" content=\"800\" \/>\n\t<meta property=\"og:image:type\" content=\"image\/webp\" \/>\n<meta name=\"twitter:card\" content=\"summary_large_image\" \/>\n<meta name=\"twitter:label1\" content=\"Dur\u00e9e de lecture estim\u00e9e\" \/>\n\t<meta name=\"twitter:data1\" content=\"1 minute\" \/>\n<script type=\"application\/ld+json\" class=\"yoast-schema-graph\">{\"@context\":\"https:\/\/schema.org\",\"@graph\":[{\"@type\":\"WebPage\",\"@id\":\"https:\/\/cerdafabrics.com\/fr\/cerdaline\/\",\"url\":\"https:\/\/cerdafabrics.com\/fr\/cerdaline\/\",\"name\":\"Cerdaline - Cerda Fabrics\",\"isPartOf\":{\"@id\":\"https:\/\/cerdafabrics.com\/#website\"},\"primaryImageOfPage\":{\"@id\":\"https:\/\/cerdafabrics.com\/fr\/cerdaline\/#primaryimage\"},\"image\":{\"@id\":\"https:\/\/cerdafabrics.com\/fr\/cerdaline\/#primaryimage\"},\"thumbnailUrl\":\"https:\/\/cerdafabrics.com\/wp-content\/uploads\/2025\/02\/COMPOSICION-COLORES-CERDALINES.webp\",\"datePublished\":\"2025-03-10T15:24:35+00:00\",\"dateModified\":\"2025-07-25T06:30:44+00:00\",\"breadcrumb\":{\"@id\":\"https:\/\/cerdafabrics.com\/fr\/cerdaline\/#breadcrumb\"},\"inLanguage\":\"fr-FR\",\"potentialAction\":[{\"@type\":\"ReadAction\",\"target\":[\"https:\/\/cerdafabrics.com\/fr\/cerdaline\/\"]}]},{\"@type\":\"ImageObject\",\"inLanguage\":\"fr-FR\",\"@id\":\"https:\/\/cerdafabrics.com\/fr\/cerdaline\/#primaryimage\",\"url\":\"https:\/\/cerdafabrics.com\/wp-content\/uploads\/2025\/02\/COMPOSICION-COLORES-CERDALINES.webp\",\"contentUrl\":\"https:\/\/cerdafabrics.com\/wp-content\/uploads\/2025\/02\/COMPOSICION-COLORES-CERDALINES.webp\"},{\"@type\":\"BreadcrumbList\",\"@id\":\"https:\/\/cerdafabrics.com\/fr\/cerdaline\/#breadcrumb\",\"itemListElement\":[{\"@type\":\"ListItem\",\"position\":1,\"name\":\"Home\",\"item\":\"https:\/\/cerdafabrics.com\/\"},{\"@type\":\"ListItem\",\"position\":2,\"name\":\"Cerdaline\"}]},{\"@type\":\"WebSite\",\"@id\":\"https:\/\/cerdafabrics.com\/#website\",\"url\":\"https:\/\/cerdafabrics.com\/\",\"name\":\"Cerda Fabrics\",\"description\":\"Performance fabrics that inspire, quality that endures\",\"publisher\":{\"@id\":\"https:\/\/cerdafabrics.com\/#organization\"},\"potentialAction\":[{\"@type\":\"SearchAction\",\"target\":{\"@type\":\"EntryPoint\",\"urlTemplate\":\"https:\/\/cerdafabrics.com\/?s={search_term_string}\"},\"query-input\":{\"@type\":\"PropertyValueSpecification\",\"valueRequired\":true,\"valueName\":\"search_term_string\"}}],\"inLanguage\":\"fr-FR\"},{\"@type\":\"Organization\",\"@id\":\"https:\/\/cerdafabrics.com\/#organization\",\"name\":\"Cerda Fabrics\",\"url\":\"https:\/\/cerdafabrics.com\/\",\"logo\":{\"@type\":\"ImageObject\",\"inLanguage\":\"fr-FR\",\"@id\":\"https:\/\/cerdafabrics.com\/#\/schema\/logo\/image\/\",\"url\":\"https:\/\/cerdafabrics.com\/wp-content\/uploads\/2024\/10\/Logo-cerdafabrics-scaled.webp\",\"contentUrl\":\"https:\/\/cerdafabrics.com\/wp-content\/uploads\/2024\/10\/Logo-cerdafabrics-scaled.webp\",\"width\":2560,\"height\":508,\"caption\":\"Cerda Fabrics\"},\"image\":{\"@id\":\"https:\/\/cerdafabrics.com\/#\/schema\/logo\/image\/\"}}]}<\/script>\n<!-- \/ Yoast SEO plugin. -->","yoast_head_json":{"title":"Cerdaline - Cerda Fabrics","robots":{"index":"index","follow":"follow","max-snippet":"max-snippet:-1","max-image-preview":"max-image-preview:large","max-video-preview":"max-video-preview:-1"},"canonical":"https:\/\/cerdafabrics.com\/fr\/cerdaline\/","og_locale":"fr_FR","og_type":"article","og_title":"Cerdaline - Cerda Fabrics","og_description":"Cerdaline Performance en ext\u00e9rieur, avec une touche de lin Cerdaline est notre tissu d&rsquo;ext\u00e9rieur raffin\u00e9, con\u00e7u pour apporter la beaut\u00e9 intemporelle du lin aux applications ext\u00e9rieures sans compromettre la durabilit\u00e9. Compos\u00e9 \u00e0 90 % de fibres acryliques teintes et \u00e0 10 % de lin, Cerdaline offre une texture exceptionnellement douce et respirante, garantissant un confort [&hellip;]","og_url":"https:\/\/cerdafabrics.com\/fr\/cerdaline\/","og_site_name":"Cerda Fabrics","article_modified_time":"2025-07-25T06:30:44+00:00","og_image":[{"width":1200,"height":800,"url":"https:\/\/cerdafabrics.com\/wp-content\/uploads\/2025\/02\/COMPOSICION-COLORES-CERDALINES.webp","type":"image\/webp"}],"twitter_card":"summary_large_image","twitter_misc":{"Dur\u00e9e de lecture estim\u00e9e":"1 minute"},"schema":{"@context":"https:\/\/schema.org","@graph":[{"@type":"WebPage","@id":"https:\/\/cerdafabrics.com\/fr\/cerdaline\/","url":"https:\/\/cerdafabrics.com\/fr\/cerdaline\/","name":"Cerdaline - Cerda Fabrics","isPartOf":{"@id":"https:\/\/cerdafabrics.com\/#website"},"primaryImageOfPage":{"@id":"https:\/\/cerdafabrics.com\/fr\/cerdaline\/#primaryimage"},"image":{"@id":"https:\/\/cerdafabrics.com\/fr\/cerdaline\/#primaryimage"},"thumbnailUrl":"https:\/\/cerdafabrics.com\/wp-content\/uploads\/2025\/02\/COMPOSICION-COLORES-CERDALINES.webp","datePublished":"2025-03-10T15:24:35+00:00","dateModified":"2025-07-25T06:30:44+00:00","breadcrumb":{"@id":"https:\/\/cerdafabrics.com\/fr\/cerdaline\/#breadcrumb"},"inLanguage":"fr-FR","potentialAction":[{"@type":"ReadAction","target":["https:\/\/cerdafabrics.com\/fr\/cerdaline\/"]}]},{"@type":"ImageObject","inLanguage":"fr-FR","@id":"https:\/\/cerdafabrics.com\/fr\/cerdaline\/#primaryimage","url":"https:\/\/cerdafabrics.com\/wp-content\/uploads\/2025\/02\/COMPOSICION-COLORES-CERDALINES.webp","contentUrl":"https:\/\/cerdafabrics.com\/wp-content\/uploads\/2025\/02\/COMPOSICION-COLORES-CERDALINES.webp"},{"@type":"BreadcrumbList","@id":"https:\/\/cerdafabrics.com\/fr\/cerdaline\/#breadcrumb","itemListElement":[{"@type":"ListItem","position":1,"name":"Home","item":"https:\/\/cerdafabrics.com\/"},{"@type":"ListItem","position":2,"name":"Cerdaline"}]},{"@type":"WebSite","@id":"https:\/\/cerdafabrics.com\/#website","url":"https:\/\/cerdafabrics.com\/","name":"Cerda Fabrics","description":"Performance fabrics that inspire, quality that endures","publisher":{"@id":"https:\/\/cerdafabrics.com\/#organization"},"potentialAction":[{"@type":"SearchAction","target":{"@type":"EntryPoint","urlTemplate":"https:\/\/cerdafabrics.com\/?s={search_term_string}"},"query-input":{"@type":"PropertyValueSpecification","valueRequired":true,"valueName":"search_term_string"}}],"inLanguage":"fr-FR"},{"@type":"Organization","@id":"https:\/\/cerdafabrics.com\/#organization","name":"Cerda Fabrics","url":"https:\/\/cerdafabrics.com\/","logo":{"@type":"ImageObject","inLanguage":"fr-FR","@id":"https:\/\/cerdafabrics.com\/#\/schema\/logo\/image\/","url":"https:\/\/cerdafabrics.com\/wp-content\/uploads\/2024\/10\/Logo-cerdafabrics-scaled.webp","contentUrl":"https:\/\/cerdafabrics.com\/wp-content\/uploads\/2024\/10\/Logo-cerdafabrics-scaled.webp","width":2560,"height":508,"caption":"Cerda Fabrics"},"image":{"@id":"https:\/\/cerdafabrics.com\/#\/schema\/logo\/image\/"}}]}},"_links":{"self":[{"href":"https:\/\/cerdafabrics.com\/fr\/wp-json\/wp\/v2\/pages\/4940","targetHints":{"allow":["GET"]}}],"collection":[{"href":"https:\/\/cerdafabrics.com\/fr\/wp-json\/wp\/v2\/pages"}],"about":[{"href":"https:\/\/cerdafabrics.com\/fr\/wp-json\/wp\/v2\/types\/page"}],"author":[{"embeddable":true,"href":"https:\/\/cerdafabrics.com\/fr\/wp-json\/wp\/v2\/users\/6"}],"replies":[{"embeddable":true,"href":"https:\/\/cerdafabrics.com\/fr\/wp-json\/wp\/v2\/comments?post=4940"}],"version-history":[{"count":3,"href":"https:\/\/cerdafabrics.com\/fr\/wp-json\/wp\/v2\/pages\/4940\/revisions"}],"predecessor-version":[{"id":6058,"href":"https:\/\/cerdafabrics.com\/fr\/wp-json\/wp\/v2\/pages\/4940\/revisions\/6058"}],"wp:attachment":[{"href":"https:\/\/cerdafabrics.com\/fr\/wp-json\/wp\/v2\/media?parent=4940"}],"curies":[{"name":"wp","href":"https:\/\/api.w.org\/{rel}","templated":true}]}}