{"id":5005,"date":"2024-10-28T12:57:04","date_gmt":"2024-10-28T11:57:04","guid":{"rendered":"https:\/\/cerdafabrics.com\/politique-de-confidentialite\/"},"modified":"2026-02-16T10:41:32","modified_gmt":"2026-02-16T09:41:32","slug":"politique-de-confidentialite","status":"publish","type":"page","link":"https:\/\/cerdafabrics.com\/fr\/politique-de-confidentialite\/","title":{"rendered":"Politique de confidentialit\u00e9"},"content":{"rendered":"\t\t<div data-elementor-type=\"wp-page\" data-elementor-id=\"5005\" class=\"elementor elementor-5005 elementor-3\" data-elementor-post-type=\"page\">\n\t\t\t\t<div class=\"elementor-element elementor-element-8084ff6 e-con-full e-flex elementor-invisible e-con e-parent\" data-id=\"8084ff6\" data-element_type=\"container\" data-settings=\"{&quot;background_background&quot;:&quot;classic&quot;,&quot;animation&quot;:&quot;fadeIn&quot;}\">\n\t\t\t\t<div class=\"elementor-element elementor-element-ec50b30 elementor-widget elementor-widget-heading\" data-id=\"ec50b30\" data-element_type=\"widget\" data-widget_type=\"heading.default\">\n\t\t\t\t<div class=\"elementor-widget-container\">\n\t\t\t\t\t<h1 class=\"elementor-heading-title elementor-size-default\">Politique de confidentialit\u00e9<\/h1>\t\t\t\t<\/div>\n\t\t\t\t<\/div>\n\t\t\t\t<\/div>\n\t\t<div class=\"elementor-element elementor-element-39c7282 e-flex e-con-boxed elementor-invisible e-con e-parent\" data-id=\"39c7282\" data-element_type=\"container\" data-settings=\"{&quot;animation&quot;:&quot;fadeIn&quot;}\">\n\t\t\t\t\t<div class=\"e-con-inner\">\n\t\t\t\t<div class=\"elementor-element elementor-element-b2bebee elementor-widget elementor-widget-html\" data-id=\"b2bebee\" data-element_type=\"widget\" data-widget_type=\"html.default\">\n\t\t\t\t<div class=\"elementor-widget-container\">\n\t\t\t\t\t<p>L\u2019entreprise s\u2019engage particuli\u00e8rement \u00e0 prot\u00e9ger les donn\u00e9es personnelles des Utilisateurs des services du site web. Par la pr\u00e9sente Politique de Confidentialit\u00e9 (ci-apr\u00e8s, la Politique), l\u2019Entreprise informe les UTILISATEURS du site https:\/\/cerdafabrics.com\/ de la mani\u00e8re dont les donn\u00e9es personnelles collect\u00e9es sur le site sont trait\u00e9es, afin qu\u2019ils puissent d\u00e9cider librement et volontairement s\u2019ils souhaitent fournir les informations demand\u00e9es. <\/p>\n\n<p>L\u2019Entreprise se r\u00e9serve le droit de modifier cette Politique afin de l\u2019adapter aux \u00e9volutions l\u00e9gislatives, \u00e0 la jurisprudence, aux pratiques du secteur ou aux int\u00e9r\u00eats de l\u2019entreprise. Toute modification sera annonc\u00e9e \u00e0 l\u2019avance afin que les Utilisateurs en aient pleinement connaissance. <\/p>\n\n<h2>Responsable du traitement<\/h2>\n<p>Le responsable du traitement des donn\u00e9es personnelles est :<br>Fernando Cerd\u00e1 Blanes E Hijos S.A.<\/p>\n\n<p>Adresse enregistr\u00e9e :<br>Avda. Ram\u00f3n y Cajal, 42, 03450 Banyeres de Mariola (Alicante), Espagne <\/p>\n\n<p>T\u00e9l\u00e9phone : +34 965 566 184<br>Site web : https:\/\/cerdafabrics.com\/<br>Email : <a href=\"mailto:oficina@fernandocerda.com\">oficina@fernandocerda.com<\/a><\/p>\n\n<h2>Finalit\u00e9 du traitement<\/h2>\n<p>Les donn\u00e9es personnelles des utilisateurs sont trait\u00e9es par Fernando Cerd\u00e1 Blanes E Hijos S.A. aux fins suivantes:<\/p>\n\n<ol>\n<li>Gestion des clients et fournisseurs.<br>Fourniture des services demand\u00e9s.<br>Gestion des achats effectu\u00e9s sur notre site web.<\/li>\n<li>Fourniture des services demand\u00e9s.<\/li>\n<li>Gestion des achats effectu\u00e9s sur notre site web.<\/li>\n<li>Participation aux promotions, r\u00e9ductions et offres commerciales.<\/li>\n<li>Analyse statistique et \u00e9tudes de march\u00e9.<\/li>\n<li>Envoi de communications commerciales.<\/li>\n<\/ol>\n\n<h2>Conservation des donn\u00e9es<\/h2>\n<p>Les donn\u00e9es personnelles seront conserv\u00e9es pendant la dur\u00e9e n\u00e9cessaire pour respecter les obligations l\u00e9gales ou jusqu\u2019\u00e0 ce que leur suppression soit demand\u00e9e par la personne concern\u00e9e.<\/p>\n\n<h2>Base l\u00e9gale<\/h2>\n<p>L\u2019Entreprise est autoris\u00e9e \u00e0 traiter les donn\u00e9es personnelles sur la base du consentement accord\u00e9 par la personne concern\u00e9e pour une ou plusieurs finalit\u00e9s sp\u00e9cifiques, conform\u00e9ment \u00e0 l\u2019article 6.1.a) du R\u00e8glement G\u00e9n\u00e9ral sur la Protection des Donn\u00e9es (RGPD).<\/p>\n\n<p>Ce site web peut inclure des hyperliens permettant aux visiteurs d\u2019acc\u00e9der \u00e0 d\u2019autres sites web. L\u2019Entreprise n\u2019assume aucune responsabilit\u00e9 concernant les politiques de protection des donn\u00e9es adopt\u00e9es sur ces sites. <\/p>\n\n<h2>Destinataires<\/h2>\n<p>L\u2019Entreprise ne transf\u00e8re g\u00e9n\u00e9ralement pas de donn\u00e9es personnelles \u00e0 des tiers sauf lorsque cela est n\u00e9cessaire pour l\u2019organisation de certaines activit\u00e9s ou la prestation de services. Dans tous les cas, ces transferts sont r\u00e9gis par des contrats appropri\u00e9s, et l\u2019entit\u00e9 destinataire ne pourra pas utiliser les informations \u00e0 d\u2019autres fins que celles \u00e9tablies par l\u2019Entreprise. <\/p>\n\n<h2>Droits des utilisateurs<\/h2>\n<ul>\n<li>Droit de demander l\u2019acc\u00e8s aux donn\u00e9es personnelles.<\/li>\n<li>Droit de demander la rectification ou la suppression (droit \u00e0 l\u2019oubli).<\/li>\n<li>Droit de demander la limitation du traitement.<\/li>\n<li>Droit de s\u2019opposer au traitement.<\/li>\n<li>Droit \u00e0 la portabilit\u00e9 des donn\u00e9es.<\/li>\n<\/ul>\n\n<p>Les utilisateurs peuvent exercer ces droits en envoyant une demande accompagn\u00e9e d\u2019une copie de leur pi\u00e8ce d\u2019identit\u00e9 \u00e0 : oficina@fernandocerda.com<\/p>\n\n<h2>Mesures de s\u00e9curit\u00e9<\/h2>\n<p>Le responsable du traitement, Fernando Cerd\u00e1 Blanes E Hijos S.A., applique des mesures techniques et organisationnelles appropri\u00e9es afin de garantir un niveau de s\u00e9curit\u00e9 ad\u00e9quat.<\/p>\n\n<h2>Cookies<\/h2>\n<p>Nous vous informons que notre serveur n\u2019utilise pas de cookies ni d\u2019autres proc\u00e9dures invisibles de collecte de donn\u00e9es et ne stocke aucun type de fichier sur votre ordinateur.<\/p>\n\n<h2>Modifications de la politique<\/h2>\n<p>L\u2019Entreprise se r\u00e9serve le droit de modifier cette politique afin de l\u2019adapter aux \u00e9volutions l\u00e9gislatives ou jurisprudentielles ainsi qu\u2019aux exigences de l\u2019entreprise.<\/p>\n\n<p>Toute modification sera communiqu\u00e9e \u00e0 l\u2019avance sur notre site web. Pour toute question concernant cette politique, veuillez contacter : oficina@fernandocerda.com <\/p>\n\t\t\t\t<\/div>\n\t\t\t\t<\/div>\n\t\t\t\t\t<\/div>\n\t\t\t\t<\/div>\n\t\t\t\t<\/div>\n\t\t","protected":false},"excerpt":{"rendered":"<p>Politique de confidentialit\u00e9 L\u2019entreprise s\u2019engage particuli\u00e8rement \u00e0 prot\u00e9ger les donn\u00e9es personnelles des Utilisateurs des services du site web. Par la pr\u00e9sente Politique de Confidentialit\u00e9 (ci-apr\u00e8s, la Politique), l\u2019Entreprise informe les UTILISATEURS du site https:\/\/cerdafabrics.com\/ de la mani\u00e8re dont les donn\u00e9es personnelles collect\u00e9es sur le site sont trait\u00e9es, afin qu\u2019ils puissent d\u00e9cider librement et volontairement s\u2019ils [&hellip;]<\/p>\n","protected":false},"author":1,"featured_media":0,"parent":0,"menu_order":0,"comment_status":"closed","ping_status":"open","template":"","meta":{"footnotes":""},"class_list":["post-5005","page","type-page","status-publish","hentry"],"yoast_head":"<!-- This site is optimized with the Yoast SEO plugin v25.6 - https:\/\/yoast.com\/wordpress\/plugins\/seo\/ -->\n<title>Politique de confidentialit\u00e9 - Cerda Fabrics<\/title>\n<meta name=\"robots\" content=\"index, follow, max-snippet:-1, max-image-preview:large, max-video-preview:-1\" \/>\n<link rel=\"canonical\" href=\"https:\/\/cerdafabrics.com\/fr\/politique-de-confidentialite\/\" \/>\n<meta property=\"og:locale\" content=\"fr_FR\" \/>\n<meta property=\"og:type\" content=\"article\" \/>\n<meta property=\"og:title\" content=\"Politique de confidentialit\u00e9 - Cerda Fabrics\" \/>\n<meta property=\"og:description\" content=\"Politique de confidentialit\u00e9 L\u2019entreprise s\u2019engage particuli\u00e8rement \u00e0 prot\u00e9ger les donn\u00e9es personnelles des Utilisateurs des services du site web. Par la pr\u00e9sente Politique de Confidentialit\u00e9 (ci-apr\u00e8s, la Politique), l\u2019Entreprise informe les UTILISATEURS du site https:\/\/cerdafabrics.com\/ de la mani\u00e8re dont les donn\u00e9es personnelles collect\u00e9es sur le site sont trait\u00e9es, afin qu\u2019ils puissent d\u00e9cider librement et volontairement s\u2019ils [&hellip;]\" \/>\n<meta property=\"og:url\" content=\"https:\/\/cerdafabrics.com\/fr\/politique-de-confidentialite\/\" \/>\n<meta property=\"og:site_name\" content=\"Cerda Fabrics\" \/>\n<meta property=\"article:modified_time\" content=\"2026-02-16T09:41:32+00:00\" \/>\n<meta name=\"twitter:card\" content=\"summary_large_image\" \/>\n<meta name=\"twitter:label1\" content=\"Dur\u00e9e de lecture estim\u00e9e\" \/>\n\t<meta name=\"twitter:data1\" content=\"3 minutes\" \/>\n<script type=\"application\/ld+json\" class=\"yoast-schema-graph\">{\"@context\":\"https:\/\/schema.org\",\"@graph\":[{\"@type\":\"WebPage\",\"@id\":\"https:\/\/cerdafabrics.com\/fr\/politique-de-confidentialite\/\",\"url\":\"https:\/\/cerdafabrics.com\/fr\/politique-de-confidentialite\/\",\"name\":\"Politique de confidentialit\u00e9 - Cerda Fabrics\",\"isPartOf\":{\"@id\":\"https:\/\/cerdafabrics.com\/#website\"},\"datePublished\":\"2024-10-28T11:57:04+00:00\",\"dateModified\":\"2026-02-16T09:41:32+00:00\",\"breadcrumb\":{\"@id\":\"https:\/\/cerdafabrics.com\/fr\/politique-de-confidentialite\/#breadcrumb\"},\"inLanguage\":\"fr-FR\",\"potentialAction\":[{\"@type\":\"ReadAction\",\"target\":[\"https:\/\/cerdafabrics.com\/fr\/politique-de-confidentialite\/\"]}]},{\"@type\":\"BreadcrumbList\",\"@id\":\"https:\/\/cerdafabrics.com\/fr\/politique-de-confidentialite\/#breadcrumb\",\"itemListElement\":[{\"@type\":\"ListItem\",\"position\":1,\"name\":\"Home\",\"item\":\"https:\/\/cerdafabrics.com\/\"},{\"@type\":\"ListItem\",\"position\":2,\"name\":\"Politique de confidentialit\u00e9\"}]},{\"@type\":\"WebSite\",\"@id\":\"https:\/\/cerdafabrics.com\/#website\",\"url\":\"https:\/\/cerdafabrics.com\/\",\"name\":\"Cerda Fabrics\",\"description\":\"Performance fabrics that inspire, quality that endures\",\"publisher\":{\"@id\":\"https:\/\/cerdafabrics.com\/#organization\"},\"potentialAction\":[{\"@type\":\"SearchAction\",\"target\":{\"@type\":\"EntryPoint\",\"urlTemplate\":\"https:\/\/cerdafabrics.com\/?s={search_term_string}\"},\"query-input\":{\"@type\":\"PropertyValueSpecification\",\"valueRequired\":true,\"valueName\":\"search_term_string\"}}],\"inLanguage\":\"fr-FR\"},{\"@type\":\"Organization\",\"@id\":\"https:\/\/cerdafabrics.com\/#organization\",\"name\":\"Cerda Fabrics\",\"url\":\"https:\/\/cerdafabrics.com\/\",\"logo\":{\"@type\":\"ImageObject\",\"inLanguage\":\"fr-FR\",\"@id\":\"https:\/\/cerdafabrics.com\/#\/schema\/logo\/image\/\",\"url\":\"https:\/\/cerdafabrics.com\/wp-content\/uploads\/2024\/10\/Logo-cerdafabrics-scaled.webp\",\"contentUrl\":\"https:\/\/cerdafabrics.com\/wp-content\/uploads\/2024\/10\/Logo-cerdafabrics-scaled.webp\",\"width\":2560,\"height\":508,\"caption\":\"Cerda Fabrics\"},\"image\":{\"@id\":\"https:\/\/cerdafabrics.com\/#\/schema\/logo\/image\/\"}}]}<\/script>\n<!-- \/ Yoast SEO plugin. -->","yoast_head_json":{"title":"Politique de confidentialit\u00e9 - Cerda Fabrics","robots":{"index":"index","follow":"follow","max-snippet":"max-snippet:-1","max-image-preview":"max-image-preview:large","max-video-preview":"max-video-preview:-1"},"canonical":"https:\/\/cerdafabrics.com\/fr\/politique-de-confidentialite\/","og_locale":"fr_FR","og_type":"article","og_title":"Politique de confidentialit\u00e9 - Cerda Fabrics","og_description":"Politique de confidentialit\u00e9 L\u2019entreprise s\u2019engage particuli\u00e8rement \u00e0 prot\u00e9ger les donn\u00e9es personnelles des Utilisateurs des services du site web. Par la pr\u00e9sente Politique de Confidentialit\u00e9 (ci-apr\u00e8s, la Politique), l\u2019Entreprise informe les UTILISATEURS du site https:\/\/cerdafabrics.com\/ de la mani\u00e8re dont les donn\u00e9es personnelles collect\u00e9es sur le site sont trait\u00e9es, afin qu\u2019ils puissent d\u00e9cider librement et volontairement s\u2019ils [&hellip;]","og_url":"https:\/\/cerdafabrics.com\/fr\/politique-de-confidentialite\/","og_site_name":"Cerda Fabrics","article_modified_time":"2026-02-16T09:41:32+00:00","twitter_card":"summary_large_image","twitter_misc":{"Dur\u00e9e de lecture estim\u00e9e":"3 minutes"},"schema":{"@context":"https:\/\/schema.org","@graph":[{"@type":"WebPage","@id":"https:\/\/cerdafabrics.com\/fr\/politique-de-confidentialite\/","url":"https:\/\/cerdafabrics.com\/fr\/politique-de-confidentialite\/","name":"Politique de confidentialit\u00e9 - Cerda Fabrics","isPartOf":{"@id":"https:\/\/cerdafabrics.com\/#website"},"datePublished":"2024-10-28T11:57:04+00:00","dateModified":"2026-02-16T09:41:32+00:00","breadcrumb":{"@id":"https:\/\/cerdafabrics.com\/fr\/politique-de-confidentialite\/#breadcrumb"},"inLanguage":"fr-FR","potentialAction":[{"@type":"ReadAction","target":["https:\/\/cerdafabrics.com\/fr\/politique-de-confidentialite\/"]}]},{"@type":"BreadcrumbList","@id":"https:\/\/cerdafabrics.com\/fr\/politique-de-confidentialite\/#breadcrumb","itemListElement":[{"@type":"ListItem","position":1,"name":"Home","item":"https:\/\/cerdafabrics.com\/"},{"@type":"ListItem","position":2,"name":"Politique de confidentialit\u00e9"}]},{"@type":"WebSite","@id":"https:\/\/cerdafabrics.com\/#website","url":"https:\/\/cerdafabrics.com\/","name":"Cerda Fabrics","description":"Performance fabrics that inspire, quality that endures","publisher":{"@id":"https:\/\/cerdafabrics.com\/#organization"},"potentialAction":[{"@type":"SearchAction","target":{"@type":"EntryPoint","urlTemplate":"https:\/\/cerdafabrics.com\/?s={search_term_string}"},"query-input":{"@type":"PropertyValueSpecification","valueRequired":true,"valueName":"search_term_string"}}],"inLanguage":"fr-FR"},{"@type":"Organization","@id":"https:\/\/cerdafabrics.com\/#organization","name":"Cerda Fabrics","url":"https:\/\/cerdafabrics.com\/","logo":{"@type":"ImageObject","inLanguage":"fr-FR","@id":"https:\/\/cerdafabrics.com\/#\/schema\/logo\/image\/","url":"https:\/\/cerdafabrics.com\/wp-content\/uploads\/2024\/10\/Logo-cerdafabrics-scaled.webp","contentUrl":"https:\/\/cerdafabrics.com\/wp-content\/uploads\/2024\/10\/Logo-cerdafabrics-scaled.webp","width":2560,"height":508,"caption":"Cerda Fabrics"},"image":{"@id":"https:\/\/cerdafabrics.com\/#\/schema\/logo\/image\/"}}]}},"_links":{"self":[{"href":"https:\/\/cerdafabrics.com\/fr\/wp-json\/wp\/v2\/pages\/5005","targetHints":{"allow":["GET"]}}],"collection":[{"href":"https:\/\/cerdafabrics.com\/fr\/wp-json\/wp\/v2\/pages"}],"about":[{"href":"https:\/\/cerdafabrics.com\/fr\/wp-json\/wp\/v2\/types\/page"}],"author":[{"embeddable":true,"href":"https:\/\/cerdafabrics.com\/fr\/wp-json\/wp\/v2\/users\/1"}],"replies":[{"embeddable":true,"href":"https:\/\/cerdafabrics.com\/fr\/wp-json\/wp\/v2\/comments?post=5005"}],"version-history":[{"count":3,"href":"https:\/\/cerdafabrics.com\/fr\/wp-json\/wp\/v2\/pages\/5005\/revisions"}],"predecessor-version":[{"id":6459,"href":"https:\/\/cerdafabrics.com\/fr\/wp-json\/wp\/v2\/pages\/5005\/revisions\/6459"}],"wp:attachment":[{"href":"https:\/\/cerdafabrics.com\/fr\/wp-json\/wp\/v2\/media?parent=5005"}],"curies":[{"name":"wp","href":"https:\/\/api.w.org\/{rel}","templated":true}]}}