{"id":3790,"date":"2024-10-28T12:57:04","date_gmt":"2024-10-28T11:57:04","guid":{"rendered":"https:\/\/cerdafabrics.com\/politica-de-privacidade\/"},"modified":"2026-02-16T09:59:02","modified_gmt":"2026-02-16T08:59:02","slug":"politica-de-privacidade","status":"publish","type":"page","link":"https:\/\/cerdafabrics.com\/pt-pt\/politica-de-privacidade\/","title":{"rendered":"Pol\u00edtica de Privacidade<br><br>"},"content":{"rendered":"\t\t<div data-elementor-type=\"wp-page\" data-elementor-id=\"3790\" class=\"elementor elementor-3790 elementor-3\" data-elementor-post-type=\"page\">\n\t\t\t\t<div class=\"elementor-element elementor-element-8084ff6 e-con-full e-flex elementor-invisible e-con e-parent\" data-id=\"8084ff6\" data-element_type=\"container\" data-settings=\"{&quot;background_background&quot;:&quot;classic&quot;,&quot;animation&quot;:&quot;fadeIn&quot;}\">\n\t\t\t\t<div class=\"elementor-element elementor-element-ec50b30 elementor-widget elementor-widget-heading\" data-id=\"ec50b30\" data-element_type=\"widget\" data-widget_type=\"heading.default\">\n\t\t\t\t<div class=\"elementor-widget-container\">\n\t\t\t\t\t<h1 class=\"elementor-heading-title elementor-size-default\">Pol\u00edtica de Privacidade<br><br><\/h1>\t\t\t\t<\/div>\n\t\t\t\t<\/div>\n\t\t\t\t<\/div>\n\t\t<div class=\"elementor-element elementor-element-39c7282 e-flex e-con-boxed elementor-invisible e-con e-parent\" data-id=\"39c7282\" data-element_type=\"container\" data-settings=\"{&quot;animation&quot;:&quot;fadeIn&quot;}\">\n\t\t\t\t\t<div class=\"e-con-inner\">\n\t\t\t\t<div class=\"elementor-element elementor-element-b2bebee elementor-widget elementor-widget-html\" data-id=\"b2bebee\" data-element_type=\"widget\" data-widget_type=\"html.default\">\n\t\t\t\t<div class=\"elementor-widget-container\">\n\t\t\t\t\t<p>A Empresa est\u00e1 especialmente comprometida com a prote\u00e7\u00e3o dos dados pessoais dos Utilizadores dos servi\u00e7os do site. Atrav\u00e9s desta Pol\u00edtica de Privacidade (doravante, a Pol\u00edtica), a Empresa informa os UTILIZADORES do site https:\/\/cerdafabrics.com\/ sobre como os dados pessoais recolhidos no site s\u00e3o tratados, para que possam decidir livre e voluntariamente se desejam fornecer as informa\u00e7\u00f5es solicitadas. <\/p>\n\n<p>A Empresa reserva-se o direito de modificar esta Pol\u00edtica para a adaptar a desenvolvimentos legislativos, jurisprud\u00eancia, pr\u00e1ticas do setor ou interesses corporativos. Qualquer modifica\u00e7\u00e3o ser\u00e1 anunciada com anteced\u00eancia para que os Utilizadores estejam plenamente informados do seu conte\u00fado. <\/p>\n\n<h2>Respons\u00e1vel pelo Tratamento<\/h2>\n<p>O respons\u00e1vel pelo tratamento dos dados pessoais \u00e9:<br>Fernando Cerd\u00e1 Blanes E Hijos S.A.<\/p>\n\n<p>Endere\u00e7o registado:<br>Avda. Ram\u00f3n y Cajal, 42, 03450 Banyeres de Mariola (Alicante), Espanha <\/p>\n\n<p>Telefone: +34 965 566 184<br>Website: https:\/\/cerdafabrics.com\/<br>Email: <a href=\"mailto:oficina@fernandocerda.com\">oficina@fernandocerda.com<\/a><\/p>\n\n<h2>Finalidade do Tratamento<\/h2>\n<p>Os dados pessoais dos utilizadores s\u00e3o tratados por Fernando Cerd\u00e1 Blanes E Hijos S.A. para as seguintes finalidades:<\/p>\n\n<ol>\n<li>Gest\u00e3o de clientes e fornecedores.<\/li>\n<li>Presta\u00e7\u00e3o dos servi\u00e7os solicitados.<\/li>\n<li>Gest\u00e3o das compras realizadas no nosso website.<\/li>\n<li>Participa\u00e7\u00e3o em promo\u00e7\u00f5es, descontos e ofertas comerciais.<\/li>\n<li>An\u00e1lise estat\u00edstica e estudos de mercado.<\/li>\n<li>Envio de comunica\u00e7\u00f5es comerciais.<\/li>\n<\/ol>\n\n<h2>Conserva\u00e7\u00e3o dos dados<\/h2>\n<p>Personal data will be stored for the time necessary to comply with legal obligations or until its deletion is requested by the data subject.<\/p>\n\n<h2>Base legal<\/h2>\n<p>A Empresa est\u00e1 autorizada a tratar dados pessoais com base no consentimento concedido pelo titular dos dados para uma ou mais finalidades espec\u00edficas, de acordo com o artigo 6.1.a) do Regulamento Geral de Prote\u00e7\u00e3o de Dados (RGPD).<\/p>\n\n<p>Este website pode incluir hiperliga\u00e7\u00f5es que permitem aos visitantes aceder a outros websites. A Empresa n\u00e3o assume qualquer responsabilidade pelas pol\u00edticas de prote\u00e7\u00e3o de dados adotadas nesses sites. <\/p>\n\n<h2>Destinat\u00e1rios<\/h2>\n<p>A Empresa n\u00e3o transfere, de forma geral, dados pessoais para terceiros, exceto quando necess\u00e1rio para a organiza\u00e7\u00e3o de determinadas atividades ou presta\u00e7\u00e3o de servi\u00e7os. Em todos os casos, essas transfer\u00eancias s\u00e3o reguladas atrav\u00e9s de contratos apropriados, e a entidade destinat\u00e1ria n\u00e3o poder\u00e1 utilizar a informa\u00e7\u00e3o para fins diferentes dos estabelecidos pela Empresa. <\/p>\n\n<h2>Direitos dos Utilizadores<\/h2>\n<ul>\n<li>Direito de solicitar o acesso aos dados pessoais.<\/li>\n<li>Direito de solicitar a retifica\u00e7\u00e3o ou elimina\u00e7\u00e3o (direito ao esquecimento).<\/li>\n<li>Direito de solicitar a limita\u00e7\u00e3o do tratamento.<\/li>\n<li>Direito de se opor ao tratamento.<\/li>\n<li>Direito \u00e0 portabilidade dos dados.<\/li>\n<\/ul>\n\n<p>Os utilizadores podem exercer estes direitos enviando um pedido juntamente com uma c\u00f3pia do seu documento de identifica\u00e7\u00e3o para: oficina@fernandocerda.com<\/p>\n\n<h2>Medidas de seguran\u00e7a<\/h2>\n<p>O respons\u00e1vel pelo tratamento, Fernando Cerd\u00e1 Blanes E Hijos S.A., aplica medidas t\u00e9cnicas e organizativas adequadas para garantir um n\u00edvel de seguran\u00e7a apropriado.<\/p>\n\n<h2>Cookies<\/h2>\n<p>Informamos que o nosso servidor n\u00e3o utiliza cookies nem outros procedimentos invis\u00edveis de recolha de informa\u00e7\u00e3o e n\u00e3o armazena qualquer tipo de ficheiro no seu computador.<\/p>\n\n<h2>Altera\u00e7\u00f5es da pol\u00edtica<\/h2>\n<p>A Empresa reserva-se o direito de modificar esta pol\u00edtica para a adaptar a desenvolvimentos legislativos ou jurisprudenciais, bem como a requisitos corporativos.<\/p>\n\n<p>Quaisquer altera\u00e7\u00f5es ser\u00e3o comunicadas com anteced\u00eancia no nosso website. Para qualquer quest\u00e3o relacionada com esta pol\u00edtica, por favor contacte: oficina@fernandocerda.com <\/p>\n\t\t\t\t<\/div>\n\t\t\t\t<\/div>\n\t\t\t\t\t<\/div>\n\t\t\t\t<\/div>\n\t\t\t\t<\/div>\n\t\t","protected":false},"excerpt":{"rendered":"<p>Pol\u00edtica de Privacidade A Empresa est\u00e1 especialmente comprometida com a prote\u00e7\u00e3o dos dados pessoais dos Utilizadores dos servi\u00e7os do site. Atrav\u00e9s desta Pol\u00edtica de Privacidade (doravante, a Pol\u00edtica), a Empresa informa os UTILIZADORES do site https:\/\/cerdafabrics.com\/ sobre como os dados pessoais recolhidos no site s\u00e3o tratados, para que possam decidir livre e voluntariamente se desejam [&hellip;]<\/p>\n","protected":false},"author":1,"featured_media":0,"parent":0,"menu_order":0,"comment_status":"closed","ping_status":"open","template":"","meta":{"footnotes":""},"class_list":["post-3790","page","type-page","status-publish","hentry"],"yoast_head":"<!-- This site is optimized with the Yoast SEO plugin v25.6 - https:\/\/yoast.com\/wordpress\/plugins\/seo\/ -->\n<title>Pol\u00edtica de Privacidade - Cerda Fabrics<\/title>\n<meta name=\"robots\" content=\"index, follow, max-snippet:-1, max-image-preview:large, max-video-preview:-1\" \/>\n<link rel=\"canonical\" href=\"https:\/\/cerdafabrics.com\/pt-pt\/politica-de-privacidade\/\" \/>\n<meta property=\"og:locale\" content=\"pt_PT\" \/>\n<meta property=\"og:type\" content=\"article\" \/>\n<meta property=\"og:title\" content=\"Pol\u00edtica de Privacidade - Cerda Fabrics\" \/>\n<meta property=\"og:description\" content=\"Pol\u00edtica de Privacidade A Empresa est\u00e1 especialmente comprometida com a prote\u00e7\u00e3o dos dados pessoais dos Utilizadores dos servi\u00e7os do site. Atrav\u00e9s desta Pol\u00edtica de Privacidade (doravante, a Pol\u00edtica), a Empresa informa os UTILIZADORES do site https:\/\/cerdafabrics.com\/ sobre como os dados pessoais recolhidos no site s\u00e3o tratados, para que possam decidir livre e voluntariamente se desejam [&hellip;]\" \/>\n<meta property=\"og:url\" content=\"https:\/\/cerdafabrics.com\/pt-pt\/politica-de-privacidade\/\" \/>\n<meta property=\"og:site_name\" content=\"Cerda Fabrics\" \/>\n<meta property=\"article:modified_time\" content=\"2026-02-16T08:59:02+00:00\" \/>\n<meta name=\"twitter:card\" content=\"summary_large_image\" \/>\n<meta name=\"twitter:label1\" content=\"Tempo estimado de leitura\" \/>\n\t<meta name=\"twitter:data1\" content=\"3 minutos\" \/>\n<script type=\"application\/ld+json\" class=\"yoast-schema-graph\">{\"@context\":\"https:\/\/schema.org\",\"@graph\":[{\"@type\":\"WebPage\",\"@id\":\"https:\/\/cerdafabrics.com\/pt-pt\/politica-de-privacidade\/\",\"url\":\"https:\/\/cerdafabrics.com\/pt-pt\/politica-de-privacidade\/\",\"name\":\"Pol\u00edtica de Privacidade - Cerda Fabrics\",\"isPartOf\":{\"@id\":\"https:\/\/cerdafabrics.com\/#website\"},\"datePublished\":\"2024-10-28T11:57:04+00:00\",\"dateModified\":\"2026-02-16T08:59:02+00:00\",\"breadcrumb\":{\"@id\":\"https:\/\/cerdafabrics.com\/pt-pt\/politica-de-privacidade\/#breadcrumb\"},\"inLanguage\":\"pt-PT\",\"potentialAction\":[{\"@type\":\"ReadAction\",\"target\":[\"https:\/\/cerdafabrics.com\/pt-pt\/politica-de-privacidade\/\"]}]},{\"@type\":\"BreadcrumbList\",\"@id\":\"https:\/\/cerdafabrics.com\/pt-pt\/politica-de-privacidade\/#breadcrumb\",\"itemListElement\":[{\"@type\":\"ListItem\",\"position\":1,\"name\":\"Home\",\"item\":\"https:\/\/cerdafabrics.com\/\"},{\"@type\":\"ListItem\",\"position\":2,\"name\":\"Pol\u00edtica de Privacidade\"}]},{\"@type\":\"WebSite\",\"@id\":\"https:\/\/cerdafabrics.com\/#website\",\"url\":\"https:\/\/cerdafabrics.com\/\",\"name\":\"Cerda Fabrics\",\"description\":\"Performance fabrics that inspire, quality that endures\",\"publisher\":{\"@id\":\"https:\/\/cerdafabrics.com\/#organization\"},\"potentialAction\":[{\"@type\":\"SearchAction\",\"target\":{\"@type\":\"EntryPoint\",\"urlTemplate\":\"https:\/\/cerdafabrics.com\/?s={search_term_string}\"},\"query-input\":{\"@type\":\"PropertyValueSpecification\",\"valueRequired\":true,\"valueName\":\"search_term_string\"}}],\"inLanguage\":\"pt-PT\"},{\"@type\":\"Organization\",\"@id\":\"https:\/\/cerdafabrics.com\/#organization\",\"name\":\"Cerda Fabrics\",\"url\":\"https:\/\/cerdafabrics.com\/\",\"logo\":{\"@type\":\"ImageObject\",\"inLanguage\":\"pt-PT\",\"@id\":\"https:\/\/cerdafabrics.com\/#\/schema\/logo\/image\/\",\"url\":\"https:\/\/cerdafabrics.com\/wp-content\/uploads\/2024\/10\/Logo-cerdafabrics-scaled.webp\",\"contentUrl\":\"https:\/\/cerdafabrics.com\/wp-content\/uploads\/2024\/10\/Logo-cerdafabrics-scaled.webp\",\"width\":2560,\"height\":508,\"caption\":\"Cerda Fabrics\"},\"image\":{\"@id\":\"https:\/\/cerdafabrics.com\/#\/schema\/logo\/image\/\"}}]}<\/script>\n<!-- \/ Yoast SEO plugin. -->","yoast_head_json":{"title":"Pol\u00edtica de Privacidade - Cerda Fabrics","robots":{"index":"index","follow":"follow","max-snippet":"max-snippet:-1","max-image-preview":"max-image-preview:large","max-video-preview":"max-video-preview:-1"},"canonical":"https:\/\/cerdafabrics.com\/pt-pt\/politica-de-privacidade\/","og_locale":"pt_PT","og_type":"article","og_title":"Pol\u00edtica de Privacidade - Cerda Fabrics","og_description":"Pol\u00edtica de Privacidade A Empresa est\u00e1 especialmente comprometida com a prote\u00e7\u00e3o dos dados pessoais dos Utilizadores dos servi\u00e7os do site. Atrav\u00e9s desta Pol\u00edtica de Privacidade (doravante, a Pol\u00edtica), a Empresa informa os UTILIZADORES do site https:\/\/cerdafabrics.com\/ sobre como os dados pessoais recolhidos no site s\u00e3o tratados, para que possam decidir livre e voluntariamente se desejam [&hellip;]","og_url":"https:\/\/cerdafabrics.com\/pt-pt\/politica-de-privacidade\/","og_site_name":"Cerda Fabrics","article_modified_time":"2026-02-16T08:59:02+00:00","twitter_card":"summary_large_image","twitter_misc":{"Tempo estimado de leitura":"3 minutos"},"schema":{"@context":"https:\/\/schema.org","@graph":[{"@type":"WebPage","@id":"https:\/\/cerdafabrics.com\/pt-pt\/politica-de-privacidade\/","url":"https:\/\/cerdafabrics.com\/pt-pt\/politica-de-privacidade\/","name":"Pol\u00edtica de Privacidade - Cerda Fabrics","isPartOf":{"@id":"https:\/\/cerdafabrics.com\/#website"},"datePublished":"2024-10-28T11:57:04+00:00","dateModified":"2026-02-16T08:59:02+00:00","breadcrumb":{"@id":"https:\/\/cerdafabrics.com\/pt-pt\/politica-de-privacidade\/#breadcrumb"},"inLanguage":"pt-PT","potentialAction":[{"@type":"ReadAction","target":["https:\/\/cerdafabrics.com\/pt-pt\/politica-de-privacidade\/"]}]},{"@type":"BreadcrumbList","@id":"https:\/\/cerdafabrics.com\/pt-pt\/politica-de-privacidade\/#breadcrumb","itemListElement":[{"@type":"ListItem","position":1,"name":"Home","item":"https:\/\/cerdafabrics.com\/"},{"@type":"ListItem","position":2,"name":"Pol\u00edtica de Privacidade"}]},{"@type":"WebSite","@id":"https:\/\/cerdafabrics.com\/#website","url":"https:\/\/cerdafabrics.com\/","name":"Cerda Fabrics","description":"Performance fabrics that inspire, quality that endures","publisher":{"@id":"https:\/\/cerdafabrics.com\/#organization"},"potentialAction":[{"@type":"SearchAction","target":{"@type":"EntryPoint","urlTemplate":"https:\/\/cerdafabrics.com\/?s={search_term_string}"},"query-input":{"@type":"PropertyValueSpecification","valueRequired":true,"valueName":"search_term_string"}}],"inLanguage":"pt-PT"},{"@type":"Organization","@id":"https:\/\/cerdafabrics.com\/#organization","name":"Cerda Fabrics","url":"https:\/\/cerdafabrics.com\/","logo":{"@type":"ImageObject","inLanguage":"pt-PT","@id":"https:\/\/cerdafabrics.com\/#\/schema\/logo\/image\/","url":"https:\/\/cerdafabrics.com\/wp-content\/uploads\/2024\/10\/Logo-cerdafabrics-scaled.webp","contentUrl":"https:\/\/cerdafabrics.com\/wp-content\/uploads\/2024\/10\/Logo-cerdafabrics-scaled.webp","width":2560,"height":508,"caption":"Cerda Fabrics"},"image":{"@id":"https:\/\/cerdafabrics.com\/#\/schema\/logo\/image\/"}}]}},"_links":{"self":[{"href":"https:\/\/cerdafabrics.com\/pt-pt\/wp-json\/wp\/v2\/pages\/3790","targetHints":{"allow":["GET"]}}],"collection":[{"href":"https:\/\/cerdafabrics.com\/pt-pt\/wp-json\/wp\/v2\/pages"}],"about":[{"href":"https:\/\/cerdafabrics.com\/pt-pt\/wp-json\/wp\/v2\/types\/page"}],"author":[{"embeddable":true,"href":"https:\/\/cerdafabrics.com\/pt-pt\/wp-json\/wp\/v2\/users\/1"}],"replies":[{"embeddable":true,"href":"https:\/\/cerdafabrics.com\/pt-pt\/wp-json\/wp\/v2\/comments?post=3790"}],"version-history":[{"count":5,"href":"https:\/\/cerdafabrics.com\/pt-pt\/wp-json\/wp\/v2\/pages\/3790\/revisions"}],"predecessor-version":[{"id":6457,"href":"https:\/\/cerdafabrics.com\/pt-pt\/wp-json\/wp\/v2\/pages\/3790\/revisions\/6457"}],"wp:attachment":[{"href":"https:\/\/cerdafabrics.com\/pt-pt\/wp-json\/wp\/v2\/media?parent=3790"}],"curies":[{"name":"wp","href":"https:\/\/api.w.org\/{rel}","templated":true}]}}