{"id":3794,"date":"2024-10-28T13:17:27","date_gmt":"2024-10-28T12:17:27","guid":{"rendered":"https:\/\/cerdafabrics.com\/trabalhe-conosco\/"},"modified":"2025-06-12T12:45:42","modified_gmt":"2025-06-12T10:45:42","slug":"trabalhe-conosco","status":"publish","type":"page","link":"https:\/\/cerdafabrics.com\/pt-pt\/trabalhe-conosco\/","title":{"rendered":"Trabalhe Conosco<br> <br>"},"content":{"rendered":"\t\t<div data-elementor-type=\"wp-page\" data-elementor-id=\"3794\" class=\"elementor elementor-3794 elementor-16\" data-elementor-post-type=\"page\">\n\t\t\t\t<div class=\"elementor-element elementor-element-7def38c e-con-full e-flex elementor-invisible e-con e-parent\" data-id=\"7def38c\" data-element_type=\"container\" data-settings=\"{&quot;background_background&quot;:&quot;classic&quot;,&quot;animation&quot;:&quot;fadeIn&quot;}\">\n\t\t\t\t<div class=\"elementor-element elementor-element-6fc2713 elementor-widget__width-initial elementor-widget elementor-widget-heading\" data-id=\"6fc2713\" data-element_type=\"widget\" data-widget_type=\"heading.default\">\n\t\t\t\t<div class=\"elementor-widget-container\">\n\t\t\t\t\t<h1 class=\"elementor-heading-title elementor-size-default\">Trabalhe Conosco!<br><br><br><\/h1>\t\t\t\t<\/div>\n\t\t\t\t<\/div>\n\t\t\t\t<\/div>\n\t\t<div class=\"elementor-element elementor-element-7382ce7 e-con-full e-flex e-con e-parent\" data-id=\"7382ce7\" data-element_type=\"container\">\n\t\t<div class=\"elementor-element elementor-element-e6dfdb7 e-con-full e-flex e-con e-child\" data-id=\"e6dfdb7\" data-element_type=\"container\" data-settings=\"{&quot;background_background&quot;:&quot;classic&quot;}\">\n\t\t\t\t<div class=\"elementor-element elementor-element-2446736 elementor-widget-tablet__width-inherit elementor-widget-mobile__width-inherit elementor-invisible elementor-widget elementor-widget-image-box\" data-id=\"2446736\" data-element_type=\"widget\" data-settings=\"{&quot;_animation&quot;:&quot;fadeIn&quot;}\" data-widget_type=\"image-box.default\">\n\t\t\t\t<div class=\"elementor-widget-container\">\n\t\t\t\t\t<div class=\"elementor-image-box-wrapper\"><div class=\"elementor-image-box-content\"><p class=\"elementor-image-box-description\">A CERD\u00c1fabrics valoriza o talento como a chave do nosso sucesso. Convidamos profissionais de vendas, design, engenharia e t\u00eaxteis que compartilhem nossa paix\u00e3o por qualidade e inova\u00e7\u00e3o. Se voc\u00ea \u00e9 motivado e criativo, envie-nos seu curr\u00edculo\u2014ficaremos felizes em saber mais sobre voc\u00ea!<br><br>  <\/p><\/div><\/div>\t\t\t\t<\/div>\n\t\t\t\t<\/div>\n\t\t\t\t<div class=\"elementor-element elementor-element-0ee5ef8 elementor-invisible elementor-widget elementor-widget-image\" data-id=\"0ee5ef8\" data-element_type=\"widget\" data-settings=\"{&quot;_animation&quot;:&quot;fadeIn&quot;,&quot;_animation_delay&quot;:0}\" data-widget_type=\"image.default\">\n\t\t\t\t<div class=\"elementor-widget-container\">\n\t\t\t\t\t\t\t\t\t\t\t\t\t\t\t<img fetchpriority=\"high\" decoding=\"async\" width=\"1200\" height=\"731\" src=\"https:\/\/cerdafabrics.com\/wp-content\/uploads\/2025\/02\/WORK.webp\" class=\"elementor-animation-grow attachment-full size-full wp-image-4381\" alt=\"\" srcset=\"https:\/\/cerdafabrics.com\/wp-content\/uploads\/2025\/02\/WORK.webp 1200w, https:\/\/cerdafabrics.com\/wp-content\/uploads\/2025\/02\/WORK-300x183.webp 300w, https:\/\/cerdafabrics.com\/wp-content\/uploads\/2025\/02\/WORK-1024x624.webp 1024w, https:\/\/cerdafabrics.com\/wp-content\/uploads\/2025\/02\/WORK-768x468.webp 768w\" sizes=\"(max-width: 1200px) 100vw, 1200px\" \/>\t\t\t\t\t\t\t\t\t\t\t\t\t\t\t<\/div>\n\t\t\t\t<\/div>\n\t\t\t\t<\/div>\n\t\t<div class=\"elementor-element elementor-element-38f99f2 e-con-full e-flex e-con e-child\" data-id=\"38f99f2\" data-element_type=\"container\" data-settings=\"{&quot;background_background&quot;:&quot;classic&quot;}\">\n\t\t\t\t<div class=\"elementor-element elementor-element-e8c8efa elementor-invisible elementor-widget elementor-widget-icon-box\" data-id=\"e8c8efa\" data-element_type=\"widget\" data-settings=\"{&quot;_animation&quot;:&quot;fadeIn&quot;}\" data-widget_type=\"icon-box.default\">\n\t\t\t\t<div class=\"elementor-widget-container\">\n\t\t\t\t\t\t\t<div class=\"elementor-icon-box-wrapper\">\n\n\t\t\t\n\t\t\t\t\t\t<div class=\"elementor-icon-box-content\">\n\n\t\t\t\t\t\t\t\t\t<h3 class=\"elementor-icon-box-title\">\n\t\t\t\t\t\t<span  >\n\t\t\t\t\t\t\tPor que se juntar \u00e0 CERD\u00c1fabrics?<br><br>\t\t\t\t\t\t<\/span>\n\t\t\t\t\t<\/h3>\n\t\t\t\t\n\t\t\t\t\t\t\t\t\t<p class=\"elementor-icon-box-description\">\n\t\t\t\t\t\tJunte-se \u00e0 nossa equipe para prosperar em um ambiente colaborativo, impulsionar solu\u00e7\u00f5es t\u00eaxteis de alta qualidade e crescer profissionalmente, superando expectativas.<br><br>\t\t\t\t\t<\/p>\n\t\t\t\t\n\t\t\t<\/div>\n\t\t\t\n\t\t<\/div>\n\t\t\t\t\t\t<\/div>\n\t\t\t\t<\/div>\n\t\t\t\t<div class=\"elementor-element elementor-element-4c6f6cd elementor-invisible elementor-widget elementor-widget-icon-box\" data-id=\"4c6f6cd\" data-element_type=\"widget\" data-settings=\"{&quot;_animation&quot;:&quot;fadeIn&quot;,&quot;_animation_delay&quot;:0}\" data-widget_type=\"icon-box.default\">\n\t\t\t\t<div class=\"elementor-widget-container\">\n\t\t\t\t\t\t\t<div class=\"elementor-icon-box-wrapper\">\n\n\t\t\t\n\t\t\t\t\t\t<div class=\"elementor-icon-box-content\">\n\n\t\t\t\t\t\t\t\t\t<h3 class=\"elementor-icon-box-title\">\n\t\t\t\t\t\t<span  >\n\t\t\t\t\t\t\tQuem Estamos Procurando?<br><br>\t\t\t\t\t\t<\/span>\n\t\t\t\t\t<\/h3>\n\t\t\t\t\n\t\t\t\t\t\t\t\t\t<p class=\"elementor-icon-box-description\">\n\t\t\t\t\t\tBuscamos pessoas entusiasmadas, com iniciativa e apaixonadas pela ind\u00fastria t\u00eaxtil. Seja voc\u00ea especialista em vendas, design ou manufatura, queremos conhecer voc\u00ea! \t\t\t\t\t<\/p>\n\t\t\t\t\n\t\t\t<\/div>\n\t\t\t\n\t\t<\/div>\n\t\t\t\t\t\t<\/div>\n\t\t\t\t<\/div>\n\t\t\t\t<div class=\"elementor-element elementor-element-e4dabeb elementor-invisible elementor-widget elementor-widget-icon-box\" data-id=\"e4dabeb\" data-element_type=\"widget\" data-settings=\"{&quot;_animation&quot;:&quot;fadeIn&quot;,&quot;_animation_delay&quot;:0}\" data-widget_type=\"icon-box.default\">\n\t\t\t\t<div class=\"elementor-widget-container\">\n\t\t\t\t\t\t\t<div class=\"elementor-icon-box-wrapper\">\n\n\t\t\t\n\t\t\t\t\t\t<div class=\"elementor-icon-box-content\">\n\n\t\t\t\t\t\t\t\t\t<h3 class=\"elementor-icon-box-title\">\n\t\t\t\t\t\t<span  >\n\t\t\t\t\t\t\tEnvie-nos sua candidatura!<br> <br>\t\t\t\t\t\t<\/span>\n\t\t\t\t\t<\/h3>\n\t\t\t\t\n\t\t\t\t\t\t\t\t\t<p class=\"elementor-icon-box-description\">\n\t\t\t\t\t\tJunte-se \u00e0 CERD\u00c1fabrics! Envie seu curr\u00edculo e uma breve apresenta\u00e7\u00e3o sobre suas motiva\u00e7\u00f5es e como voc\u00ea pode contribuir. Estamos empolgados para descobrir novos talentos que impulsionem nosso crescimento!<br><br>  \t\t\t\t\t<\/p>\n\t\t\t\t\n\t\t\t<\/div>\n\t\t\t\n\t\t<\/div>\n\t\t\t\t\t\t<\/div>\n\t\t\t\t<\/div>\n\t\t\t\t<\/div>\n\t\t\t\t<\/div>\n\t\t<div class=\"elementor-element elementor-element-ZCnnRzk e-con-full e-flex e-con e-parent\" data-id=\"ZCnnRzk\" data-element_type=\"container\" data-settings=\"{&quot;background_background&quot;:&quot;classic&quot;}\">\n\t\t\t\t<div class=\"elementor-element elementor-element-aA8Fgol elementor-invisible elementor-widget elementor-widget-heading\" data-id=\"aA8Fgol\" data-element_type=\"widget\" data-settings=\"{&quot;_animation&quot;:&quot;fadeIn&quot;}\" data-widget_type=\"heading.default\">\n\t\t\t\t<div class=\"elementor-widget-container\">\n\t\t\t\t\t<h5 class=\"elementor-heading-title elementor-size-default\">Junte-se \u00e0 Equipe!<br> <br><\/h5>\t\t\t\t<\/div>\n\t\t\t\t<\/div>\n\t\t\t\t<div class=\"elementor-element elementor-element-WUwQiOo elementor-invisible elementor-widget elementor-widget-heading\" data-id=\"WUwQiOo\" data-element_type=\"widget\" data-settings=\"{&quot;_animation&quot;:&quot;fadeIn&quot;}\" data-widget_type=\"heading.default\">\n\t\t\t\t<div class=\"elementor-widget-container\">\n\t\t\t\t\t<h2 class=\"elementor-heading-title elementor-size-default\">Um Lugar Onde o Talento Brilha<br> <br><\/h2>\t\t\t\t<\/div>\n\t\t\t\t<\/div>\n\t\t\t\t<div class=\"elementor-element elementor-element-450a3ae elementor-view-default elementor-invisible elementor-widget elementor-widget-icon\" data-id=\"450a3ae\" data-element_type=\"widget\" data-settings=\"{&quot;_animation&quot;:&quot;fadeIn&quot;}\" data-widget_type=\"icon.default\">\n\t\t\t\t<div class=\"elementor-widget-container\">\n\t\t\t\t\t\t\t<div class=\"elementor-icon-wrapper\">\n\t\t\t<div class=\"elementor-icon\">\n\t\t\t<svg aria-hidden=\"true\" class=\"e-font-icon-svg e-fas-arrow-down\" viewBox=\"0 0 448 512\" xmlns=\"http:\/\/www.w3.org\/2000\/svg\"><path d=\"M413.1 222.5l22.2 22.2c9.4 9.4 9.4 24.6 0 33.9L241 473c-9.4 9.4-24.6 9.4-33.9 0L12.7 278.6c-9.4-9.4-9.4-24.6 0-33.9l22.2-22.2c9.5-9.5 25-9.3 34.3.4L184 343.4V56c0-13.3 10.7-24 24-24h32c13.3 0 24 10.7 24 24v287.4l114.8-120.5c9.3-9.8 24.8-10 34.3-.4z\"><\/path><\/svg>\t\t\t<\/div>\n\t\t<\/div>\n\t\t\t\t\t\t<\/div>\n\t\t\t\t<\/div>\n\t\t\t\t<div class=\"elementor-element elementor-element-9daccfc elementor-widget__width-initial elementor-widget-tablet__width-inherit elementor-button-align-stretch elementor-invisible elementor-widget elementor-widget-form\" data-id=\"9daccfc\" data-element_type=\"widget\" data-settings=\"{&quot;step_next_label&quot;:&quot;Seguinte&quot;,&quot;step_previous_label&quot;:&quot;Volta&quot;,&quot;_animation&quot;:&quot;fadeIn&quot;,&quot;_animation_delay&quot;:0,&quot;button_width&quot;:&quot;100&quot;,&quot;step_type&quot;:&quot;number_text&quot;,&quot;step_icon_shape&quot;:&quot;circle&quot;}\" data-widget_type=\"form.default\">\n\t\t\t\t<div class=\"elementor-widget-container\">\n\t\t\t\t\t\t\t<form class=\"elementor-form\" method=\"post\" name=\"Novo formul\u00e1rio\" aria-label=\"Novo formul\u00e1rio\">\n\t\t\t<input type=\"hidden\" name=\"post_id\" value=\"3794\"\/>\n\t\t\t<input type=\"hidden\" name=\"form_id\" value=\"9daccfc\"\/>\n\t\t\t<input type=\"hidden\" name=\"referer_title\" value=\"Cerda Fabrics\" \/>\n\n\t\t\t\n\t\t\t<div class=\"elementor-form-fields-wrapper elementor-labels-above\">\n\t\t\t\t\t\t\t\t<div class=\"elementor-field-type-text elementor-field-group elementor-column elementor-field-group-name elementor-col-100 elementor-field-required\">\n\t\t\t\t\t\t\t\t\t\t\t\t\t<input size=\"1\" type=\"text\" name=\"form_fields[name]\" id=\"form-field-name\" class=\"elementor-field elementor-size-lg  elementor-field-textual\" placeholder=\"Nome *\" required=\"required\">\n\t\t\t\t\t\t\t\t\t\t\t<\/div>\n\t\t\t\t\t\t\t\t<div class=\"elementor-field-type-text elementor-field-group elementor-column elementor-field-group-last_name elementor-col-100 elementor-field-required\">\n\t\t\t\t\t\t\t\t\t\t\t\t\t<input size=\"1\" type=\"text\" name=\"form_fields[last_name]\" id=\"form-field-last_name\" class=\"elementor-field elementor-size-lg  elementor-field-textual\" placeholder=\"Sobrenome *\" required=\"required\">\n\t\t\t\t\t\t\t\t\t\t\t<\/div>\n\t\t\t\t\t\t\t\t<div class=\"elementor-field-type-email elementor-field-group elementor-column elementor-field-group-email elementor-col-100 elementor-field-required\">\n\t\t\t\t\t\t\t\t\t\t\t\t\t<input size=\"1\" type=\"email\" name=\"form_fields[email]\" id=\"form-field-email\" class=\"elementor-field elementor-size-lg  elementor-field-textual\" placeholder=\"Correio eletr\u00f3nico *\" required=\"required\">\n\t\t\t\t\t\t\t\t\t\t\t<\/div>\n\t\t\t\t\t\t\t\t<div class=\"elementor-field-type-tel elementor-field-group elementor-column elementor-field-group-phone elementor-col-100 elementor-field-required\">\n\t\t\t\t\t\t\t<input size=\"1\" type=\"tel\" name=\"form_fields[phone]\" id=\"form-field-phone\" class=\"elementor-field elementor-size-lg  elementor-field-textual\" placeholder=\"Telefone *\" required=\"required\" pattern=\"[0-9()#&amp;+*-=.]+\" title=\"Only numbers and phone characters (#, -, *, etc) are accepted.\">\n\n\t\t\t\t\t\t<\/div>\n\t\t\t\t\t\t\t\t<div class=\"elementor-field-type-textarea elementor-field-group elementor-column elementor-field-group-field_90ff407 elementor-col-100 elementor-field-required\">\n\t\t\t\t\t<textarea class=\"elementor-field-textual elementor-field  elementor-size-lg\" name=\"form_fields[field_90ff407]\" id=\"form-field-field_90ff407\" rows=\"4\" placeholder=\"Por que voc\u00ea gostaria de trabalhar conosco? *\" required=\"required\"><\/textarea>\t\t\t\t<\/div>\n\t\t\t\t\t\t\t\t<div class=\"elementor-field-type-upload elementor-field-group elementor-column elementor-field-group-file elementor-col-100 elementor-field-required\">\n\t\t\t\t\t\t\t<input type=\"file\" name=\"form_fields[file]\" id=\"form-field-file\" class=\"elementor-field elementor-size-lg  elementor-upload-field\" required=\"required\" data-maxsize=\"1\" data-maxsize-message=\"This file exceeds the maximum allowed size.\">\n\n\t\t\t\t\t\t<\/div>\n\t\t\t\t\t\t\t\t<div class=\"elementor-field-type-acceptance elementor-field-group elementor-column elementor-field-group-accept elementor-col-100 elementor-field-required\">\n\t\t\t\t\t\t\t<div class=\"elementor-field-subgroup\">\n\t\t\t<span class=\"elementor-field-option\">\n\t\t\t\t<input type=\"checkbox\" name=\"form_fields[accept]\" id=\"form-field-accept\" class=\"elementor-field elementor-size-lg  elementor-acceptance-field\" required=\"required\">\n\t\t\t\t<label for=\"form-field-accept\">Aceito a <a href=\"https:\/\/cerdafabrics.com\/pt-pt\/politica-de-privacidade\/\">pol\u00edtica de privacidade<\/a> deste s\u00edtio Web.<\/label>\t\t\t<\/span>\n\t\t<\/div>\n\t\t\t\t\t\t<\/div>\n\t\t\t\t\t\t\t\t<div class=\"elementor-field-group elementor-column elementor-field-type-submit elementor-col-100 e-form__buttons\">\n\t\t\t\t\t<button class=\"elementor-button elementor-size-lg elementor-animation-grow\" type=\"submit\">\n\t\t\t\t\t\t<span class=\"elementor-button-content-wrapper\">\n\t\t\t\t\t\t\t\t\t\t\t\t\t\t\t\t\t\t\t\t\t\t<span class=\"elementor-button-text\">Envia<\/span>\n\t\t\t\t\t\t\t\t\t\t\t\t\t<\/span>\n\t\t\t\t\t<\/button>\n\t\t\t\t<\/div>\n\t\t\t<\/div>\n\t\t<\/form>\n\t\t\t\t\t\t<\/div>\n\t\t\t\t<\/div>\n\t\t\t\t<\/div>\n\t\t\t\t<\/div>\n\t\t","protected":false},"excerpt":{"rendered":"<p>Trabalhe Conosco! A CERD\u00c1fabrics valoriza o talento como a chave do nosso sucesso. Convidamos profissionais de vendas, design, engenharia e t\u00eaxteis que compartilhem nossa paix\u00e3o por qualidade e inova\u00e7\u00e3o. Se voc\u00ea \u00e9 motivado e criativo, envie-nos seu curr\u00edculo\u2014ficaremos felizes em saber mais sobre voc\u00ea! Por que se juntar \u00e0 CERD\u00c1fabrics? Junte-se \u00e0 nossa equipe para [&hellip;]<\/p>\n","protected":false},"author":1,"featured_media":0,"parent":0,"menu_order":0,"comment_status":"closed","ping_status":"closed","template":"","meta":{"footnotes":""},"class_list":["post-3794","page","type-page","status-publish","hentry"],"yoast_head":"<!-- This site is optimized with the Yoast SEO plugin v25.6 - https:\/\/yoast.com\/wordpress\/plugins\/seo\/ -->\n<title>Trabalhe Conosco  - Cerda Fabrics<\/title>\n<meta name=\"robots\" content=\"index, follow, max-snippet:-1, max-image-preview:large, max-video-preview:-1\" \/>\n<link rel=\"canonical\" href=\"https:\/\/cerdafabrics.com\/work-with-us\/\" \/>\n<meta property=\"og:locale\" content=\"pt_PT\" \/>\n<meta property=\"og:type\" content=\"article\" \/>\n<meta property=\"og:title\" content=\"Trabalhe Conosco  - Cerda Fabrics\" \/>\n<meta property=\"og:description\" content=\"Trabalhe Conosco! A CERD\u00c1fabrics valoriza o talento como a chave do nosso sucesso. Convidamos profissionais de vendas, design, engenharia e t\u00eaxteis que compartilhem nossa paix\u00e3o por qualidade e inova\u00e7\u00e3o. Se voc\u00ea \u00e9 motivado e criativo, envie-nos seu curr\u00edculo\u2014ficaremos felizes em saber mais sobre voc\u00ea! Por que se juntar \u00e0 CERD\u00c1fabrics? Junte-se \u00e0 nossa equipe para [&hellip;]\" \/>\n<meta property=\"og:url\" content=\"https:\/\/cerdafabrics.com\/work-with-us\/\" \/>\n<meta property=\"og:site_name\" content=\"Cerda Fabrics\" \/>\n<meta property=\"article:modified_time\" content=\"2025-06-12T10:45:42+00:00\" \/>\n<meta property=\"og:image\" content=\"https:\/\/cerdafabrics.com\/wp-content\/uploads\/2025\/02\/WORK.webp\" \/>\n\t<meta property=\"og:image:width\" content=\"1200\" \/>\n\t<meta property=\"og:image:height\" content=\"731\" \/>\n\t<meta property=\"og:image:type\" content=\"image\/webp\" \/>\n<meta name=\"twitter:card\" content=\"summary_large_image\" \/>\n<meta name=\"twitter:label1\" content=\"Tempo estimado de leitura\" \/>\n\t<meta name=\"twitter:data1\" content=\"1 minuto\" \/>\n<script type=\"application\/ld+json\" class=\"yoast-schema-graph\">{\"@context\":\"https:\/\/schema.org\",\"@graph\":[{\"@type\":\"WebPage\",\"@id\":\"https:\/\/cerdafabrics.com\/work-with-us\/\",\"url\":\"https:\/\/cerdafabrics.com\/work-with-us\/\",\"name\":\"Trabalhe Conosco - Cerda Fabrics\",\"isPartOf\":{\"@id\":\"https:\/\/cerdafabrics.com\/#website\"},\"primaryImageOfPage\":{\"@id\":\"https:\/\/cerdafabrics.com\/work-with-us\/#primaryimage\"},\"image\":{\"@id\":\"https:\/\/cerdafabrics.com\/work-with-us\/#primaryimage\"},\"thumbnailUrl\":\"https:\/\/cerdafabrics.com\/wp-content\/uploads\/2025\/02\/WORK.webp\",\"datePublished\":\"2024-10-28T12:17:27+00:00\",\"dateModified\":\"2025-06-12T10:45:42+00:00\",\"breadcrumb\":{\"@id\":\"https:\/\/cerdafabrics.com\/work-with-us\/#breadcrumb\"},\"inLanguage\":\"pt-PT\",\"potentialAction\":[{\"@type\":\"ReadAction\",\"target\":[\"https:\/\/cerdafabrics.com\/work-with-us\/\"]}]},{\"@type\":\"ImageObject\",\"inLanguage\":\"pt-PT\",\"@id\":\"https:\/\/cerdafabrics.com\/work-with-us\/#primaryimage\",\"url\":\"https:\/\/cerdafabrics.com\/wp-content\/uploads\/2025\/02\/WORK.webp\",\"contentUrl\":\"https:\/\/cerdafabrics.com\/wp-content\/uploads\/2025\/02\/WORK.webp\"},{\"@type\":\"BreadcrumbList\",\"@id\":\"https:\/\/cerdafabrics.com\/work-with-us\/#breadcrumb\",\"itemListElement\":[{\"@type\":\"ListItem\",\"position\":1,\"name\":\"Home\",\"item\":\"https:\/\/cerdafabrics.com\/\"},{\"@type\":\"ListItem\",\"position\":2,\"name\":\"Trabalhe Conosco\"}]},{\"@type\":\"WebSite\",\"@id\":\"https:\/\/cerdafabrics.com\/#website\",\"url\":\"https:\/\/cerdafabrics.com\/\",\"name\":\"Cerda Fabrics\",\"description\":\"Performance fabrics that inspire, quality that endures\",\"publisher\":{\"@id\":\"https:\/\/cerdafabrics.com\/#organization\"},\"potentialAction\":[{\"@type\":\"SearchAction\",\"target\":{\"@type\":\"EntryPoint\",\"urlTemplate\":\"https:\/\/cerdafabrics.com\/?s={search_term_string}\"},\"query-input\":{\"@type\":\"PropertyValueSpecification\",\"valueRequired\":true,\"valueName\":\"search_term_string\"}}],\"inLanguage\":\"pt-PT\"},{\"@type\":\"Organization\",\"@id\":\"https:\/\/cerdafabrics.com\/#organization\",\"name\":\"Cerda Fabrics\",\"url\":\"https:\/\/cerdafabrics.com\/\",\"logo\":{\"@type\":\"ImageObject\",\"inLanguage\":\"pt-PT\",\"@id\":\"https:\/\/cerdafabrics.com\/#\/schema\/logo\/image\/\",\"url\":\"https:\/\/cerdafabrics.com\/wp-content\/uploads\/2024\/10\/Logo-cerdafabrics-scaled.webp\",\"contentUrl\":\"https:\/\/cerdafabrics.com\/wp-content\/uploads\/2024\/10\/Logo-cerdafabrics-scaled.webp\",\"width\":2560,\"height\":508,\"caption\":\"Cerda Fabrics\"},\"image\":{\"@id\":\"https:\/\/cerdafabrics.com\/#\/schema\/logo\/image\/\"}}]}<\/script>\n<!-- \/ Yoast SEO plugin. -->","yoast_head_json":{"title":"Trabalhe Conosco  - Cerda Fabrics","robots":{"index":"index","follow":"follow","max-snippet":"max-snippet:-1","max-image-preview":"max-image-preview:large","max-video-preview":"max-video-preview:-1"},"canonical":"https:\/\/cerdafabrics.com\/work-with-us\/","og_locale":"pt_PT","og_type":"article","og_title":"Trabalhe Conosco  - Cerda Fabrics","og_description":"Trabalhe Conosco! A CERD\u00c1fabrics valoriza o talento como a chave do nosso sucesso. Convidamos profissionais de vendas, design, engenharia e t\u00eaxteis que compartilhem nossa paix\u00e3o por qualidade e inova\u00e7\u00e3o. Se voc\u00ea \u00e9 motivado e criativo, envie-nos seu curr\u00edculo\u2014ficaremos felizes em saber mais sobre voc\u00ea! Por que se juntar \u00e0 CERD\u00c1fabrics? Junte-se \u00e0 nossa equipe para [&hellip;]","og_url":"https:\/\/cerdafabrics.com\/work-with-us\/","og_site_name":"Cerda Fabrics","article_modified_time":"2025-06-12T10:45:42+00:00","og_image":[{"width":1200,"height":731,"url":"https:\/\/cerdafabrics.com\/wp-content\/uploads\/2025\/02\/WORK.webp","type":"image\/webp"}],"twitter_card":"summary_large_image","twitter_misc":{"Tempo estimado de leitura":"1 minuto"},"schema":{"@context":"https:\/\/schema.org","@graph":[{"@type":"WebPage","@id":"https:\/\/cerdafabrics.com\/work-with-us\/","url":"https:\/\/cerdafabrics.com\/work-with-us\/","name":"Trabalhe Conosco - Cerda Fabrics","isPartOf":{"@id":"https:\/\/cerdafabrics.com\/#website"},"primaryImageOfPage":{"@id":"https:\/\/cerdafabrics.com\/work-with-us\/#primaryimage"},"image":{"@id":"https:\/\/cerdafabrics.com\/work-with-us\/#primaryimage"},"thumbnailUrl":"https:\/\/cerdafabrics.com\/wp-content\/uploads\/2025\/02\/WORK.webp","datePublished":"2024-10-28T12:17:27+00:00","dateModified":"2025-06-12T10:45:42+00:00","breadcrumb":{"@id":"https:\/\/cerdafabrics.com\/work-with-us\/#breadcrumb"},"inLanguage":"pt-PT","potentialAction":[{"@type":"ReadAction","target":["https:\/\/cerdafabrics.com\/work-with-us\/"]}]},{"@type":"ImageObject","inLanguage":"pt-PT","@id":"https:\/\/cerdafabrics.com\/work-with-us\/#primaryimage","url":"https:\/\/cerdafabrics.com\/wp-content\/uploads\/2025\/02\/WORK.webp","contentUrl":"https:\/\/cerdafabrics.com\/wp-content\/uploads\/2025\/02\/WORK.webp"},{"@type":"BreadcrumbList","@id":"https:\/\/cerdafabrics.com\/work-with-us\/#breadcrumb","itemListElement":[{"@type":"ListItem","position":1,"name":"Home","item":"https:\/\/cerdafabrics.com\/"},{"@type":"ListItem","position":2,"name":"Trabalhe Conosco"}]},{"@type":"WebSite","@id":"https:\/\/cerdafabrics.com\/#website","url":"https:\/\/cerdafabrics.com\/","name":"Cerda Fabrics","description":"Performance fabrics that inspire, quality that endures","publisher":{"@id":"https:\/\/cerdafabrics.com\/#organization"},"potentialAction":[{"@type":"SearchAction","target":{"@type":"EntryPoint","urlTemplate":"https:\/\/cerdafabrics.com\/?s={search_term_string}"},"query-input":{"@type":"PropertyValueSpecification","valueRequired":true,"valueName":"search_term_string"}}],"inLanguage":"pt-PT"},{"@type":"Organization","@id":"https:\/\/cerdafabrics.com\/#organization","name":"Cerda Fabrics","url":"https:\/\/cerdafabrics.com\/","logo":{"@type":"ImageObject","inLanguage":"pt-PT","@id":"https:\/\/cerdafabrics.com\/#\/schema\/logo\/image\/","url":"https:\/\/cerdafabrics.com\/wp-content\/uploads\/2024\/10\/Logo-cerdafabrics-scaled.webp","contentUrl":"https:\/\/cerdafabrics.com\/wp-content\/uploads\/2024\/10\/Logo-cerdafabrics-scaled.webp","width":2560,"height":508,"caption":"Cerda Fabrics"},"image":{"@id":"https:\/\/cerdafabrics.com\/#\/schema\/logo\/image\/"}}]}},"_links":{"self":[{"href":"https:\/\/cerdafabrics.com\/pt-pt\/wp-json\/wp\/v2\/pages\/3794","targetHints":{"allow":["GET"]}}],"collection":[{"href":"https:\/\/cerdafabrics.com\/pt-pt\/wp-json\/wp\/v2\/pages"}],"about":[{"href":"https:\/\/cerdafabrics.com\/pt-pt\/wp-json\/wp\/v2\/types\/page"}],"author":[{"embeddable":true,"href":"https:\/\/cerdafabrics.com\/pt-pt\/wp-json\/wp\/v2\/users\/1"}],"replies":[{"embeddable":true,"href":"https:\/\/cerdafabrics.com\/pt-pt\/wp-json\/wp\/v2\/comments?post=3794"}],"version-history":[{"count":6,"href":"https:\/\/cerdafabrics.com\/pt-pt\/wp-json\/wp\/v2\/pages\/3794\/revisions"}],"predecessor-version":[{"id":5830,"href":"https:\/\/cerdafabrics.com\/pt-pt\/wp-json\/wp\/v2\/pages\/3794\/revisions\/5830"}],"wp:attachment":[{"href":"https:\/\/cerdafabrics.com\/pt-pt\/wp-json\/wp\/v2\/media?parent=3794"}],"curies":[{"name":"wp","href":"https:\/\/api.w.org\/{rel}","templated":true}]}}