{"id":4757,"date":"2025-03-10T16:24:35","date_gmt":"2025-03-10T15:24:35","guid":{"rendered":"https:\/\/cerdafabrics.com\/cerdalina\/"},"modified":"2025-03-10T16:28:59","modified_gmt":"2025-03-10T15:28:59","slug":"cerdalina","status":"publish","type":"page","link":"https:\/\/cerdafabrics.com\/pt-pt\/cerdalina\/","title":{"rendered":"Cerdalina"},"content":{"rendered":"\t\t<div data-elementor-type=\"wp-page\" data-elementor-id=\"4757\" class=\"elementor elementor-4757 elementor-4725\" data-elementor-post-type=\"page\">\n\t\t\t\t<div class=\"elementor-element elementor-element-a077521 e-con-full e-flex elementor-invisible e-con e-parent\" data-id=\"a077521\" data-element_type=\"container\" data-settings=\"{&quot;background_background&quot;:&quot;classic&quot;,&quot;animation&quot;:&quot;fadeIn&quot;}\">\n\t\t\t\t<div class=\"elementor-element elementor-element-168410a elementor-widget__width-initial elementor-widget elementor-widget-heading\" data-id=\"168410a\" data-element_type=\"widget\" data-widget_type=\"heading.default\">\n\t\t\t\t<div class=\"elementor-widget-container\">\n\t\t\t\t\t<h1 class=\"elementor-heading-title elementor-size-default\"><!-- x-tinymce\/html -->Cerdaline\u00ae<\/h1>\t\t\t\t<\/div>\n\t\t\t\t<\/div>\n\t\t\t\t<\/div>\n\t\t<div class=\"elementor-element elementor-element-6ecf30f e-con-full e-flex e-con e-parent\" data-id=\"6ecf30f\" data-element_type=\"container\" data-settings=\"{&quot;background_background&quot;:&quot;classic&quot;}\">\n\t\t<div class=\"elementor-element elementor-element-78c6ffc e-con-full e-flex e-con e-child\" data-id=\"78c6ffc\" data-element_type=\"container\">\n\t\t\t\t<div class=\"elementor-element elementor-element-8511652 elementor-invisible elementor-widget elementor-widget-heading\" data-id=\"8511652\" data-element_type=\"widget\" data-settings=\"{&quot;_animation&quot;:&quot;fadeIn&quot;}\" data-widget_type=\"heading.default\">\n\t\t\t\t<div class=\"elementor-widget-container\">\n\t\t\t\t\t<h2 class=\"elementor-heading-title elementor-size-default\">Desempenho ao ar livre, com um toque de linho<\/h2>\t\t\t\t<\/div>\n\t\t\t\t<\/div>\n\t\t\t\t<div class=\"elementor-element elementor-element-08a95de elementor-invisible elementor-widget elementor-widget-text-editor\" data-id=\"08a95de\" data-element_type=\"widget\" data-settings=\"{&quot;_animation&quot;:&quot;fadeIn&quot;,&quot;_animation_delay&quot;:0}\" data-widget_type=\"text-editor.default\">\n\t\t\t\t<div class=\"elementor-widget-container\">\n\t\t\t\t\t\t\t\t\t<p class=\"p1\">Cerdaline \u00e9 o nosso tecido de exterior refinado, concebido para trazer a <span class=\"s1\">beleza intemporal do linho<\/span> para aplica\u00e7\u00f5es exteriores sem comprometer a durabilidade. Fabricado com <span class=\"s1\">90% de acr\u00edlico tingido com fibra e 10% de linho<\/span>, o Cerdaline oferece uma <span class=\"s1\">textura suave e respir\u00e1vel<\/span> \u00fanica, garantindo o m\u00e1ximo conforto e mantendo os padr\u00f5es de alto desempenho. <\/p>\n<p class=\"p1\">O seu aspeto de inspira\u00e7\u00e3o natural e o seu <span class=\"s1\">acabamento elegante<\/span> fazem dela a escolha perfeita para <span class=\"s1\">mobili\u00e1rio de exterior de qualidade superior, almofadas e pormenores decorativos<\/span>, acrescentando um toque de sofistica\u00e7\u00e3o a qualquer ambiente. Combinando <span class=\"s1\">apelo est\u00e9tico com resist\u00eancia ao ar livre<\/span>, Cerdaline redefine o luxo para espa\u00e7os ao ar livre. <\/p>\n\t\t\t\t\t\t\t\t<\/div>\n\t\t\t\t<\/div>\n\t\t\t\t<\/div>\n\t\t<div class=\"elementor-element elementor-element-60a309d e-con-full elementor-hidden-tablet e-flex e-con e-child\" data-id=\"60a309d\" data-element_type=\"container\" data-settings=\"{&quot;background_background&quot;:&quot;classic&quot;}\">\n\t\t\t\t<div class=\"elementor-element elementor-element-5939846 elementor-invisible elementor-widget elementor-widget-image\" data-id=\"5939846\" data-element_type=\"widget\" data-settings=\"{&quot;_animation&quot;:&quot;fadeIn&quot;}\" data-widget_type=\"image.default\">\n\t\t\t\t<div class=\"elementor-widget-container\">\n\t\t\t\t\t\t\t\t\t\t\t\t\t\t\t<img fetchpriority=\"high\" decoding=\"async\" width=\"1200\" height=\"800\" src=\"https:\/\/cerdafabrics.com\/wp-content\/uploads\/2025\/02\/COMPOSICION-COLORES-CERDALINES.webp\" class=\"elementor-animation-grow attachment-full size-full wp-image-3962\" alt=\"\" srcset=\"https:\/\/cerdafabrics.com\/wp-content\/uploads\/2025\/02\/COMPOSICION-COLORES-CERDALINES.webp 1200w, https:\/\/cerdafabrics.com\/wp-content\/uploads\/2025\/02\/COMPOSICION-COLORES-CERDALINES-300x200.webp 300w, https:\/\/cerdafabrics.com\/wp-content\/uploads\/2025\/02\/COMPOSICION-COLORES-CERDALINES-1024x683.webp 1024w, https:\/\/cerdafabrics.com\/wp-content\/uploads\/2025\/02\/COMPOSICION-COLORES-CERDALINES-768x512.webp 768w\" sizes=\"(max-width: 1200px) 100vw, 1200px\" \/>\t\t\t\t\t\t\t\t\t\t\t\t\t\t\t<\/div>\n\t\t\t\t<\/div>\n\t\t\t\t<\/div>\n\t\t\t\t<\/div>\n\t\t<div class=\"elementor-element elementor-element-44d74d2 e-con-full e-flex e-con e-parent\" data-id=\"44d74d2\" data-element_type=\"container\" data-settings=\"{&quot;background_background&quot;:&quot;classic&quot;}\">\n\t\t<div class=\"elementor-element elementor-element-02e2018 e-flex e-con-boxed elementor-invisible e-con e-child\" data-id=\"02e2018\" data-element_type=\"container\" data-settings=\"{&quot;animation&quot;:&quot;fadeIn&quot;}\">\n\t\t\t\t\t<div class=\"e-con-inner\">\n\t\t\t\t<div class=\"elementor-element elementor-element-b52b75e elementor-widget elementor-widget-heading\" data-id=\"b52b75e\" data-element_type=\"widget\" data-settings=\"{&quot;_animation&quot;:&quot;none&quot;}\" data-widget_type=\"heading.default\">\n\t\t\t\t<div class=\"elementor-widget-container\">\n\t\t\t\t\t<h2 class=\"elementor-heading-title elementor-size-default\"><p>Tecido de linho macio, concebido para o ar livre.<span style=\"color: var( --e-global-color-primary );font-size: 3.1vw;letter-spacing: -0.28px\"><\/span><\/p><\/h2>\t\t\t\t<\/div>\n\t\t\t\t<\/div>\n\t\t\t\t<div class=\"elementor-element elementor-element-27be832 elementor-invisible elementor-widget elementor-widget-text-editor\" data-id=\"27be832\" data-element_type=\"widget\" data-settings=\"{&quot;_animation&quot;:&quot;fadeIn&quot;,&quot;_animation_delay&quot;:0}\" data-widget_type=\"text-editor.default\">\n\t\t\t\t<div class=\"elementor-widget-container\">\n\t\t\t\t\t\t\t\t\t<p class=\"p1\">Experimenta o equil\u00edbrio perfeito entre <span class=\"s1\">a eleg\u00e2ncia natural e o desempenho no exterior<\/span> com o <span class=\"s1\">Cerdaline<\/span>. Este tecido de qualidade superior traz o aspeto requintado e o <span class=\"s1\">toque suave e natural do linho<\/span> para os espa\u00e7os exteriores, mantendo a durabilidade necess\u00e1ria para aplica\u00e7\u00f5es exteriores. <\/p>\n\t\t\t\t\t\t\t\t<\/div>\n\t\t\t\t<\/div>\n\t\t\t\t\t<\/div>\n\t\t\t\t<\/div>\n\t\t\t\t<\/div>\n\t\t<div class=\"elementor-element elementor-element-6cf4619 e-flex e-con-boxed e-con e-parent\" data-id=\"6cf4619\" data-element_type=\"container\">\n\t\t\t\t\t<div class=\"e-con-inner\">\n\t\t<div class=\"elementor-element elementor-element-ad65e0a e-con-full e-flex e-con e-child\" data-id=\"ad65e0a\" data-element_type=\"container\">\n\t\t\t\t<div class=\"elementor-element elementor-element-da96686 elementor-widget elementor-widget-image\" data-id=\"da96686\" data-element_type=\"widget\" data-widget_type=\"image.default\">\n\t\t\t\t<div class=\"elementor-widget-container\">\n\t\t\t\t\t\t\t\t\t\t\t\t\t\t\t<img decoding=\"async\" width=\"800\" height=\"534\" src=\"https:\/\/cerdafabrics.com\/wp-content\/uploads\/2025\/03\/shutterstock_2011285052-1024x683.webp\" class=\"elementor-animation-grow attachment-large size-large wp-image-4743\" alt=\"\" srcset=\"https:\/\/cerdafabrics.com\/wp-content\/uploads\/2025\/03\/shutterstock_2011285052-1024x683.webp 1024w, https:\/\/cerdafabrics.com\/wp-content\/uploads\/2025\/03\/shutterstock_2011285052-300x200.webp 300w, https:\/\/cerdafabrics.com\/wp-content\/uploads\/2025\/03\/shutterstock_2011285052-768x512.webp 768w, https:\/\/cerdafabrics.com\/wp-content\/uploads\/2025\/03\/shutterstock_2011285052.webp 1200w\" sizes=\"(max-width: 800px) 100vw, 800px\" \/>\t\t\t\t\t\t\t\t\t\t\t\t\t\t\t<\/div>\n\t\t\t\t<\/div>\n\t\t\t\t<div class=\"elementor-element elementor-element-ecef6af elementor-widget elementor-widget-heading\" data-id=\"ecef6af\" data-element_type=\"widget\" data-settings=\"{&quot;_animation&quot;:&quot;none&quot;}\" data-widget_type=\"heading.default\">\n\t\t\t\t<div class=\"elementor-widget-container\">\n\t\t\t\t\t<h2 class=\"elementor-heading-title elementor-size-default\">Estofos para exteriores<\/h2>\t\t\t\t<\/div>\n\t\t\t\t<\/div>\n\t\t\t\t<\/div>\n\t\t<div class=\"elementor-element elementor-element-08b1719 e-con-full e-flex e-con e-child\" data-id=\"08b1719\" data-element_type=\"container\">\n\t\t\t\t<div class=\"elementor-element elementor-element-e5eb67a elementor-widget elementor-widget-image\" data-id=\"e5eb67a\" data-element_type=\"widget\" data-widget_type=\"image.default\">\n\t\t\t\t<div class=\"elementor-widget-container\">\n\t\t\t\t\t\t\t\t\t\t\t\t\t\t\t<img decoding=\"async\" src=\"https:\/\/cerdafabrics.com\/wp-content\/uploads\/elementor\/thumbs\/shutterstock_2014789307-r2ns8mjwcqhwfgyw4ei25b56jt2nw6but1egrvllj4.webp\" title=\"shutterstock_2014789307\" alt=\"shutterstock_2014789307\" class=\"elementor-animation-grow\" loading=\"lazy\" \/>\t\t\t\t\t\t\t\t\t\t\t\t\t\t\t<\/div>\n\t\t\t\t<\/div>\n\t\t\t\t<div class=\"elementor-element elementor-element-9042475 elementor-widget elementor-widget-heading\" data-id=\"9042475\" data-element_type=\"widget\" data-settings=\"{&quot;_animation&quot;:&quot;none&quot;}\" data-widget_type=\"heading.default\">\n\t\t\t\t<div class=\"elementor-widget-container\">\n\t\t\t\t\t<h2 class=\"elementor-heading-title elementor-size-default\">Espregui\u00e7adeiras e almofadas<\/h2>\t\t\t\t<\/div>\n\t\t\t\t<\/div>\n\t\t\t\t<\/div>\n\t\t\t\t\t<\/div>\n\t\t\t\t<\/div>\n\t\t<div class=\"elementor-element elementor-element-72955a4 e-flex e-con-boxed e-con e-parent\" data-id=\"72955a4\" data-element_type=\"container\">\n\t\t\t\t\t<div class=\"e-con-inner\">\n\t\t\t\t<div class=\"elementor-element elementor-element-35104b5 elementor-arrows-position-inside elementor-pagination-position-outside elementor-widget elementor-widget-image-carousel\" data-id=\"35104b5\" data-element_type=\"widget\" data-settings=\"{&quot;navigation&quot;:&quot;both&quot;,&quot;autoplay&quot;:&quot;yes&quot;,&quot;pause_on_hover&quot;:&quot;yes&quot;,&quot;pause_on_interaction&quot;:&quot;yes&quot;,&quot;autoplay_speed&quot;:5000,&quot;infinite&quot;:&quot;yes&quot;,&quot;speed&quot;:500}\" data-widget_type=\"image-carousel.default\">\n\t\t\t\t<div class=\"elementor-widget-container\">\n\t\t\t\t\t\t\t<div class=\"elementor-image-carousel-wrapper swiper\" role=\"region\" aria-roledescription=\"carousel\" aria-label=\"Image Carousel\" dir=\"ltr\">\n\t\t\t<div class=\"elementor-image-carousel swiper-wrapper\" aria-live=\"off\">\n\t\t\t\t\t\t\t\t<div class=\"swiper-slide\" role=\"group\" aria-roledescription=\"slide\" aria-label=\"1 of 3\"><figure class=\"swiper-slide-inner\"><img decoding=\"async\" class=\"swiper-slide-image\" src=\"https:\/\/cerdafabrics.com\/wp-content\/uploads\/2025\/02\/CERDALINES-ESCALERA-1024x683.webp\" alt=\"CERDALINES ESCALERA\" \/><\/figure><\/div><div class=\"swiper-slide\" role=\"group\" aria-roledescription=\"slide\" aria-label=\"2 of 3\"><figure class=\"swiper-slide-inner\"><img decoding=\"async\" class=\"swiper-slide-image\" src=\"https:\/\/cerdafabrics.com\/wp-content\/uploads\/2025\/02\/CERDALINES-1024x683.webp\" alt=\"CERDALINES\" \/><\/figure><\/div><div class=\"swiper-slide\" role=\"group\" aria-roledescription=\"slide\" aria-label=\"3 of 3\"><figure class=\"swiper-slide-inner\"><img decoding=\"async\" class=\"swiper-slide-image\" src=\"https:\/\/cerdafabrics.com\/wp-content\/uploads\/2025\/02\/COMPOSICION-COLORES-CERDALINES-1024x683.webp\" alt=\"COMPOSICIO\u0301N COLORES CERDALINES\" \/><\/figure><\/div>\t\t\t<\/div>\n\t\t\t\t\t\t\t\t\t\t\t\t<div class=\"elementor-swiper-button elementor-swiper-button-prev\" role=\"button\" tabindex=\"0\">\n\t\t\t\t\t\t<svg aria-hidden=\"true\" class=\"e-font-icon-svg e-eicon-chevron-left\" viewBox=\"0 0 1000 1000\" xmlns=\"http:\/\/www.w3.org\/2000\/svg\"><path d=\"M646 125C629 125 613 133 604 142L308 442C296 454 292 471 292 487 292 504 296 521 308 533L604 854C617 867 629 875 646 875 663 875 679 871 692 858 704 846 713 829 713 812 713 796 708 779 692 767L438 487 692 225C700 217 708 204 708 187 708 171 704 154 692 142 675 129 663 125 646 125Z\"><\/path><\/svg>\t\t\t\t\t<\/div>\n\t\t\t\t\t<div class=\"elementor-swiper-button elementor-swiper-button-next\" role=\"button\" tabindex=\"0\">\n\t\t\t\t\t\t<svg aria-hidden=\"true\" class=\"e-font-icon-svg e-eicon-chevron-right\" viewBox=\"0 0 1000 1000\" xmlns=\"http:\/\/www.w3.org\/2000\/svg\"><path d=\"M696 533C708 521 713 504 713 487 713 471 708 454 696 446L400 146C388 133 375 125 354 125 338 125 325 129 313 142 300 154 292 171 292 187 292 204 296 221 308 233L563 492 304 771C292 783 288 800 288 817 288 833 296 850 308 863 321 871 338 875 354 875 371 875 388 867 400 854L696 533Z\"><\/path><\/svg>\t\t\t\t\t<\/div>\n\t\t\t\t\n\t\t\t\t\t\t\t\t\t<div class=\"swiper-pagination\"><\/div>\n\t\t\t\t\t\t\t\t\t<\/div>\n\t\t\t\t\t\t<\/div>\n\t\t\t\t<\/div>\n\t\t\t\t\t<\/div>\n\t\t\t\t<\/div>\n\t\t\t\t<\/div>\n\t\t","protected":false},"excerpt":{"rendered":"<p>Cerdaline\u00ae Desempenho ao ar livre, com um toque de linho Cerdaline \u00e9 o nosso tecido de exterior refinado, concebido para trazer a beleza intemporal do linho para aplica\u00e7\u00f5es exteriores sem comprometer a durabilidade. Fabricado com 90% de acr\u00edlico tingido com fibra e 10% de linho, o Cerdaline oferece uma textura suave e respir\u00e1vel \u00fanica, garantindo [&hellip;]<\/p>\n","protected":false},"author":6,"featured_media":0,"parent":0,"menu_order":0,"comment_status":"closed","ping_status":"closed","template":"","meta":{"footnotes":""},"class_list":["post-4757","page","type-page","status-publish","hentry"],"yoast_head":"<!-- This site is optimized with the Yoast SEO plugin v25.6 - https:\/\/yoast.com\/wordpress\/plugins\/seo\/ -->\n<title>Cerdalina - Cerda Fabrics<\/title>\n<meta name=\"robots\" content=\"index, follow, max-snippet:-1, max-image-preview:large, max-video-preview:-1\" \/>\n<link rel=\"canonical\" href=\"https:\/\/cerdafabrics.com\/cerdaline\/\" \/>\n<meta property=\"og:locale\" content=\"pt_PT\" \/>\n<meta property=\"og:type\" content=\"article\" \/>\n<meta property=\"og:title\" content=\"Cerdalina - Cerda Fabrics\" \/>\n<meta property=\"og:description\" content=\"Cerdaline\u00ae Desempenho ao ar livre, com um toque de linho Cerdaline \u00e9 o nosso tecido de exterior refinado, concebido para trazer a beleza intemporal do linho para aplica\u00e7\u00f5es exteriores sem comprometer a durabilidade. Fabricado com 90% de acr\u00edlico tingido com fibra e 10% de linho, o Cerdaline oferece uma textura suave e respir\u00e1vel \u00fanica, garantindo [&hellip;]\" \/>\n<meta property=\"og:url\" content=\"https:\/\/cerdafabrics.com\/cerdaline\/\" \/>\n<meta property=\"og:site_name\" content=\"Cerda Fabrics\" \/>\n<meta property=\"article:modified_time\" content=\"2025-03-10T15:28:59+00:00\" \/>\n<meta property=\"og:image\" content=\"https:\/\/cerdafabrics.com\/wp-content\/uploads\/2025\/02\/COMPOSICION-COLORES-CERDALINES.webp\" \/>\n\t<meta property=\"og:image:width\" content=\"1200\" \/>\n\t<meta property=\"og:image:height\" content=\"800\" \/>\n\t<meta property=\"og:image:type\" content=\"image\/webp\" \/>\n<meta name=\"twitter:card\" content=\"summary_large_image\" \/>\n<meta name=\"twitter:label1\" content=\"Tempo estimado de leitura\" \/>\n\t<meta name=\"twitter:data1\" content=\"4 minutos\" \/>\n<script type=\"application\/ld+json\" class=\"yoast-schema-graph\">{\"@context\":\"https:\/\/schema.org\",\"@graph\":[{\"@type\":\"WebPage\",\"@id\":\"https:\/\/cerdafabrics.com\/cerdaline\/\",\"url\":\"https:\/\/cerdafabrics.com\/cerdaline\/\",\"name\":\"Cerdalina - Cerda Fabrics\",\"isPartOf\":{\"@id\":\"https:\/\/cerdafabrics.com\/#website\"},\"primaryImageOfPage\":{\"@id\":\"https:\/\/cerdafabrics.com\/cerdaline\/#primaryimage\"},\"image\":{\"@id\":\"https:\/\/cerdafabrics.com\/cerdaline\/#primaryimage\"},\"thumbnailUrl\":\"https:\/\/cerdafabrics.com\/wp-content\/uploads\/2025\/02\/COMPOSICION-COLORES-CERDALINES.webp\",\"datePublished\":\"2025-03-10T15:24:35+00:00\",\"dateModified\":\"2025-03-10T15:28:59+00:00\",\"breadcrumb\":{\"@id\":\"https:\/\/cerdafabrics.com\/cerdaline\/#breadcrumb\"},\"inLanguage\":\"pt-PT\",\"potentialAction\":[{\"@type\":\"ReadAction\",\"target\":[\"https:\/\/cerdafabrics.com\/cerdaline\/\"]}]},{\"@type\":\"ImageObject\",\"inLanguage\":\"pt-PT\",\"@id\":\"https:\/\/cerdafabrics.com\/cerdaline\/#primaryimage\",\"url\":\"https:\/\/cerdafabrics.com\/wp-content\/uploads\/2025\/02\/COMPOSICION-COLORES-CERDALINES.webp\",\"contentUrl\":\"https:\/\/cerdafabrics.com\/wp-content\/uploads\/2025\/02\/COMPOSICION-COLORES-CERDALINES.webp\"},{\"@type\":\"BreadcrumbList\",\"@id\":\"https:\/\/cerdafabrics.com\/cerdaline\/#breadcrumb\",\"itemListElement\":[{\"@type\":\"ListItem\",\"position\":1,\"name\":\"Home\",\"item\":\"https:\/\/cerdafabrics.com\/\"},{\"@type\":\"ListItem\",\"position\":2,\"name\":\"Cerdalina\"}]},{\"@type\":\"WebSite\",\"@id\":\"https:\/\/cerdafabrics.com\/#website\",\"url\":\"https:\/\/cerdafabrics.com\/\",\"name\":\"Cerda Fabrics\",\"description\":\"Performance fabrics that inspire, quality that endures\",\"publisher\":{\"@id\":\"https:\/\/cerdafabrics.com\/#organization\"},\"potentialAction\":[{\"@type\":\"SearchAction\",\"target\":{\"@type\":\"EntryPoint\",\"urlTemplate\":\"https:\/\/cerdafabrics.com\/?s={search_term_string}\"},\"query-input\":{\"@type\":\"PropertyValueSpecification\",\"valueRequired\":true,\"valueName\":\"search_term_string\"}}],\"inLanguage\":\"pt-PT\"},{\"@type\":\"Organization\",\"@id\":\"https:\/\/cerdafabrics.com\/#organization\",\"name\":\"Cerda Fabrics\",\"url\":\"https:\/\/cerdafabrics.com\/\",\"logo\":{\"@type\":\"ImageObject\",\"inLanguage\":\"pt-PT\",\"@id\":\"https:\/\/cerdafabrics.com\/#\/schema\/logo\/image\/\",\"url\":\"https:\/\/cerdafabrics.com\/wp-content\/uploads\/2024\/10\/Logo-cerdafabrics-scaled.webp\",\"contentUrl\":\"https:\/\/cerdafabrics.com\/wp-content\/uploads\/2024\/10\/Logo-cerdafabrics-scaled.webp\",\"width\":2560,\"height\":508,\"caption\":\"Cerda Fabrics\"},\"image\":{\"@id\":\"https:\/\/cerdafabrics.com\/#\/schema\/logo\/image\/\"}}]}<\/script>\n<!-- \/ Yoast SEO plugin. -->","yoast_head_json":{"title":"Cerdalina - Cerda Fabrics","robots":{"index":"index","follow":"follow","max-snippet":"max-snippet:-1","max-image-preview":"max-image-preview:large","max-video-preview":"max-video-preview:-1"},"canonical":"https:\/\/cerdafabrics.com\/cerdaline\/","og_locale":"pt_PT","og_type":"article","og_title":"Cerdalina - Cerda Fabrics","og_description":"Cerdaline\u00ae Desempenho ao ar livre, com um toque de linho Cerdaline \u00e9 o nosso tecido de exterior refinado, concebido para trazer a beleza intemporal do linho para aplica\u00e7\u00f5es exteriores sem comprometer a durabilidade. Fabricado com 90% de acr\u00edlico tingido com fibra e 10% de linho, o Cerdaline oferece uma textura suave e respir\u00e1vel \u00fanica, garantindo [&hellip;]","og_url":"https:\/\/cerdafabrics.com\/cerdaline\/","og_site_name":"Cerda Fabrics","article_modified_time":"2025-03-10T15:28:59+00:00","og_image":[{"width":1200,"height":800,"url":"https:\/\/cerdafabrics.com\/wp-content\/uploads\/2025\/02\/COMPOSICION-COLORES-CERDALINES.webp","type":"image\/webp"}],"twitter_card":"summary_large_image","twitter_misc":{"Tempo estimado de leitura":"4 minutos"},"schema":{"@context":"https:\/\/schema.org","@graph":[{"@type":"WebPage","@id":"https:\/\/cerdafabrics.com\/cerdaline\/","url":"https:\/\/cerdafabrics.com\/cerdaline\/","name":"Cerdalina - Cerda Fabrics","isPartOf":{"@id":"https:\/\/cerdafabrics.com\/#website"},"primaryImageOfPage":{"@id":"https:\/\/cerdafabrics.com\/cerdaline\/#primaryimage"},"image":{"@id":"https:\/\/cerdafabrics.com\/cerdaline\/#primaryimage"},"thumbnailUrl":"https:\/\/cerdafabrics.com\/wp-content\/uploads\/2025\/02\/COMPOSICION-COLORES-CERDALINES.webp","datePublished":"2025-03-10T15:24:35+00:00","dateModified":"2025-03-10T15:28:59+00:00","breadcrumb":{"@id":"https:\/\/cerdafabrics.com\/cerdaline\/#breadcrumb"},"inLanguage":"pt-PT","potentialAction":[{"@type":"ReadAction","target":["https:\/\/cerdafabrics.com\/cerdaline\/"]}]},{"@type":"ImageObject","inLanguage":"pt-PT","@id":"https:\/\/cerdafabrics.com\/cerdaline\/#primaryimage","url":"https:\/\/cerdafabrics.com\/wp-content\/uploads\/2025\/02\/COMPOSICION-COLORES-CERDALINES.webp","contentUrl":"https:\/\/cerdafabrics.com\/wp-content\/uploads\/2025\/02\/COMPOSICION-COLORES-CERDALINES.webp"},{"@type":"BreadcrumbList","@id":"https:\/\/cerdafabrics.com\/cerdaline\/#breadcrumb","itemListElement":[{"@type":"ListItem","position":1,"name":"Home","item":"https:\/\/cerdafabrics.com\/"},{"@type":"ListItem","position":2,"name":"Cerdalina"}]},{"@type":"WebSite","@id":"https:\/\/cerdafabrics.com\/#website","url":"https:\/\/cerdafabrics.com\/","name":"Cerda Fabrics","description":"Performance fabrics that inspire, quality that endures","publisher":{"@id":"https:\/\/cerdafabrics.com\/#organization"},"potentialAction":[{"@type":"SearchAction","target":{"@type":"EntryPoint","urlTemplate":"https:\/\/cerdafabrics.com\/?s={search_term_string}"},"query-input":{"@type":"PropertyValueSpecification","valueRequired":true,"valueName":"search_term_string"}}],"inLanguage":"pt-PT"},{"@type":"Organization","@id":"https:\/\/cerdafabrics.com\/#organization","name":"Cerda Fabrics","url":"https:\/\/cerdafabrics.com\/","logo":{"@type":"ImageObject","inLanguage":"pt-PT","@id":"https:\/\/cerdafabrics.com\/#\/schema\/logo\/image\/","url":"https:\/\/cerdafabrics.com\/wp-content\/uploads\/2024\/10\/Logo-cerdafabrics-scaled.webp","contentUrl":"https:\/\/cerdafabrics.com\/wp-content\/uploads\/2024\/10\/Logo-cerdafabrics-scaled.webp","width":2560,"height":508,"caption":"Cerda Fabrics"},"image":{"@id":"https:\/\/cerdafabrics.com\/#\/schema\/logo\/image\/"}}]}},"_links":{"self":[{"href":"https:\/\/cerdafabrics.com\/pt-pt\/wp-json\/wp\/v2\/pages\/4757","targetHints":{"allow":["GET"]}}],"collection":[{"href":"https:\/\/cerdafabrics.com\/pt-pt\/wp-json\/wp\/v2\/pages"}],"about":[{"href":"https:\/\/cerdafabrics.com\/pt-pt\/wp-json\/wp\/v2\/types\/page"}],"author":[{"embeddable":true,"href":"https:\/\/cerdafabrics.com\/pt-pt\/wp-json\/wp\/v2\/users\/6"}],"replies":[{"embeddable":true,"href":"https:\/\/cerdafabrics.com\/pt-pt\/wp-json\/wp\/v2\/comments?post=4757"}],"version-history":[{"count":4,"href":"https:\/\/cerdafabrics.com\/pt-pt\/wp-json\/wp\/v2\/pages\/4757\/revisions"}],"predecessor-version":[{"id":4763,"href":"https:\/\/cerdafabrics.com\/pt-pt\/wp-json\/wp\/v2\/pages\/4757\/revisions\/4763"}],"wp:attachment":[{"href":"https:\/\/cerdafabrics.com\/pt-pt\/wp-json\/wp\/v2\/media?parent=4757"}],"curies":[{"name":"wp","href":"https:\/\/api.w.org\/{rel}","templated":true}]}}